{"id":7130,"date":"2023-03-14T21:44:08","date_gmt":"2023-03-14T20:44:08","guid":{"rendered":"https:\/\/store.shelterofmine.com\/datenschutzbestimmungen\/"},"modified":"2023-05-06T13:54:15","modified_gmt":"2023-05-06T11:54:15","slug":"datenschutzbestimmungen","status":"publish","type":"page","link":"https:\/\/store.shelterofmine.com\/de\/datenschutzbestimmungen\/","title":{"rendered":"Datenschutzbestimmungen"},"content":{"rendered":"\t\t<div data-elementor-type=\"wp-page\" data-elementor-id=\"7130\" class=\"elementor elementor-7130 elementor-3\">\n\t\t\t\t\t\t<section class=\"elementor-section elementor-top-section elementor-element elementor-element-0dc4c1d elementor-section-full_width elementor-section-height-min-height elementor-section-stretched elementor-section-height-default elementor-section-items-middle\" data-id=\"0dc4c1d\" data-element_type=\"section\" data-settings=\"{&quot;stretch_section&quot;:&quot;section-stretched&quot;,&quot;background_background&quot;:&quot;classic&quot;}\">\n\t\t\t\t\t\t<div class=\"elementor-container elementor-column-gap-default\">\n\t\t\t\t\t<div class=\"elementor-column elementor-col-100 elementor-top-column elementor-element elementor-element-870cc92\" data-id=\"870cc92\" data-element_type=\"column\">\n\t\t\t<div class=\"elementor-widget-wrap elementor-element-populated\">\n\t\t\t\t\t\t<section class=\"elementor-section elementor-inner-section elementor-element elementor-element-d9dd9f6 elementor-section-boxed elementor-section-height-default elementor-section-height-default\" data-id=\"d9dd9f6\" data-element_type=\"section\">\n\t\t\t\t\t\t<div class=\"elementor-container elementor-column-gap-default\">\n\t\t\t\t\t<div class=\"elementor-column elementor-col-50 elementor-inner-column elementor-element elementor-element-a9fd1c4\" data-id=\"a9fd1c4\" data-element_type=\"column\">\n\t\t\t<div class=\"elementor-widget-wrap elementor-element-populated\">\n\t\t\t\t\t\t<div class=\"elementor-element elementor-element-0d36503 elementor-widget elementor-widget-heading\" data-id=\"0d36503\" data-element_type=\"widget\" data-widget_type=\"heading.default\">\n\t\t\t\t<div class=\"elementor-widget-container\">\n\t\t\t\t\t<h2 class=\"elementor-heading-title elementor-size-default\">Datenschutzbestimmungen<\/h2>\t\t\t\t<\/div>\n\t\t\t\t<\/div>\n\t\t\t\t\t<\/div>\n\t\t<\/div>\n\t\t\t\t<div class=\"elementor-column elementor-col-50 elementor-inner-column elementor-element elementor-element-3a565b5\" data-id=\"3a565b5\" data-element_type=\"column\">\n\t\t\t<div class=\"elementor-widget-wrap\">\n\t\t\t\t\t\t\t<\/div>\n\t\t<\/div>\n\t\t\t\t\t<\/div>\n\t\t<\/section>\n\t\t\t\t\t<\/div>\n\t\t<\/div>\n\t\t\t\t\t<\/div>\n\t\t<\/section>\n\t\t\t\t<section class=\"elementor-section elementor-top-section elementor-element elementor-element-5637b39c elementor-section-boxed elementor-section-height-default elementor-section-height-default\" data-id=\"5637b39c\" data-element_type=\"section\">\n\t\t\t\t\t\t<div class=\"elementor-container elementor-column-gap-default\">\n\t\t\t\t\t<div class=\"elementor-column elementor-col-100 elementor-top-column elementor-element elementor-element-3b791162\" data-id=\"3b791162\" data-element_type=\"column\">\n\t\t\t<div class=\"elementor-widget-wrap elementor-element-populated\">\n\t\t\t\t\t\t<div class=\"elementor-element elementor-element-157768e9 elementor-widget elementor-widget-text-editor\" data-id=\"157768e9\" data-element_type=\"widget\" data-widget_type=\"text-editor.default\">\n\t\t\t\t<div class=\"elementor-widget-container\">\n\t\t\t\t\t\t\t\t\t<p>Mit der Nutzung des Shops erkl\u00e4ren Sie sich mit den folgenden Allgemeinen Gesch\u00e4ftsbedingungen einverstanden, die Sie bitte sorgf\u00e4ltig lesen. Wenn Sie die Allgemeinen Gesch\u00e4ftsbedingungen nicht akzeptieren, sollten Sie keine Eink\u00e4ufe t\u00e4tigen. Verlassen Sie einfach die Seite.<br \/>Die Allgemeinen Gesch\u00e4ftsbedingungen regeln die Bedingungen f\u00fcr den Einkauf, die Bezahlung und den Versand der im Shop erh\u00e4ltlichen Waren.<\/p>\n<h3><b>Definitionen im Allgemeinen<\/b><\/h3>\n<div>\n<ul>\n<li>Kunde: nat\u00fcrliche Person oder Firma mit einem aktiven Konto im Shop<\/li>\n<li>Kosten: alle Kosten, die dem K\u00e4ufer f\u00fcr die Ausf\u00fchrung des erteilten Auftrags entstehen<\/li>\n<li>Warenkorb: ein virtueller Ort, an dem Informationen \u00fcber die bestellten Waren gespeichert werden, insbesondere die Menge, der Wert, die Verpackung und die Versandkosten der Waren<\/li>\n<li>K\u00e4ufer: jeder Kunde, der den Kauf\/Verkauf von Waren t\u00e4tigt<\/li>\n<li>Best\u00e4tigung: Aktivit\u00e4t, die durchgef\u00fchrt wird, um die Echtheit der vom K\u00e4ufer aufgegebenen Bestellung zu best\u00e4tigen<\/li>\n<li>Rechnung: Auf Antrag des K\u00e4ufers stellen wir im Zusammenhang mit dem Kaufvorgang eine Quittung oder eine Mehrwertsteuerrechnung aus.<\/li>\n<li>Allgemeine Gesch\u00e4ftsbedingungen: diese Regeln f\u00fcr die Nutzung des Shops<\/li>\n<li>Registrierung: Einrichtung eines Kontos im Shop, bestehend aus der Speicherung der notwendigen Daten, die der Kunde bei der ersten Bestellung angibt<\/li>\n<li>Shop: die Website shop.shelterofmine.co.uk und die Datenbanken, die innerhalb dieser Website betrieben werden, sowie alle anderen damit verbundenen Websites, die mit dem durchgef\u00fchrten Transaktionsprozess verbunden sind<\/li>\n<li>Anbieter: Ambient Media House Sp. z o.o.<\/li>\n<li>Waren: alle vom Shop angebotenen Produkte oder Dienstleistungen<\/li>\n<li>Verifizierung: der Prozess zur Best\u00e4tigung der pers\u00f6nlichen Daten des Kunden<\/li>\n<li>Eigent\u00fcmer: Ambient Media House Sp. z o.o., ul. Trzebnicka 12, 55 &#8211; 095 Szczodre , NIP: 895 &#8211; 218 &#8211; 75 &#8211; 82<\/li>\n<li>Bestellung: elektronisch \u00fcbermittelte Informationen \u00fcber den Status des Warenkorbs, einschlie\u00dflich der Daten des K\u00e4ufers und des Versandortes der Waren<\/li>\n<li>PayU \/ PayPal: Internetdienste, die elektronische Zahlungen f\u00fcr im Shop aufgegebene Bestellungen abwickeln<\/li>\n<\/ul>\n<\/div>\n<div><b> <\/b><\/div>\n<h3 style=\"font-style: normal;\">Kundenregistrierung und Shopnutzung<\/h3>\n<div>\n<ol>\n<li>Um im Shop einkaufen zu k\u00f6nnen und Kunde des Shops zu werden, ist es notwendig, den Registrierungsprozess abzuschlie\u00dfen.<\/li>\n<li>Die bei der Registrierung angegebenen Personen- und Adressdaten werden einem Verifizierungsverfahren unterzogen. Um im Shop einkaufen zu k\u00f6nnen, m\u00fcssen die Daten vom Kunden best\u00e4tigt werden.<\/li>\n<li>Die Registrierung und das Einkaufen im Shop sind kostenlos.<\/li>\n<li>Durch die Nutzung des Shops erkl\u00e4rt sich der Kunde damit einverstanden, die vom Shop verwendeten COOKIES-Dateien zu akzeptieren.<\/li>\n<\/ol>\n<div>\n<h3 style=\"font-style: normal;\">Sicherheit und Schutz personenbezogener Daten<\/h3>\n<div>\n<ol>\n<li>Die Personen- und Adressdaten des Kunden werden ausschlie\u00dflich f\u00fcr die Zwecke des Shops und der Verkaufsabwicklung gespeichert und verarbeitet und sind vor der Einsichtnahme und Weitergabe an Dritte und Unbefugte gesch\u00fctzt.<\/li>\n<li>Im Einklang mit der Verordnung (EU) 2016\/679 des Europ\u00e4ischen Parlaments und des Rates vom 27. April 2016. zum Schutz nat\u00fcrlicher Personen bei der Verarbeitung personenbezogener Daten, zum freien Datenverkehr und zur Aufhebung der Richtlinie 95\/46\/EG (RODO) hat jeder Kunde das Recht, seine Daten einzusehen, sie zu berichtigen und die L\u00f6schung der Daten zu verlangen.<\/li>\n<li>Die gesammelten Kundendaten enthalten nur die notwendigen Informationen, um die Transaktion abzuschlie\u00dfen, die Zahlung abzuwickeln, die Waren zu \u00fcberpr\u00fcfen und zu versenden.<\/li>\n<\/ol>\n<div>\n<h3 style=\"font-style: normal;\">Erteilung und Bearbeitung von Auftr\u00e4gen<\/h3>\n<ol>\n<li>  Der Kunde hat in jeder Phase des Bestellvorgangs einen \u00dcberblick \u00fcber seine Bestellung.<\/li>\n<li>Der Verk\u00e4ufer hat das Recht, eine Auftragsbest\u00e4tigung per: E-Mail, telefonischen Kontakt oder jedes andere m\u00f6gliche Mittel.<\/li>\n<li>Die Lieferungen erfolgen \u00fcber bestimmte Speditionen, die eine effiziente Lieferung und eine sichere Zustellung gew\u00e4hrleisten. Der Shop akzeptiert und bearbeitet Bestellungen mit einer Lieferadresse au\u00dferhalb des Landes.<\/li>\n<li>Die Lieferung erfolgt per Spedition innerhalb von 14 Arbeitstagen nach Gutschrift des f\u00e4lligen Betrages auf dem Konto. F\u00fcr handgefertigte Produkte, die auf Bestellung hergestellt werden, betr\u00e4gt die Frist bis zu 28 Werktage.<\/li>\n<li>Im Falle einer Vorbestellung eines Produkts wird das Produkt nach dem Datum versandt, an dem das Produkt auf den Markt gebracht wird (Ver\u00f6ffentlichungsdatum). Das im vorstehenden Satz genannte Datum (Ver\u00f6ffentlichungsdatum) ist in der Produktbeschreibung angegeben. Bei versp\u00e4teter Markteinf\u00fchrung wird das neue Datum in der Produktbeschreibung im Online-Shop angegeben.<\/li>\n<li>Lieferverz\u00f6gerungen, die der Verk\u00e4ufer nicht zu vertreten hat, k\u00f6nnen nicht zur Grundlage von Anspr\u00fcchen des K\u00e4ufers gemacht werden.<\/li>\n<li>Im Falle von Problemen, die auf unvorhersehbare und unvermeidbare Gr\u00fcnde zur\u00fcckzuf\u00fchren sind (Verknappung des Lagerbestands, Ausfall des IT-Systems), wird der K\u00e4ufer unverz\u00fcglich \u00fcber die vom Verk\u00e4ufer gew\u00e4hlte Kontaktmethode informiert und eine neue Frist gesetzt.<\/li>\n<li>Wenn eine Bestellung von einem Minderj\u00e4hrigen aufgegeben wird, liegt die Verantwortung bei den Erziehungsberechtigten des Kunden.<\/li>\n<li>Eine Rechnung f\u00fcr die gekauften Waren wird mit jeder Bestellung ausgestellt &#8211; Rechnungen f\u00fcr die Mehrwertsteuer nur auf Antrag des K\u00e4ufers innerhalb einer Frist gem\u00e4\u00df dem geltenden Recht, gerechnet ab dem Ende des Monats, in dem die Waren oder Dienstleistungen geliefert wurden oder die Zahlung ganz oder teilweise eingegangen ist.<\/li>\n<li>Der Empf\u00e4nger einer Rechnung in Form einer MwSt.-Rechnung kann nur ein Unternehmen\/eine Privatperson sein, das\/die mehrwertsteuerpflichtig ist.<\/li>\n<\/ol>\n<div>\n<h3>Einkaufspreise von Waren und Dienstleistungen, Zahlungsmodalit\u00e4ten und Portokosten<\/h3>\n<div>\n<ol>\n<li>Die im Shop angegebenen Preise enthalten die gesetzliche Mehrwertsteuer (Bruttopreise) und sind in Polnischen Zloty (PLN) und in Euro angegeben.<\/li>\n<li>Akzeptierte Zahlungsformen sind: elektronische \u00dcberweisung, Zahlungskarte und Zahlung auf Rechnung.<\/li>\n<li>Elektronische Zahlungen werden \u00fcber PayU oder PayPal get\u00e4tigt.<\/li>\n<li>Als Verkaufsdatum gilt das Datum, an dem die Ware an den K\u00e4ufer versandt wird oder der Betrag auf dem Bankkonto des Shops gutgeschrieben wird.<\/li>\n<li>Alle mit der Bearbeitung der Bestellung verbundenen Kosten, insbesondere Verpackungs- und Versandkosten, werden automatisch berechnet und zum Bestellwert hinzugerechnet.<\/li>\n<li>Die berechneten Kosten stehen in keinem direkten Zusammenhang mit den von den Versandunternehmen erhobenen Geb\u00fchren und spiegeln lediglich die tats\u00e4chlichen Kosten wider.<\/li>\n<\/ol>\n<div>\n<h3 style=\"font-style: normal;\">Garantien und R\u00fcckgaben<\/h3>\n<div>\n<ol>\n<li>Der K\u00e4ufer hat das Recht, die gekaufte Ware innerhalb von 14 Kalendertagen nach Erhalt der Ware zur\u00fcckzugeben.<\/li>\n<li>Das R\u00fcckgaberecht gilt nicht f\u00fcr Waren wie Computerprogramme und Ton-\/Bildaufnahmen, die sich in einer versiegelten Verpackung befanden und die vom Kunden ge\u00f6ffnet wurden.<\/li>\n<li>F\u00fcr alle im Shop angebotenen Waren gilt die Herstellergarantie.<\/li>\n<li>Vor dem Versand wird jedes Produkt auf eventuelle M\u00e4ngel gepr\u00fcft.<\/li>\n<li>Wird ein Mangel festgestellt, ist der K\u00e4ufer verpflichtet, diesen innerhalb von 14 Tagen nach dem Kauf der Ware zu melden.<\/li>\n<li>Der Verk\u00e4ufer ist von der Haftung befreit:  <br \/>o f\u00fcr M\u00e4ngel, wenn diese auf andere Ursachen als auf M\u00e4ngel des verwendeten Materials zur\u00fcckzuf\u00fchren sind<br \/>o die aus der Unzufriedenheit mit dem erhaltenen Produkt resultieren<br \/>o gegen Produktleistungsanspr\u00fcche<\/li>\n<li>Die Garantie deckt nicht ab:  <br \/>o Sch\u00e4den, die w\u00e4hrend des Transports der Sendung entstanden sind<br \/>o Sch\u00e4den durch in den Innenraum eingedrungene Fremdk\u00f6rper<br \/>o thermische und chemische Sch\u00e4den, die beim Reinigen, B\u00fcgeln oder Waschen entstanden sind und auf die Nichtbeachtung der Kennzeichnung auf den Produkten zur\u00fcckzuf\u00fchren sind<br \/>o Sch\u00e4den, die durch Lagerung, Wartung und Betrieb unter Bedingungen entstanden sind, die nicht den Anforderungen der einschl\u00e4gigen Normen entsprechen.<\/li>\n<li>Der K\u00e4ufer ist verpflichtet, die zur\u00fcckgegebene oder reklamierte Ware auf eigene Kosten an den Verk\u00e4ufer zu liefern.<\/li>\n<\/ol>\n<div>\n<h3 style=\"font-style: normal;\">Schlussbestimmungen<\/h3>\n<div>\n<ol>\n<li>Der Inhalt des Shops stellt kein vollst\u00e4ndiges kommerzielles Angebot im Sinne des Zivilgesetzbuches Art. 543.<\/li>\n<li>Der Verk\u00e4ufer beh\u00e4lt sich das Recht vor, eine Bestellung ohne Angabe von Gr\u00fcnden abzulehnen und daraus resultierende Entsch\u00e4digungen oder Sch\u00e4den zu zahlen.<\/li>\n<li>In Angelegenheiten, die in diesen Bedingungen nicht geregelt sind, gelten die Bestimmungen des B\u00fcrgerlichen Gesetzbuches entsprechend.<\/li>\n<\/ol>\n<\/div>\n<\/div>\n<\/div>\n<\/div>\n<\/div>\n<\/div>\n<\/div>\n<\/div>\n<\/div>\n<\/div>\n\t\t\t\t\t\t\t\t<\/div>\n\t\t\t\t<\/div>\n\t\t\t\t\t<\/div>\n\t\t<\/div>\n\t\t\t\t\t<\/div>\n\t\t<\/section>\n\t\t\t\t<\/div>\n\t\t","protected":false},"excerpt":{"rendered":"<p>Datenschutzbestimmungen Mit der Nutzung des Shops erkl\u00e4ren Sie sich mit den folgenden Allgemeinen Gesch\u00e4ftsbedingungen einverstanden, die Sie bitte sorgf\u00e4ltig lesen. Wenn Sie die Allgemeinen Gesch\u00e4ftsbedingungen nicht akzeptieren, sollten Sie keine Eink\u00e4ufe t\u00e4tigen. Verlassen Sie einfach die Seite.Die Allgemeinen Gesch\u00e4ftsbedingungen regeln die Bedingungen f\u00fcr den Einkauf, die Bezahlung und den Versand der im Shop erh\u00e4ltlichen Waren. &hellip;<\/p>\n<p class=\"read-more\"> <a class=\"\" href=\"https:\/\/store.shelterofmine.com\/de\/datenschutzbestimmungen\/\"> <span class=\"screen-reader-text\">Datenschutzbestimmungen<\/span> Weiterlesen &raquo;<\/a><\/p>\n","protected":false},"author":1,"featured_media":0,"parent":0,"menu_order":0,"comment_status":"closed","ping_status":"open","template":"","meta":{"site-sidebar-layout":"default","site-content-layout":"","ast-site-content-layout":"","site-content-style":"default","site-sidebar-style":"default","ast-global-header-display":"","ast-banner-title-visibility":"","ast-main-header-display":"","ast-hfb-above-header-display":"","ast-hfb-below-header-display":"","ast-hfb-mobile-header-display":"","site-post-title":"disabled","ast-breadcrumbs-content":"","ast-featured-img":"","footer-sml-layout":"","theme-transparent-header-meta":"","adv-header-id-meta":"","stick-header-meta":"","header-above-stick-meta":"","header-main-stick-meta":"","header-below-stick-meta":"","astra-migrate-meta-layouts":"default","ast-page-background-enabled":"default","ast-page-background-meta":{"desktop":{"background-color":"","background-image":"","background-repeat":"repeat","background-position":"center center","background-size":"auto","background-attachment":"scroll","background-type":"","background-media":"","overlay-type":"","overlay-color":"","overlay-gradient":""},"tablet":{"background-color":"","background-image":"","background-repeat":"repeat","background-position":"center center","background-size":"auto","background-attachment":"scroll","background-type":"","background-media":"","overlay-type":"","overlay-color":"","overlay-gradient":""},"mobile":{"background-color":"","background-image":"","background-repeat":"repeat","background-position":"center center","background-size":"auto","background-attachment":"scroll","background-type":"","background-media":"","overlay-type":"","overlay-color":"","overlay-gradient":""}},"ast-content-background-meta":{"desktop":{"background-color":"var(--ast-global-color-5)","background-image":"","background-repeat":"repeat","background-position":"center center","background-size":"auto","background-attachment":"scroll","background-type":"","background-media":"","overlay-type":"","overlay-color":"","overlay-gradient":""},"tablet":{"background-color":"var(--ast-global-color-5)","background-image":"","background-repeat":"repeat","background-position":"center center","background-size":"auto","background-attachment":"scroll","background-type":"","background-media":"","overlay-type":"","overlay-color":"","overlay-gradient":""},"mobile":{"background-color":"var(--ast-global-color-5)","background-image":"","background-repeat":"repeat","background-position":"center center","background-size":"auto","background-attachment":"scroll","background-type":"","background-media":"","overlay-type":"","overlay-color":"","overlay-gradient":""}},"footnotes":""},"class_list":["post-7130","page","type-page","status-publish","hentry"],"_links":{"self":[{"href":"https:\/\/store.shelterofmine.com\/de\/wp-json\/wp\/v2\/pages\/7130","targetHints":{"allow":["GET"]}}],"collection":[{"href":"https:\/\/store.shelterofmine.com\/de\/wp-json\/wp\/v2\/pages"}],"about":[{"href":"https:\/\/store.shelterofmine.com\/de\/wp-json\/wp\/v2\/types\/page"}],"author":[{"embeddable":true,"href":"https:\/\/store.shelterofmine.com\/de\/wp-json\/wp\/v2\/users\/1"}],"replies":[{"embeddable":true,"href":"https:\/\/store.shelterofmine.com\/de\/wp-json\/wp\/v2\/comments?post=7130"}],"version-history":[{"count":5,"href":"https:\/\/store.shelterofmine.com\/de\/wp-json\/wp\/v2\/pages\/7130\/revisions"}],"predecessor-version":[{"id":7257,"href":"https:\/\/store.shelterofmine.com\/de\/wp-json\/wp\/v2\/pages\/7130\/revisions\/7257"}],"wp:attachment":[{"href":"https:\/\/store.shelterofmine.com\/de\/wp-json\/wp\/v2\/media?parent=7130"}],"curies":[{"name":"wp","href":"https:\/\/api.w.org\/{rel}","templated":true}]}}