{"id":7264,"date":"2023-03-14T21:44:08","date_gmt":"2023-03-14T20:44:08","guid":{"rendered":"https:\/\/store.shelterofmine.com\/rodo-informationsklausel\/"},"modified":"2023-05-06T14:05:26","modified_gmt":"2023-05-06T12:05:26","slug":"rodo-informationsklausel","status":"publish","type":"page","link":"https:\/\/store.shelterofmine.com\/de\/rodo-informationsklausel\/","title":{"rendered":"RODO-INFORMATIONSKLAUSEL"},"content":{"rendered":"\t\t<div data-elementor-type=\"wp-page\" data-elementor-id=\"7264\" class=\"elementor elementor-7264 elementor-2\">\n\t\t\t\t\t\t<section class=\"elementor-section elementor-top-section elementor-element elementor-element-802ac0a elementor-section-height-min-height elementor-section-boxed elementor-section-height-default elementor-section-items-middle\" data-id=\"802ac0a\" data-element_type=\"section\" data-settings=\"{&quot;background_background&quot;:&quot;classic&quot;}\">\n\t\t\t\t\t\t\t<div class=\"elementor-background-overlay\"><\/div>\n\t\t\t\t\t\t\t<div class=\"elementor-container elementor-column-gap-default\">\n\t\t\t\t\t<div class=\"elementor-column elementor-col-100 elementor-top-column elementor-element elementor-element-cd5c848\" data-id=\"cd5c848\" data-element_type=\"column\">\n\t\t\t<div class=\"elementor-widget-wrap elementor-element-populated\">\n\t\t\t\t\t\t<div class=\"elementor-element elementor-element-e013ca6 elementor-widget elementor-widget-heading\" data-id=\"e013ca6\" data-element_type=\"widget\" data-widget_type=\"heading.default\">\n\t\t\t\t<div class=\"elementor-widget-container\">\n\t\t\t\t\t<h2 class=\"elementor-heading-title elementor-size-default\">RODO-Informationsklausel<\/h2>\t\t\t\t<\/div>\n\t\t\t\t<\/div>\n\t\t\t\t\t<\/div>\n\t\t<\/div>\n\t\t\t\t\t<\/div>\n\t\t<\/section>\n\t\t\t\t<section class=\"elementor-section elementor-top-section elementor-element elementor-element-5c950456 elementor-section-boxed elementor-section-height-default elementor-section-height-default\" data-id=\"5c950456\" data-element_type=\"section\">\n\t\t\t\t\t\t<div class=\"elementor-container elementor-column-gap-default\">\n\t\t\t\t\t<div class=\"elementor-column elementor-col-100 elementor-top-column elementor-element elementor-element-bf3df08\" data-id=\"bf3df08\" data-element_type=\"column\">\n\t\t\t<div class=\"elementor-widget-wrap elementor-element-populated\">\n\t\t\t\t\t\t<div class=\"elementor-element elementor-element-107d6acf elementor-widget elementor-widget-text-editor\" data-id=\"107d6acf\" data-element_type=\"widget\" data-widget_type=\"text-editor.default\">\n\t\t\t\t<div class=\"elementor-widget-container\">\n\t\t\t\t\t\t\t\t\t\n<p><strong>INFORMATIONEN \u00dcBER DIE VERARBEITUNG VON PERSONENBEZOGENEN DATEN<\/strong><br>Auf der Grundlage von Art. 13 Verordnung (EU) 2016\/679 des Europ\u00e4ischen Parlaments und des Rates vom 27. April 2016. zum Schutz nat\u00fcrlicher Personen bei der Verarbeitung personenbezogener Daten, zum freien Datenverkehr und zur Aufhebung der Richtlinie 95\/46\/EG (RODO) Ambient Media House Sp. z o.o. stellt die folgenden Informationen \u00fcber die Verarbeitung personenbezogener Daten zur Verf\u00fcgung:<\/p>\n\n\n\n<p><strong>DATEN DES VERWALTERS<\/strong><br>Das Unternehmen Ambient Media House Sp. z o.o. mit Sitz in der ul. Trzebnicka 12, 55 &#8211; 095 Szczodre<\/p>\n\n\n\n<p><strong>KONTAKTINFORMATIONEN<\/strong><br>Kontakt mit dem Vertreter des Verwalters: E-Mail office@ambienthouse.pl<\/p>\n\n\n\n<p><strong>GRUNDS\u00c4TZE F\u00dcR DIE VERARBEITUNG PERSONENBEZOGENER DATEN<\/strong><\/p>\n\n\n\n<ol>\n<li>Der Verwalter verarbeitet die personenbezogenen Daten der Kunden in \u00dcbereinstimmung mit den Bestimmungen der RODO.<\/li>\n\n\n\n<li>Der f\u00fcr die Verarbeitung Verantwortliche wendet die nach dem Unionsrecht erforderlichen technischen und organisatorischen Ma\u00dfnahmen an, um den Schutz der verarbeiteten personenbezogenen Daten zu gew\u00e4hrleisten und die personenbezogenen Daten vor unbefugtem Zugriff, unbefugter Kenntnisnahme, rechtswidriger Verarbeitung, Ver\u00e4nderung, Verlust oder Zerst\u00f6rung zu sch\u00fctzen.<\/li>\n\n\n\n<li>Der Administrator erkl\u00e4rt, dass die Angabe der im Online-Shop als erforderlich gekennzeichneten Daten freiwillig ist, aber f\u00fcr die Nutzung der Funktionalit\u00e4t, einschlie\u00dflich der Einrichtung und Pflege des Kundenkontos sowie der Aufgabe und Ausf\u00fchrung der Bestellung, erforderlich ist.<\/li>\n<\/ol>\n\n\n\n<p><strong>ZWECKE UND RECHTSGRUNDLAGEN DER VERARBEITUNG PERSONENBEZOGENER DATEN<\/strong><br>Die personenbezogenen Daten der Kunden werden zu den folgenden Zwecken verarbeitet:<\/p>\n\n\n\n<ol>\n<li>F\u00fchren des Kundenkontos im Online-Shop (Artikel 6 Absatz 1 Buchstabe b der DSGVO),<\/li>\n\n\n\n<li>Die Ausf\u00fchrung von Bestellungen im Online-Shop (Artikel 6 Absatz 1 Buchstabe b) RODO),<\/li>\n\n\n\n<li>den Betrieb des Newsletter-Dienstes (Artikel 6 Absatz 1 Buchstabe b) RODO),<\/li>\n\n\n\n<li>Direktmarketing f\u00fcr die eigenen Dienstleistungen und Produkte des Verwalters, zus\u00e4tzlich zum Newsletter-Service, der ein berechtigtes Interesse des Verwalters darstellt (Artikel 6 Absatz 1 Buchstabe f) RODO),<\/li>\n\n\n\n<li>Beantwortung von E-Mails, telefonische Kontaktaufnahme, die ein berechtigtes Interesse des Verwalters darstellt (Artikel 6 Absatz 1 Buchstabe f) RODO),<\/li>\n\n\n\n<li>analytische Forschung, die insbesondere in der Untersuchung und Analyse des Verkehrs auf unserer Website zu statistischen Zwecken besteht, was ein berechtigtes Interesse des Verwalters darstellt (Art. 6(1)(f) RODO),<\/li>\n\n\n\n<li>Archivierung (Beweismittel) im Falle einer rechtlichen Notwendigkeit, Tatsachen zu beweisen, was ein berechtigtes Interesse des Verwalters ist (Artikel 6 Absatz 1 Buchstabe f) RODO),<\/li>\n\n\n\n<li>m\u00f6gliche Feststellung, Untersuchung oder Abwehr von Anspr\u00fcchen, die die Aus\u00fcbung des berechtigten Interesses des Verwalters darstellen (Artikel 6 Absatz 1 Buchstabe f des DSG),<\/li>\n\n\n\n<li>Erhebung von Kundenmeinungen und Zufriedenheitsgraden, was ein berechtigtes Interesse des Verwalters darstellt (Art. 6(1)(f) RODO).<\/li>\n<\/ol>\n\n\n\n<p><strong>WEITERGABE VON PERSONENBEZOGENEN DATEN<\/strong><br>Die vom Verwalter erhaltenen personenbezogenen Daten k\u00f6nnen weitergegeben werden:<\/p>\n\n\n\n<ol>\n<li>Die personenbezogenen Daten der Kunden k\u00f6nnen an Stellen \u00fcbermittelt werden, denen der Verwalter die Verarbeitung personenbezogener Daten auf der Grundlage von Vertr\u00e4gen anvertraut, sowie an Stellen, die aufgrund gesetzlicher Bestimmungen berechtigt sind, personenbezogene Daten zu erhalten.<\/li>\n\n\n\n<li>Zur Erf\u00fcllung des \u00fcber den Internetshop geschlossenen Vertrages und zur Gew\u00e4hrleistung des ordnungsgem\u00e4\u00dfen Funktionierens des Shops stellt der Verwalter die personenbezogenen Daten der Kunden insbesondere den Dienstleistern zur Verf\u00fcgung:<\/li>\n\n\n\n<li>Post-, Versand- und Kurierdienste sowie Auftragsabwicklung,<\/li>\n\n\n\n<li>elektronische Zahlungen,<\/li>\n\n\n\n<li>Buchhaltungsdienstleistungen,<\/li>\n\n\n\n<li>Hosting-Dienste,<\/li>\n\n\n\n<li>Bereitstellung von IT und Software,<\/li>\n\n\n\n<li>Marketing f\u00fcr den Betrieb des Online-Shops,<\/li>\n<\/ol>\n\n\n\n<p><strong>DEN ZEITRAUM, IN DEM DER F\u00dcR DIE VERARBEITUNG VERANTWORTLICHE DIE DATEN VERARBEITET<\/strong><br>Die vom Verwalter erhaltenen personenbezogenen Daten werden so lange aufbewahrt, wie es f\u00fcr die berechtigten Interessen des Verwalters erforderlich ist, einschlie\u00dflich der ordnungsgem\u00e4\u00dfen Umsetzung von Entscheidungen in Bezug auf das Arbeits-, Zivil- und Steuerrecht. Die Daten werden w\u00e4hrend eines Zeitraums verarbeitet, der sich auch aus den Bestimmungen des Gesetzes vom 14. Juli 1983 ergibt. \u00fcber die nationalen Archivbest\u00e4nde und Archive (d. h. Gesetzblatt 2018, Punkt 217 in der ge\u00e4nderten Fassung).<\/p>\n\n\n\n<p><strong>RECHTE DER BETROFFENEN PERSON<\/strong><br>Im Zusammenhang mit der Verarbeitung personenbezogener Daten hat die betroffene Person das Recht auf:<\/p>\n\n\n\n<ol>\n<li>Zugang zu personenbezogenen Daten, einschlie\u00dflich des Rechts, eine Kopie dieser Daten zu erhalten;<\/li>\n\n\n\n<li>Das Recht, die Berichtigung (\u00c4nderung) personenbezogener Daten zu verlangen, wenn die Daten unrichtig oder unvollst\u00e4ndig sind;<\/li>\n\n\n\n<li>das Recht, die L\u00f6schung personenbezogener Daten zu verlangen (&#8222;Recht auf Vergessenwerden&#8220;)<\/li>\n\n\n\n<li>das Recht, die Einschr\u00e4nkung der Verarbeitung personenbezogener Daten zu verlangen<\/li>\n\n\n\n<li>das Recht auf Widerspruch gegen die Verarbeitung personenbezogener Daten<br>Im Falle einer Verarbeitung, die auf der Einwilligung der betroffenen Person beruht, besteht das Recht, die Einwilligung zu widerrufen<br>Eine Person, die der Ansicht ist, dass die Verarbeitung ihrer personenbezogenen Daten gegen die Bestimmungen der RODO-Verordnung verst\u00f6\u00dft, hat das Recht, eine Beschwerde bei der Aufsichtsbeh\u00f6rde &#8211; dem Pr\u00e4sidenten des Amtes f\u00fcr den Schutz personenbezogener Daten &#8211; einzureichen. Stawki 2,00-193 Warschau.<\/li>\n<\/ol>\n\n\n\n<p><strong>INFORMATIONEN \u00dcBER DIE AUTOMATISIERTE DATENVERARBEITUNG<\/strong><br>Die vom Verwalter gesammelten personenbezogenen Daten werden nicht f\u00fcr automatisierte Entscheidungsprozesse oder zur Profilerstellung verwendet.<\/p>\n\t\t\t\t\t\t\t\t<\/div>\n\t\t\t\t<\/div>\n\t\t\t\t\t<\/div>\n\t\t<\/div>\n\t\t\t\t\t<\/div>\n\t\t<\/section>\n\t\t\t\t<\/div>\n\t\t","protected":false},"excerpt":{"rendered":"<p>RODO-Informationsklausel INFORMATIONEN \u00dcBER DIE VERARBEITUNG VON PERSONENBEZOGENEN DATENAuf der Grundlage von Art. 13 Verordnung (EU) 2016\/679 des Europ\u00e4ischen Parlaments und des Rates vom 27. April 2016. zum Schutz nat\u00fcrlicher Personen bei der Verarbeitung personenbezogener Daten, zum freien Datenverkehr und zur Aufhebung der Richtlinie 95\/46\/EG (RODO) Ambient Media House Sp. z o.o. stellt die folgenden Informationen &hellip;<\/p>\n<p class=\"read-more\"> <a class=\"\" href=\"https:\/\/store.shelterofmine.com\/de\/rodo-informationsklausel\/\"> <span class=\"screen-reader-text\">RODO-INFORMATIONSKLAUSEL<\/span> Weiterlesen &raquo;<\/a><\/p>\n","protected":false},"author":1,"featured_media":0,"parent":0,"menu_order":0,"comment_status":"closed","ping_status":"open","template":"","meta":{"site-sidebar-layout":"default","site-content-layout":"","ast-site-content-layout":"","site-content-style":"default","site-sidebar-style":"default","ast-global-header-display":"","ast-banner-title-visibility":"","ast-main-header-display":"","ast-hfb-above-header-display":"","ast-hfb-below-header-display":"","ast-hfb-mobile-header-display":"","site-post-title":"disabled","ast-breadcrumbs-content":"","ast-featured-img":"","footer-sml-layout":"","theme-transparent-header-meta":"","adv-header-id-meta":"","stick-header-meta":"","header-above-stick-meta":"","header-main-stick-meta":"","header-below-stick-meta":"","astra-migrate-meta-layouts":"default","ast-page-background-enabled":"default","ast-page-background-meta":{"desktop":{"background-color":"","background-image":"","background-repeat":"repeat","background-position":"center center","background-size":"auto","background-attachment":"scroll","background-type":"","background-media":"","overlay-type":"","overlay-color":"","overlay-gradient":""},"tablet":{"background-color":"","background-image":"","background-repeat":"repeat","background-position":"center center","background-size":"auto","background-attachment":"scroll","background-type":"","background-media":"","overlay-type":"","overlay-color":"","overlay-gradient":""},"mobile":{"background-color":"","background-image":"","background-repeat":"repeat","background-position":"center center","background-size":"auto","background-attachment":"scroll","background-type":"","background-media":"","overlay-type":"","overlay-color":"","overlay-gradient":""}},"ast-content-background-meta":{"desktop":{"background-color":"var(--ast-global-color-5)","background-image":"","background-repeat":"repeat","background-position":"center center","background-size":"auto","background-attachment":"scroll","background-type":"","background-media":"","overlay-type":"","overlay-color":"","overlay-gradient":""},"tablet":{"background-color":"var(--ast-global-color-5)","background-image":"","background-repeat":"repeat","background-position":"center center","background-size":"auto","background-attachment":"scroll","background-type":"","background-media":"","overlay-type":"","overlay-color":"","overlay-gradient":""},"mobile":{"background-color":"var(--ast-global-color-5)","background-image":"","background-repeat":"repeat","background-position":"center center","background-size":"auto","background-attachment":"scroll","background-type":"","background-media":"","overlay-type":"","overlay-color":"","overlay-gradient":""}},"footnotes":""},"class_list":["post-7264","page","type-page","status-publish","hentry"],"_links":{"self":[{"href":"https:\/\/store.shelterofmine.com\/de\/wp-json\/wp\/v2\/pages\/7264","targetHints":{"allow":["GET"]}}],"collection":[{"href":"https:\/\/store.shelterofmine.com\/de\/wp-json\/wp\/v2\/pages"}],"about":[{"href":"https:\/\/store.shelterofmine.com\/de\/wp-json\/wp\/v2\/types\/page"}],"author":[{"embeddable":true,"href":"https:\/\/store.shelterofmine.com\/de\/wp-json\/wp\/v2\/users\/1"}],"replies":[{"embeddable":true,"href":"https:\/\/store.shelterofmine.com\/de\/wp-json\/wp\/v2\/comments?post=7264"}],"version-history":[{"count":2,"href":"https:\/\/store.shelterofmine.com\/de\/wp-json\/wp\/v2\/pages\/7264\/revisions"}],"predecessor-version":[{"id":7270,"href":"https:\/\/store.shelterofmine.com\/de\/wp-json\/wp\/v2\/pages\/7264\/revisions\/7270"}],"wp:attachment":[{"href":"https:\/\/store.shelterofmine.com\/de\/wp-json\/wp\/v2\/media?parent=7264"}],"curies":[{"name":"wp","href":"https:\/\/api.w.org\/{rel}","templated":true}]}}