{"id":13153,"date":"2024-02-05T20:33:39","date_gmt":"2024-02-05T19:33:39","guid":{"rendered":"https:\/\/store.shelterofmine.com\/?post_type=product&#038;p=13153"},"modified":"2024-02-05T20:41:18","modified_gmt":"2024-02-05T19:41:18","slug":"behemoth-the-satanist-2lp-feat-michal-lapaj-kopia","status":"publish","type":"product","link":"https:\/\/store.shelterofmine.com\/de\/produkt\/behemoth-the-satanist-2lp-feat-michal-lapaj-kopia\/","title":{"rendered":"Musik Inspiriert Von, Slawen 2LP feat. Mariusz Duda (als Lunatic Soul)"},"content":{"rendered":"<p>Das neueste Music Inspired by-Album tr\u00e4gt den Titel &#8222;Music Inspired by Slavs&#8220; und wird am 21. April dieses Jahres ver\u00f6ffentlicht. Dieses Mal wird die Mythologie der alten Slawen als Thema verwendet. Neben dem rein musikalischen Inhalt verf\u00fcgt das Album \u00fcber eine wunderbare grafische Gestaltung und enth\u00e4lt Beschreibungen zu jedem Titel, die den H\u00f6rer in die Welt der alten slawischen Gottheiten einf\u00fchren. &#8222;Music Inspired by Slavs&#8220; ist ein vielschichtiges Album. Folkmusik vermischt sich hier mit Rock und Electronica. Die w\u00fcrzige, volkst\u00fcmliche, slawische Atmosph\u00e4re der Kompositionen ist der musikalische &#8222;Hauptgang&#8220;. Im Hintergrund sind Instrumente und Sprachen aus verschiedenen Teilen der Welt zu h\u00f6ren. Auf der konzeptionellen Ebene &#8211; die Titel der einzelnen St\u00fccke sind die Namen slawischer Gottheiten. Das Album enth\u00e4lt auch f\u00fcnf kurze musikalische Formen, die als Zwischenspiele dienen. Ihre Titel (Nord, Ost, West, S\u00fcd, Mitte) sind eine Art Wegweiser, die auf die Art der verschiedenen externen musikalischen Einfl\u00fcsse auf dem Album hinweisen. 16 K\u00fcnstler sind als G\u00e4ste auf dem Album zu h\u00f6ren. Darunter befinden sich so bekannte Musiker wie  <b>Krzysztof Drabikowski (Batiuszka<\/b>), der f\u00fcr den ungew\u00f6hnlichen, atmosph\u00e4rischen, dunklen Gesang sorgte, der an orthodoxe liturgische Ges\u00e4nge, aber auch an Volksgesang erinnert, und <strong>Mariusz Duda<\/strong> (als Lunatic Soul), der in dem Lied &#8222;Swar\u00f3g&#8220; sang und mit seiner Stimme eine unglaublich melodische und weitl\u00e4ufige Atmosph\u00e4re der Komposition schuf.<\/p>\n","protected":false},"excerpt":{"rendered":"<p>1) FURTA<br \/>\n2. URLAUBSZEIT<br \/>\n3. OST<br \/>\n4. SWAR\u00d3G<br \/>\n5 MOKOSZ<br \/>\n6. NORTH<br \/>\n7 PERUN<br \/>\n8. TRZYG\u0141AW<br \/>\n9 CHORS<br \/>\n10. WEST<br \/>\n11 CUPAULA<br \/>\n12. S\u00dcD<br \/>\n13. LADA<br \/>\n14 WELES<br \/>\n15. AUSSCH\u00dcTTUNGEN<br \/>\n16 ROD<\/p>\n","protected":false},"featured_media":13159,"template":"","meta":{"site-sidebar-layout":"default","site-content-layout":"default","ast-site-content-layout":"default","site-content-style":"default","site-sidebar-style":"default","ast-global-header-display":"","ast-banner-title-visibility":"","ast-main-header-display":"","ast-hfb-above-header-display":"","ast-hfb-below-header-display":"","ast-hfb-mobile-header-display":"","site-post-title":"","ast-breadcrumbs-content":"","ast-featured-img":"","footer-sml-layout":"","theme-transparent-header-meta":"default","adv-header-id-meta":"","stick-header-meta":"","header-above-stick-meta":"","header-main-stick-meta":"","header-below-stick-meta":"","astra-migrate-meta-layouts":"default","ast-page-background-enabled":"default","ast-page-background-meta":{"desktop":{"background-color":"","background-image":"","background-repeat":"repeat","background-position":"center center","background-size":"auto","background-attachment":"scroll","background-type":"","background-media":"","overlay-type":"","overlay-color":"","overlay-gradient":""},"tablet":{"background-color":"","background-image":"","background-repeat":"repeat","background-position":"center center","background-size":"auto","background-attachment":"scroll","background-type":"","background-media":"","overlay-type":"","overlay-color":"","overlay-gradient":""},"mobile":{"background-color":"","background-image":"","background-repeat":"repeat","background-position":"center center","background-size":"auto","background-attachment":"scroll","background-type":"","background-media":"","overlay-type":"","overlay-color":"","overlay-gradient":""}},"ast-content-background-meta":{"desktop":{"background-color":"var(--ast-global-color-5)","background-image":"","background-repeat":"repeat","background-position":"center center","background-size":"auto","background-attachment":"scroll","background-type":"","background-media":"","overlay-type":"","overlay-color":"","overlay-gradient":""},"tablet":{"background-color":"var(--ast-global-color-5)","background-image":"","background-repeat":"repeat","background-position":"center center","background-size":"auto","background-attachment":"scroll","background-type":"","background-media":"","overlay-type":"","overlay-color":"","overlay-gradient":""},"mobile":{"background-color":"var(--ast-global-color-5)","background-image":"","background-repeat":"repeat","background-position":"center center","background-size":"auto","background-attachment":"scroll","background-type":"","background-media":"","overlay-type":"","overlay-color":"","overlay-gradient":""}}},"product_cat":[15],"product_tag":[],"class_list":{"0":"post-13153","1":"product","2":"type-product","3":"status-publish","4":"has-post-thumbnail","6":"product_cat-bez-kategorii","7":"desktop-align-left","8":"tablet-align-left","9":"mobile-align-left","11":"first","12":"outofstock","13":"shipping-taxable","14":"purchasable","15":"product-type-simple"},"_links":{"self":[{"href":"https:\/\/store.shelterofmine.com\/de\/wp-json\/wp\/v2\/product\/13153","targetHints":{"allow":["GET"]}}],"collection":[{"href":"https:\/\/store.shelterofmine.com\/de\/wp-json\/wp\/v2\/product"}],"about":[{"href":"https:\/\/store.shelterofmine.com\/de\/wp-json\/wp\/v2\/types\/product"}],"version-history":[{"count":1,"href":"https:\/\/store.shelterofmine.com\/de\/wp-json\/wp\/v2\/product\/13153\/revisions"}],"predecessor-version":[{"id":13163,"href":"https:\/\/store.shelterofmine.com\/de\/wp-json\/wp\/v2\/product\/13153\/revisions\/13163"}],"wp:featuredmedia":[{"embeddable":true,"href":"https:\/\/store.shelterofmine.com\/de\/wp-json\/wp\/v2\/media\/13159"}],"wp:attachment":[{"href":"https:\/\/store.shelterofmine.com\/de\/wp-json\/wp\/v2\/media?parent=13153"}],"wp:term":[{"taxonomy":"product_cat","embeddable":true,"href":"https:\/\/store.shelterofmine.com\/de\/wp-json\/wp\/v2\/product_cat?post=13153"},{"taxonomy":"product_tag","embeddable":true,"href":"https:\/\/store.shelterofmine.com\/de\/wp-json\/wp\/v2\/product_tag?post=13153"}],"curies":[{"name":"wp","href":"https:\/\/api.w.org\/{rel}","templated":true}]}}