{"id":13914,"date":"2024-02-28T10:45:18","date_gmt":"2024-02-28T09:45:18","guid":{"rendered":"https:\/\/store.shelterofmine.com\/?post_type=product&#038;p=13914"},"modified":"2024-04-08T11:01:38","modified_gmt":"2024-04-08T09:01:38","slug":"behemoth-the-satanist-ecopack-cd-feat-michal-lapaj-kopia","status":"publish","type":"product","link":"https:\/\/store.shelterofmine.com\/de\/produkt\/behemoth-the-satanist-ecopack-cd-feat-michal-lapaj-kopia\/","title":{"rendered":"Maciej Meller, Live nach Zenith &#8211; CD"},"content":{"rendered":"<p>Maciej Meller &#8211; Gitarren, E-Bogen<br \/>\nKrzysztof Borek &#8211; Gesang, Akustik, Gitarre<br \/>\n\u0141ukasz Oliwkowski &#8211; Schlagzeug, Percussions<br \/>\nZbigniew Florek &#8211; Klavier, Keyboards<br \/>\nJacek Mazurkiewicz &#8211; Kontrabass<br \/>\nPawe\u0142 Hulisz &#8211; Trompete, Fl\u00fcgelhorn<br \/>\nJacek Zasada &#8211; Fl\u00f6ten Sebastian Niemiec &#8211; Tenorsaxophon<\/p>\n<p>Gast: Bartosz Kossowicz &#8211; Gesang zu &#8222;Wir sind zusammen allein&#8220;<\/p>\n<p>Alle Musik von Maciej Meller<br \/>\nAlle Texte von Krzysztof Borekex au\u00dfer: &#8222;Wir sind zusammen allein&#8220;<br \/>\nMusik von Maciej Meller, Zbigniew Florek, Bartosz Kossowicz, Maciej Wr\u00f3blewski, Mariusz Zi\u00f3\u0142kowski;<br \/>\nLiedtexte von Marta Nowosielska, Bartosz Kossowicz<br \/>\n&#8222;Trip&#8220; Musik von Mariusz Duda und Maciej Meller<br \/>\n&#8222;Krakauer Milz&#8220; Musik von Marek Jackowski<br \/>\nLiedtext von Olga Jackowska<br \/>\n&#8222;Heroes&#8220; Musik und Text von David Bowie, Brian Eno<\/p>\n<p>Alle Titel wurden w\u00e4hrend des &#8222;Live After Zenith&#8220;-Konzerts im Stadttheater in Inowroc\u0142aw am 8. Januar 2023 aufgenommen.<br \/>\nAlles gemischt und gemastert von Robert Szyd\u0142o<br \/>\nProduziert und koordiniert von Maciej Meller<br \/>\nAusf\u00fchrender Produzent Piotr Mazurowski f\u00fcr Farna Records<\/p>\n","protected":false},"excerpt":{"rendered":"<p>CD:<\/p>\n<p>1. SEITE<br \/>\n2 FOX<br \/>\n3. GEFROREN<br \/>\n4 PLAN B<br \/>\n5. MESSER<br \/>\n6. WIR SIND ZUSAMMEN ALLEIN<br \/>\n7. HALBER WEG<br \/>\n8. REISE<br \/>\n9. KRAKAUER MILZ<br \/>\n10. HELDEN<\/p>\n","protected":false},"featured_media":13919,"template":"","meta":{"site-sidebar-layout":"default","site-content-layout":"default","ast-site-content-layout":"default","site-content-style":"default","site-sidebar-style":"default","ast-global-header-display":"","ast-banner-title-visibility":"","ast-main-header-display":"","ast-hfb-above-header-display":"","ast-hfb-below-header-display":"","ast-hfb-mobile-header-display":"","site-post-title":"","ast-breadcrumbs-content":"","ast-featured-img":"","footer-sml-layout":"","theme-transparent-header-meta":"default","adv-header-id-meta":"","stick-header-meta":"","header-above-stick-meta":"","header-main-stick-meta":"","header-below-stick-meta":"","astra-migrate-meta-layouts":"default","ast-page-background-enabled":"default","ast-page-background-meta":{"desktop":{"background-color":"","background-image":"","background-repeat":"repeat","background-position":"center center","background-size":"auto","background-attachment":"scroll","background-type":"","background-media":"","overlay-type":"","overlay-color":"","overlay-gradient":""},"tablet":{"background-color":"","background-image":"","background-repeat":"repeat","background-position":"center center","background-size":"auto","background-attachment":"scroll","background-type":"","background-media":"","overlay-type":"","overlay-color":"","overlay-gradient":""},"mobile":{"background-color":"","background-image":"","background-repeat":"repeat","background-position":"center center","background-size":"auto","background-attachment":"scroll","background-type":"","background-media":"","overlay-type":"","overlay-color":"","overlay-gradient":""}},"ast-content-background-meta":{"desktop":{"background-color":"var(--ast-global-color-5)","background-image":"","background-repeat":"repeat","background-position":"center center","background-size":"auto","background-attachment":"scroll","background-type":"","background-media":"","overlay-type":"","overlay-color":"","overlay-gradient":""},"tablet":{"background-color":"var(--ast-global-color-5)","background-image":"","background-repeat":"repeat","background-position":"center center","background-size":"auto","background-attachment":"scroll","background-type":"","background-media":"","overlay-type":"","overlay-color":"","overlay-gradient":""},"mobile":{"background-color":"var(--ast-global-color-5)","background-image":"","background-repeat":"repeat","background-position":"center center","background-size":"auto","background-attachment":"scroll","background-type":"","background-media":"","overlay-type":"","overlay-color":"","overlay-gradient":""}}},"product_cat":[271],"product_tag":[],"class_list":{"0":"post-13914","1":"product","2":"type-product","3":"status-publish","4":"has-post-thumbnail","6":"product_cat-uncategorized-de","7":"desktop-align-left","8":"tablet-align-left","9":"mobile-align-left","11":"first","12":"outofstock","13":"shipping-taxable","14":"purchasable","15":"product-type-simple"},"_links":{"self":[{"href":"https:\/\/store.shelterofmine.com\/de\/wp-json\/wp\/v2\/product\/13914","targetHints":{"allow":["GET"]}}],"collection":[{"href":"https:\/\/store.shelterofmine.com\/de\/wp-json\/wp\/v2\/product"}],"about":[{"href":"https:\/\/store.shelterofmine.com\/de\/wp-json\/wp\/v2\/types\/product"}],"version-history":[{"count":3,"href":"https:\/\/store.shelterofmine.com\/de\/wp-json\/wp\/v2\/product\/13914\/revisions"}],"predecessor-version":[{"id":14224,"href":"https:\/\/store.shelterofmine.com\/de\/wp-json\/wp\/v2\/product\/13914\/revisions\/14224"}],"wp:featuredmedia":[{"embeddable":true,"href":"https:\/\/store.shelterofmine.com\/de\/wp-json\/wp\/v2\/media\/13919"}],"wp:attachment":[{"href":"https:\/\/store.shelterofmine.com\/de\/wp-json\/wp\/v2\/media?parent=13914"}],"wp:term":[{"taxonomy":"product_cat","embeddable":true,"href":"https:\/\/store.shelterofmine.com\/de\/wp-json\/wp\/v2\/product_cat?post=13914"},{"taxonomy":"product_tag","embeddable":true,"href":"https:\/\/store.shelterofmine.com\/de\/wp-json\/wp\/v2\/product_tag?post=13914"}],"curies":[{"name":"wp","href":"https:\/\/api.w.org\/{rel}","templated":true}]}}