{"id":17083,"date":"2025-02-06T21:38:42","date_gmt":"2025-02-06T20:38:42","guid":{"rendered":"https:\/\/store.shelterofmine.com\/?post_type=product&#038;p=17083"},"modified":"2025-09-16T21:06:39","modified_gmt":"2025-09-16T19:06:39","slug":"riverside-memories-in-my-head-lp-creme-schwarz-preorder","status":"publish","type":"product","link":"https:\/\/store.shelterofmine.com\/de\/produkt\/riverside-memories-in-my-head-lp-creme-schwarz-preorder\/","title":{"rendered":"Riverside | Memories In My Head | LP | Creme Schwarz | Preorder"},"content":{"rendered":"<p>Neuauflage des 2014 anl\u00e4sslich des 10-j\u00e4hrigen Bandjubil\u00e4ums erschienenen Albums. Das Album war unmittelbar nach seiner Ver\u00f6ffentlichung praktisch nicht erh\u00e4ltlich und wurde jetzt vom Shelter of Mine Fanclub ver\u00f6ffentlicht.<br \/>\nDer Soundtrack wurde von Magda und Robert Szrzednicki neu remastert. Zudem verf\u00fcgen wir \u00fcber ein neues grafisches Layout und die eingef\u00fcgten Musikerfotos aus dieser Zeit zaubern einem unwillk\u00fcrlich ein L\u00e4cheln ins Gesicht.<br \/>\nEin besonderes Highlight ist der zus\u00e4tzliche Titel, eine konzertante Version von Forgotten Land, gespielt von Maciej Meller.<br \/>\nDas muss man sich einfach anh\u00f6ren.<br \/>\nEin Muss f\u00fcr jeden, der Musik liebt.<\/p>\n<p>&nbsp;<\/p>\n","protected":false},"excerpt":{"rendered":"<p>Dies ist eine VORBESTELLUNG!!! Das Album erscheint am: 11. April 2025<br \/>\n2024 Neuauflage<br \/>\nNeue Grafiken<br \/>\nEnth\u00e4lt einen Bonustrack, eine Live-Version von Forgotten Land mit Maciej Meller<\/p>\n","protected":false},"featured_media":17088,"template":"","meta":{"site-sidebar-layout":"default","site-content-layout":"default","ast-site-content-layout":"default","site-content-style":"default","site-sidebar-style":"default","ast-global-header-display":"","ast-banner-title-visibility":"","ast-main-header-display":"","ast-hfb-above-header-display":"","ast-hfb-below-header-display":"","ast-hfb-mobile-header-display":"","site-post-title":"","ast-breadcrumbs-content":"","ast-featured-img":"","footer-sml-layout":"","theme-transparent-header-meta":"default","adv-header-id-meta":"","stick-header-meta":"","header-above-stick-meta":"","header-main-stick-meta":"","header-below-stick-meta":"","astra-migrate-meta-layouts":"set","ast-page-background-enabled":"default","ast-page-background-meta":{"desktop":{"background-color":"","background-image":"","background-repeat":"repeat","background-position":"center center","background-size":"auto","background-attachment":"scroll","background-type":"","background-media":"","overlay-type":"","overlay-color":"","overlay-gradient":""},"tablet":{"background-color":"","background-image":"","background-repeat":"repeat","background-position":"center center","background-size":"auto","background-attachment":"scroll","background-type":"","background-media":"","overlay-type":"","overlay-color":"","overlay-gradient":""},"mobile":{"background-color":"","background-image":"","background-repeat":"repeat","background-position":"center center","background-size":"auto","background-attachment":"scroll","background-type":"","background-media":"","overlay-type":"","overlay-color":"","overlay-gradient":""}},"ast-content-background-meta":{"desktop":{"background-color":"var(--ast-global-color-5)","background-image":"","background-repeat":"repeat","background-position":"center center","background-size":"auto","background-attachment":"scroll","background-type":"","background-media":"","overlay-type":"","overlay-color":"","overlay-gradient":""},"tablet":{"background-color":"var(--ast-global-color-5)","background-image":"","background-repeat":"repeat","background-position":"center center","background-size":"auto","background-attachment":"scroll","background-type":"","background-media":"","overlay-type":"","overlay-color":"","overlay-gradient":""},"mobile":{"background-color":"var(--ast-global-color-5)","background-image":"","background-repeat":"repeat","background-position":"center center","background-size":"auto","background-attachment":"scroll","background-type":"","background-media":"","overlay-type":"","overlay-color":"","overlay-gradient":""}}},"product_cat":[190],"product_tag":[],"class_list":{"0":"post-17083","1":"product","2":"type-product","3":"status-publish","4":"has-post-thumbnail","6":"product_cat-musik","7":"desktop-align-left","8":"tablet-align-left","9":"mobile-align-left","11":"first","12":"instock","13":"shipping-taxable","14":"purchasable","15":"product-type-simple"},"_links":{"self":[{"href":"https:\/\/store.shelterofmine.com\/de\/wp-json\/wp\/v2\/product\/17083","targetHints":{"allow":["GET"]}}],"collection":[{"href":"https:\/\/store.shelterofmine.com\/de\/wp-json\/wp\/v2\/product"}],"about":[{"href":"https:\/\/store.shelterofmine.com\/de\/wp-json\/wp\/v2\/types\/product"}],"version-history":[{"count":2,"href":"https:\/\/store.shelterofmine.com\/de\/wp-json\/wp\/v2\/product\/17083\/revisions"}],"predecessor-version":[{"id":17624,"href":"https:\/\/store.shelterofmine.com\/de\/wp-json\/wp\/v2\/product\/17083\/revisions\/17624"}],"wp:featuredmedia":[{"embeddable":true,"href":"https:\/\/store.shelterofmine.com\/de\/wp-json\/wp\/v2\/media\/17088"}],"wp:attachment":[{"href":"https:\/\/store.shelterofmine.com\/de\/wp-json\/wp\/v2\/media?parent=17083"}],"wp:term":[{"taxonomy":"product_cat","embeddable":true,"href":"https:\/\/store.shelterofmine.com\/de\/wp-json\/wp\/v2\/product_cat?post=17083"},{"taxonomy":"product_tag","embeddable":true,"href":"https:\/\/store.shelterofmine.com\/de\/wp-json\/wp\/v2\/product_tag?post=17083"}],"curies":[{"name":"wp","href":"https:\/\/api.w.org\/{rel}","templated":true}]}}