{"id":17108,"date":"2026-01-26T11:20:52","date_gmt":"2026-01-26T10:20:52","guid":{"rendered":"https:\/\/store.shelterofmine.com\/?post_type=product&#038;p=17108"},"modified":"2026-04-27T20:22:56","modified_gmt":"2026-04-27T18:22:56","slug":"sweatshirt-memories-in-my-head-preorder-de","status":"publish","type":"product","link":"https:\/\/store.shelterofmine.com\/de\/produkt\/sweatshirt-memories-in-my-head-preorder-de\/","title":{"rendered":"Sweatshirt | Memories In My Head | PREORDER"},"content":{"rendered":"<p>Dies ist eine <strong>VORBESTELLUNG!!!<\/strong> Das Sweatshirt wird mit dem MIMH-Album versendet.<br \/>\n&#8220; Used to be so easy<br \/>\nUsed to be so good between us<br \/>\nWords had a different meaning<br \/>\nThe simple things were significant<\/p>\n<p>I don\u2019t care if those times are over<br \/>\nI\u2019m not going to live like everyone<br \/>\nI don\u2019t care if those times are over<br \/>\nMy future is living in the past&#8220;<\/p>\n","protected":false},"excerpt":{"rendered":"<div>Dies ist eine <strong>VORBESTELLUNG!!!<\/strong> Das Sweatshirt\u00a0wird von der MIMH-Album verschckt 11. April 2025<\/div>\n<div class=\"default-style\">Sehr bequemes, modernes T-Shirt aus 100 % weicher, hochwertiger Baumwolle. Sie dehnen sich leicht. T-Shirt mit besonderem Wascheffekt. Ideal f\u00fcr das ganze Jahr. Farbe beige\/oliv.<br \/>\nMa\u00dfe in der Tabelle. T-Shirts erh\u00e4ltlich in den Gr\u00f6\u00dfen XS bis 3XL.<\/div>\n<div class=\"default-style\">180 g\/m\u00b2 100 % Baumwolle, Single-Jersey<br \/>\nRundhalsausschnitt<br \/>\nWaschwirkung &#8211; Eventuelle Farbunterschiede &#8211; stellen keinen Reklamationsgrund dar<br \/>\nNormale Passform<\/div>\n","protected":false},"featured_media":17327,"template":"","meta":{"site-sidebar-layout":"default","site-content-layout":"default","ast-site-content-layout":"default","site-content-style":"default","site-sidebar-style":"default","ast-global-header-display":"","ast-banner-title-visibility":"","ast-main-header-display":"","ast-hfb-above-header-display":"","ast-hfb-below-header-display":"","ast-hfb-mobile-header-display":"","site-post-title":"","ast-breadcrumbs-content":"","ast-featured-img":"","footer-sml-layout":"","theme-transparent-header-meta":"default","adv-header-id-meta":"","stick-header-meta":"","header-above-stick-meta":"","header-main-stick-meta":"","header-below-stick-meta":"","astra-migrate-meta-layouts":"set","ast-page-background-enabled":"default","ast-page-background-meta":{"desktop":{"background-color":"","background-image":"","background-repeat":"repeat","background-position":"center center","background-size":"auto","background-attachment":"scroll","background-type":"","background-media":"","overlay-type":"","overlay-color":"","overlay-gradient":""},"tablet":{"background-color":"","background-image":"","background-repeat":"repeat","background-position":"center center","background-size":"auto","background-attachment":"scroll","background-type":"","background-media":"","overlay-type":"","overlay-color":"","overlay-gradient":""},"mobile":{"background-color":"","background-image":"","background-repeat":"repeat","background-position":"center center","background-size":"auto","background-attachment":"scroll","background-type":"","background-media":"","overlay-type":"","overlay-color":"","overlay-gradient":""}},"ast-content-background-meta":{"desktop":{"background-color":"var(--ast-global-color-5)","background-image":"","background-repeat":"repeat","background-position":"center center","background-size":"auto","background-attachment":"scroll","background-type":"","background-media":"","overlay-type":"","overlay-color":"","overlay-gradient":""},"tablet":{"background-color":"var(--ast-global-color-5)","background-image":"","background-repeat":"repeat","background-position":"center center","background-size":"auto","background-attachment":"scroll","background-type":"","background-media":"","overlay-type":"","overlay-color":"","overlay-gradient":""},"mobile":{"background-color":"var(--ast-global-color-5)","background-image":"","background-repeat":"repeat","background-position":"center center","background-size":"auto","background-attachment":"scroll","background-type":"","background-media":"","overlay-type":"","overlay-color":"","overlay-gradient":""}}},"product_cat":[194],"product_tag":[],"class_list":{"0":"post-17108","1":"product","2":"type-product","3":"status-publish","4":"has-post-thumbnail","6":"product_cat-textilien","7":"desktop-align-left","8":"tablet-align-left","9":"mobile-align-left","11":"first","12":"instock","13":"sale","14":"shipping-taxable","15":"purchasable","16":"product-type-variable"},"_links":{"self":[{"href":"https:\/\/store.shelterofmine.com\/de\/wp-json\/wp\/v2\/product\/17108","targetHints":{"allow":["GET"]}}],"collection":[{"href":"https:\/\/store.shelterofmine.com\/de\/wp-json\/wp\/v2\/product"}],"about":[{"href":"https:\/\/store.shelterofmine.com\/de\/wp-json\/wp\/v2\/types\/product"}],"version-history":[{"count":3,"href":"https:\/\/store.shelterofmine.com\/de\/wp-json\/wp\/v2\/product\/17108\/revisions"}],"predecessor-version":[{"id":17397,"href":"https:\/\/store.shelterofmine.com\/de\/wp-json\/wp\/v2\/product\/17108\/revisions\/17397"}],"wp:featuredmedia":[{"embeddable":true,"href":"https:\/\/store.shelterofmine.com\/de\/wp-json\/wp\/v2\/media\/17327"}],"wp:attachment":[{"href":"https:\/\/store.shelterofmine.com\/de\/wp-json\/wp\/v2\/media?parent=17108"}],"wp:term":[{"taxonomy":"product_cat","embeddable":true,"href":"https:\/\/store.shelterofmine.com\/de\/wp-json\/wp\/v2\/product_cat?post=17108"},{"taxonomy":"product_tag","embeddable":true,"href":"https:\/\/store.shelterofmine.com\/de\/wp-json\/wp\/v2\/product_tag?post=17108"}],"curies":[{"name":"wp","href":"https:\/\/api.w.org\/{rel}","templated":true}]}}