{"id":18073,"date":"2025-02-28T19:15:51","date_gmt":"2025-02-28T18:15:51","guid":{"rendered":"https:\/\/store.shelterofmine.com\/?post_type=product&#038;p=18073"},"modified":"2025-03-07T12:26:34","modified_gmt":"2025-03-07T11:26:34","slug":"michal-lapaj-sessions-lp-schwarz-preorder","status":"publish","type":"product","link":"https:\/\/store.shelterofmine.com\/de\/produkt\/michal-lapaj-sessions-lp-schwarz-preorder\/","title":{"rendered":"Michal Lapaj | Sessions | LP SCHWARZ | PREORDER"},"content":{"rendered":"<p>\u201eSessions\u201c ist ein Material, das Micha\u0142 \u0141apajs Fans schon seit einiger Zeit kennen. Da die Aufnahmen, die bislang nur im digitalen Format erschienen, auf verst\u00e4ndlicherweise gro\u00dfes Interesse stie\u00dfen, ist es nun an der Zeit, sie physisch in einer exklusiven Vinyl-Edition zu ver\u00f6ffentlichen. Das Album erscheint Ende April dieses Jahres. Das Album \u201eSessions\u201c entstand aus reiner Improvisation und Faszination f\u00fcr alte analoge Synthesizer. Einzelne Songs erschienen zun\u00e4chst sporadisch auf dem YouTube-Kanal, die ganze Idee entstand w\u00e4hrend des Pandemie-Lockdowns. Es ist an der Zeit, sie zu einem Ganzen zusammenzuf\u00fcgen und ein bestimmtes Kapitel abzuschlie\u00dfen.<br \/>\nMicha\u0142 \u0141apaj beschreibt seine Musik wie folgt: \u201eSie enth\u00e4lt viel r\u00e4umliche Atmosph\u00e4re, Elemente aus Post-Rock, Ambient und Elektronik.\u201c Es ist voller Emotionen, Melancholie und Dunkelheit.&#8220;<\/p>\n<p>1. Session 1<br \/>\n2. Session 2<br \/>\n3. Session 3<br \/>\n4. Session 4<br \/>\n5. Session 5<\/p>\n","protected":false},"excerpt":{"rendered":"<p>Dies ist eine <strong>VORBESTELLUNG!!!<\/strong> Das Album erscheint am: 25. <strong>April 2025<\/strong><\/p>\n","protected":false},"featured_media":18078,"template":"","meta":{"site-sidebar-layout":"default","site-content-layout":"default","ast-site-content-layout":"default","site-content-style":"default","site-sidebar-style":"default","ast-global-header-display":"","ast-banner-title-visibility":"","ast-main-header-display":"","ast-hfb-above-header-display":"","ast-hfb-below-header-display":"","ast-hfb-mobile-header-display":"","site-post-title":"","ast-breadcrumbs-content":"","ast-featured-img":"","footer-sml-layout":"","theme-transparent-header-meta":"default","adv-header-id-meta":"","stick-header-meta":"","header-above-stick-meta":"","header-main-stick-meta":"","header-below-stick-meta":"","astra-migrate-meta-layouts":"set","ast-page-background-enabled":"default","ast-page-background-meta":{"desktop":{"background-color":"","background-image":"","background-repeat":"repeat","background-position":"center center","background-size":"auto","background-attachment":"scroll","background-type":"","background-media":"","overlay-type":"","overlay-color":"","overlay-gradient":""},"tablet":{"background-color":"","background-image":"","background-repeat":"repeat","background-position":"center center","background-size":"auto","background-attachment":"scroll","background-type":"","background-media":"","overlay-type":"","overlay-color":"","overlay-gradient":""},"mobile":{"background-color":"","background-image":"","background-repeat":"repeat","background-position":"center center","background-size":"auto","background-attachment":"scroll","background-type":"","background-media":"","overlay-type":"","overlay-color":"","overlay-gradient":""}},"ast-content-background-meta":{"desktop":{"background-color":"var(--ast-global-color-5)","background-image":"","background-repeat":"repeat","background-position":"center center","background-size":"auto","background-attachment":"scroll","background-type":"","background-media":"","overlay-type":"","overlay-color":"","overlay-gradient":""},"tablet":{"background-color":"var(--ast-global-color-5)","background-image":"","background-repeat":"repeat","background-position":"center center","background-size":"auto","background-attachment":"scroll","background-type":"","background-media":"","overlay-type":"","overlay-color":"","overlay-gradient":""},"mobile":{"background-color":"var(--ast-global-color-5)","background-image":"","background-repeat":"repeat","background-position":"center center","background-size":"auto","background-attachment":"scroll","background-type":"","background-media":"","overlay-type":"","overlay-color":"","overlay-gradient":""}}},"product_cat":[271,253],"product_tag":[],"class_list":{"0":"post-18073","1":"product","2":"type-product","3":"status-publish","4":"has-post-thumbnail","6":"product_cat-uncategorized-de","7":"product_cat-solo-projekte","8":"desktop-align-left","9":"tablet-align-left","10":"mobile-align-left","12":"first","13":"instock","14":"shipping-taxable","15":"purchasable","16":"product-type-simple"},"_links":{"self":[{"href":"https:\/\/store.shelterofmine.com\/de\/wp-json\/wp\/v2\/product\/18073","targetHints":{"allow":["GET"]}}],"collection":[{"href":"https:\/\/store.shelterofmine.com\/de\/wp-json\/wp\/v2\/product"}],"about":[{"href":"https:\/\/store.shelterofmine.com\/de\/wp-json\/wp\/v2\/types\/product"}],"version-history":[{"count":1,"href":"https:\/\/store.shelterofmine.com\/de\/wp-json\/wp\/v2\/product\/18073\/revisions"}],"predecessor-version":[{"id":18082,"href":"https:\/\/store.shelterofmine.com\/de\/wp-json\/wp\/v2\/product\/18073\/revisions\/18082"}],"wp:featuredmedia":[{"embeddable":true,"href":"https:\/\/store.shelterofmine.com\/de\/wp-json\/wp\/v2\/media\/18078"}],"wp:attachment":[{"href":"https:\/\/store.shelterofmine.com\/de\/wp-json\/wp\/v2\/media?parent=18073"}],"wp:term":[{"taxonomy":"product_cat","embeddable":true,"href":"https:\/\/store.shelterofmine.com\/de\/wp-json\/wp\/v2\/product_cat?post=18073"},{"taxonomy":"product_tag","embeddable":true,"href":"https:\/\/store.shelterofmine.com\/de\/wp-json\/wp\/v2\/product_tag?post=18073"}],"curies":[{"name":"wp","href":"https:\/\/api.w.org\/{rel}","templated":true}]}}