{"id":6181,"date":"2024-12-17T10:52:41","date_gmt":"2024-12-17T09:52:41","guid":{"rendered":"https:\/\/store.shelterofmine.com\/produkt\/riverside-reality-dream-trilogy-6xcd\/"},"modified":"2025-02-04T18:42:53","modified_gmt":"2025-02-04T17:42:53","slug":"realitat-traum-trilogie","status":"publish","type":"product","link":"https:\/\/store.shelterofmine.com\/de\/produkt\/realitat-traum-trilogie\/","title":{"rendered":"Riverside, Reality Dream Trilogy 6xCD !!!"},"content":{"rendered":"<p>Riverside&#8217;s Sechs-Scheiben-BOX in einer exklusiven Edition. Diese wunderbare Ver\u00f6ffentlichung enth\u00e4lt zus\u00e4tzlich zu den vollst\u00e4ndigen Studioalben eine betr\u00e4chtliche Anzahl von Bonustracks: Live-Auftritte und solche, die nur auf l\u00e4ngst vergriffenen Singles erh\u00e4ltlich sind.<\/p>\n<p>&nbsp;<\/p>\n<p>Songs des Albums<\/p>\n<p>&#8212;CD1: AUS MIR SELBST HERAUS<br \/>\n1. DERSELBE FLUSS<br \/>\n2. AUS MIR SELBST HERAUS<br \/>\n3. ICH GLAUBE<br \/>\n4. REALIT\u00c4T TRAUM<br \/>\n5. LOSES HERZ<br \/>\n6. REALIT\u00c4T TRAUM II<br \/>\n7. IM ZWIESPALT<br \/>\n8. DER VORHANG F\u00c4LLT<br \/>\n9. OKAY<br \/>\n&#8212;CD2: STIMMEN IN MEINEM KOPF<br \/>\n1. US<br \/>\n2. AKRONYM LIEBE<br \/>\n3 DNA TS. REDNUM ODER F. RAF<br \/>\n4. DIE ZEIT, IN DER ICH GETR\u00c4UMT HABE<br \/>\n5. EINGEKLEMMT ZWISCHEN<br \/>\n6. I BELIEVE (live)<br \/>\n7. LOOSE HEART (live)<br \/>\n8. OUT OF MYSELF (live)<br \/>\n&#8212;CD3: ZWEITES LEBEN-SYNDROM<br \/>\n1. NACHHER<br \/>\n2. VOLTE-FACE<br \/>\n3. DICH ZU EMPFANGEN<br \/>\n4. DAS SYNDROM DES ZWEITEN LEBENS<br \/>\n5. K\u00dcNSTLICHES L\u00c4CHELN<br \/>\n6. ICH HABE DICH ABGEWIESEN<br \/>\n7. REALIT\u00c4T TRAUM III<br \/>\n8. TANZ MIT DEM SCHATTEN<br \/>\n9. VORHER<br \/>\n&#8212;CD4: ZWEITES LIVE-SYNDROM<br \/>\n1. VOLTE-FACE (live)<br \/>\n2. CONCEIVING YOU (live)<br \/>\n3. SECOND LIFE SYNDROME (live)<\/p>\n<p>4 I TURNED YOU DOWN (live)<br \/>\n5. REALITY DREAM III (live)<br \/>\n6 TANZ MIT DEM SCHATTEN (live)<br \/>\n7. BEFORE (live)<br \/>\n8. DAS ST\u00dcCK, DAS DEN GEISTIGEN ZUSTAND EINES DER MITGLIEDER UNSERER BAND WIDERSPIEGELT<br \/>\n1-7 aus &#8222;Reality Dream&#8220; DVD\/Live-Album<br \/>\n(2008)<br \/>\n8 aus &#8222;Conceiving You&#8220; Single<br \/>\n(2005)<br \/>\n&#8212;CD5: SCHNELLE AUGENBEWEGUNG<br \/>\nTeil Eins &#8211; Furchtlos<br \/>\n1. HINTER DEN AUGENLIDERN<br \/>\n2. DIE RAINBOW BOX<br \/>\n3. 02 PANIKRAUM<br \/>\n4. SCHIZOPHRENES GEBET<br \/>\n5. PARASOMNIE<br \/>\nZweiter Teil &#8211; Fearland<br \/>\n6. DURCH DIE ANDERE SEITE<br \/>\n7 EMBRYONISCH<br \/>\n8. KYBERNETISCHES KOPFKISSEN<br \/>\n9. ULTIMATIVE REISE<br \/>\n&#8212;CD6: SCHNELLE AUGENBEWEGUNG II<br \/>\n1. HINTER DEN AUGENLIDERN<br \/>\n2. LUZIDER TRAUM IV<br \/>\n3. 02 PANIC ROOM (Remix)<br \/>\n4. REGENBOGENFAHRT<br \/>\n5. ZUR\u00dcCK ZUM FLUSS<br \/>\n6. SCHNELLE AUGENBEWEGUNGEN<br \/>\n2-3,5 &#8211; aus &#8222;02 Panic Room&#8220; Single<br \/>\n(2007)<br \/>\n1,4,6 &#8211; aus &#8222;Schizophrenic Prayer&#8220; Single<br \/>\n(2008)<\/p>\n","protected":false},"excerpt":{"rendered":"<p>Riverside&#8217;s Sechs-Scheiben-BOX in einer exklusiven Edition. Diese wunderbare Ver\u00f6ffentlichung enth\u00e4lt zus\u00e4tzlich zu den vollst\u00e4ndigen Studioalben eine betr\u00e4chtliche Anzahl von Bonustracks: Live-Auftritte und solche, die nur auf l\u00e4ngst vergriffenen Singles erh\u00e4ltlich sind. &nbsp; Songs des Albums &#8212;CD1: AUS MIR SELBST HERAUS 1. DERSELBE FLUSS 2. AUS MIR SELBST HERAUS 3. ICH GLAUBE 4. REALIT\u00c4T TRAUM 5. &hellip;<\/p>\n<p class=\"read-more\"> <a class=\"\" href=\"https:\/\/store.shelterofmine.com\/de\/produkt\/realitat-traum-trilogie\/\"> <span class=\"screen-reader-text\">Riverside, Reality Dream Trilogy 6xCD !!!<\/span> Weiterlesen &raquo;<\/a><\/p>\n","protected":false},"featured_media":5912,"template":"","meta":{"site-sidebar-layout":"default","site-content-layout":"default","ast-site-content-layout":"default","site-content-style":"default","site-sidebar-style":"default","ast-global-header-display":"","ast-banner-title-visibility":"","ast-main-header-display":"","ast-hfb-above-header-display":"","ast-hfb-below-header-display":"","ast-hfb-mobile-header-display":"","site-post-title":"","ast-breadcrumbs-content":"","ast-featured-img":"","footer-sml-layout":"","theme-transparent-header-meta":"default","adv-header-id-meta":"","stick-header-meta":"","header-above-stick-meta":"","header-main-stick-meta":"","header-below-stick-meta":"","astra-migrate-meta-layouts":"default","ast-page-background-enabled":"default","ast-page-background-meta":{"desktop":{"background-color":"","background-image":"","background-repeat":"repeat","background-position":"center center","background-size":"auto","background-attachment":"scroll","background-type":"","background-media":"","overlay-type":"","overlay-color":"","overlay-gradient":""},"tablet":{"background-color":"","background-image":"","background-repeat":"repeat","background-position":"center center","background-size":"auto","background-attachment":"scroll","background-type":"","background-media":"","overlay-type":"","overlay-color":"","overlay-gradient":""},"mobile":{"background-color":"","background-image":"","background-repeat":"repeat","background-position":"center center","background-size":"auto","background-attachment":"scroll","background-type":"","background-media":"","overlay-type":"","overlay-color":"","overlay-gradient":""}},"ast-content-background-meta":{"desktop":{"background-color":"var(--ast-global-color-5)","background-image":"","background-repeat":"repeat","background-position":"center center","background-size":"auto","background-attachment":"scroll","background-type":"","background-media":"","overlay-type":"","overlay-color":"","overlay-gradient":""},"tablet":{"background-color":"var(--ast-global-color-5)","background-image":"","background-repeat":"repeat","background-position":"center center","background-size":"auto","background-attachment":"scroll","background-type":"","background-media":"","overlay-type":"","overlay-color":"","overlay-gradient":""},"mobile":{"background-color":"var(--ast-global-color-5)","background-image":"","background-repeat":"repeat","background-position":"center center","background-size":"auto","background-attachment":"scroll","background-type":"","background-media":"","overlay-type":"","overlay-color":"","overlay-gradient":""}}},"product_cat":[190],"product_tag":[],"class_list":{"0":"post-6181","1":"product","2":"type-product","3":"status-publish","4":"has-post-thumbnail","6":"product_cat-musik","7":"desktop-align-left","8":"tablet-align-left","9":"mobile-align-left","11":"first","12":"instock","13":"shipping-taxable","14":"purchasable","15":"product-type-simple"},"_links":{"self":[{"href":"https:\/\/store.shelterofmine.com\/de\/wp-json\/wp\/v2\/product\/6181","targetHints":{"allow":["GET"]}}],"collection":[{"href":"https:\/\/store.shelterofmine.com\/de\/wp-json\/wp\/v2\/product"}],"about":[{"href":"https:\/\/store.shelterofmine.com\/de\/wp-json\/wp\/v2\/types\/product"}],"version-history":[{"count":1,"href":"https:\/\/store.shelterofmine.com\/de\/wp-json\/wp\/v2\/product\/6181\/revisions"}],"predecessor-version":[{"id":7016,"href":"https:\/\/store.shelterofmine.com\/de\/wp-json\/wp\/v2\/product\/6181\/revisions\/7016"}],"wp:featuredmedia":[{"embeddable":true,"href":"https:\/\/store.shelterofmine.com\/de\/wp-json\/wp\/v2\/media\/5912"}],"wp:attachment":[{"href":"https:\/\/store.shelterofmine.com\/de\/wp-json\/wp\/v2\/media?parent=6181"}],"wp:term":[{"taxonomy":"product_cat","embeddable":true,"href":"https:\/\/store.shelterofmine.com\/de\/wp-json\/wp\/v2\/product_cat?post=6181"},{"taxonomy":"product_tag","embeddable":true,"href":"https:\/\/store.shelterofmine.com\/de\/wp-json\/wp\/v2\/product_tag?post=6181"}],"curies":[{"name":"wp","href":"https:\/\/api.w.org\/{rel}","templated":true}]}}