{"id":6205,"date":"2024-11-19T11:15:18","date_gmt":"2024-11-19T10:15:18","guid":{"rendered":"https:\/\/store.shelterofmine.com\/produkt\/riverside-t-shirt-anno-domini-high-definition\/"},"modified":"2023-04-19T22:04:02","modified_gmt":"2023-04-19T20:04:02","slug":"shirt-riverside-anno-domini-high-definition","status":"publish","type":"product","link":"https:\/\/store.shelterofmine.com\/de\/produkt\/shirt-riverside-anno-domini-high-definition\/","title":{"rendered":"Riverside, T-Shirt &#8211; Anno Domini High Definition"},"content":{"rendered":"<p>Paramounts:<br \/>\n&#8211; Klassischer Schnitt<br \/>\n&#8211; Nahtloser, nicht gen\u00e4hter Kragen, 2,3 cm breit<br \/>\n&#8211; Doppelte 2,3 cm breite Saumabschl\u00fcsse an \u00c4rmeln und Boden<br \/>\n&#8211; Glatte Vorderseite ohne Falten<\/p>\n<p>Material:<br \/>\n100% Baumwolle<\/p>\n<p>Gewicht:<br \/>\nUngef\u00e4hr 200 g\/m\u00b2<\/p>\n","protected":false},"excerpt":{"rendered":"<p>Paramounts: &#8211; Klassischer Schnitt &#8211; Nahtloser, nicht gen\u00e4hter Kragen, 2,3 cm breit &#8211; Doppelte 2,3 cm breite Saumabschl\u00fcsse an \u00c4rmeln und Boden &#8211; Glatte Vorderseite ohne Falten Material: 100% Baumwolle Gewicht: Ungef\u00e4hr 200 g\/m\u00b2<\/p>\n","protected":false},"featured_media":5822,"template":"","meta":{"site-sidebar-layout":"default","site-content-layout":"default","ast-site-content-layout":"default","site-content-style":"default","site-sidebar-style":"default","ast-global-header-display":"","ast-banner-title-visibility":"","ast-main-header-display":"","ast-hfb-above-header-display":"","ast-hfb-below-header-display":"","ast-hfb-mobile-header-display":"","site-post-title":"","ast-breadcrumbs-content":"","ast-featured-img":"","footer-sml-layout":"","theme-transparent-header-meta":"default","adv-header-id-meta":"","stick-header-meta":"","header-above-stick-meta":"","header-main-stick-meta":"","header-below-stick-meta":"","astra-migrate-meta-layouts":"default","ast-page-background-enabled":"default","ast-page-background-meta":{"desktop":{"background-color":"","background-image":"","background-repeat":"repeat","background-position":"center center","background-size":"auto","background-attachment":"scroll","background-type":"","background-media":"","overlay-type":"","overlay-color":"","overlay-gradient":""},"tablet":{"background-color":"","background-image":"","background-repeat":"repeat","background-position":"center center","background-size":"auto","background-attachment":"scroll","background-type":"","background-media":"","overlay-type":"","overlay-color":"","overlay-gradient":""},"mobile":{"background-color":"","background-image":"","background-repeat":"repeat","background-position":"center center","background-size":"auto","background-attachment":"scroll","background-type":"","background-media":"","overlay-type":"","overlay-color":"","overlay-gradient":""}},"ast-content-background-meta":{"desktop":{"background-color":"var(--ast-global-color-5)","background-image":"","background-repeat":"repeat","background-position":"center center","background-size":"auto","background-attachment":"scroll","background-type":"","background-media":"","overlay-type":"","overlay-color":"","overlay-gradient":""},"tablet":{"background-color":"var(--ast-global-color-5)","background-image":"","background-repeat":"repeat","background-position":"center center","background-size":"auto","background-attachment":"scroll","background-type":"","background-media":"","overlay-type":"","overlay-color":"","overlay-gradient":""},"mobile":{"background-color":"var(--ast-global-color-5)","background-image":"","background-repeat":"repeat","background-position":"center center","background-size":"auto","background-attachment":"scroll","background-type":"","background-media":"","overlay-type":"","overlay-color":"","overlay-gradient":""}}},"product_cat":[271],"product_tag":[],"class_list":{"0":"post-6205","1":"product","2":"type-product","3":"status-publish","4":"has-post-thumbnail","6":"product_cat-uncategorized-de","7":"desktop-align-left","8":"tablet-align-left","9":"mobile-align-left","11":"first","12":"instock","13":"shipping-taxable","14":"purchasable","15":"product-type-variable"},"_links":{"self":[{"href":"https:\/\/store.shelterofmine.com\/de\/wp-json\/wp\/v2\/product\/6205","targetHints":{"allow":["GET"]}}],"collection":[{"href":"https:\/\/store.shelterofmine.com\/de\/wp-json\/wp\/v2\/product"}],"about":[{"href":"https:\/\/store.shelterofmine.com\/de\/wp-json\/wp\/v2\/types\/product"}],"version-history":[{"count":1,"href":"https:\/\/store.shelterofmine.com\/de\/wp-json\/wp\/v2\/product\/6205\/revisions"}],"predecessor-version":[{"id":6705,"href":"https:\/\/store.shelterofmine.com\/de\/wp-json\/wp\/v2\/product\/6205\/revisions\/6705"}],"wp:featuredmedia":[{"embeddable":true,"href":"https:\/\/store.shelterofmine.com\/de\/wp-json\/wp\/v2\/media\/5822"}],"wp:attachment":[{"href":"https:\/\/store.shelterofmine.com\/de\/wp-json\/wp\/v2\/media?parent=6205"}],"wp:term":[{"taxonomy":"product_cat","embeddable":true,"href":"https:\/\/store.shelterofmine.com\/de\/wp-json\/wp\/v2\/product_cat?post=6205"},{"taxonomy":"product_tag","embeddable":true,"href":"https:\/\/store.shelterofmine.com\/de\/wp-json\/wp\/v2\/product_tag?post=6205"}],"curies":[{"name":"wp","href":"https:\/\/api.w.org\/{rel}","templated":true}]}}