{"id":6228,"date":"2024-12-28T11:30:22","date_gmt":"2024-12-28T10:30:22","guid":{"rendered":"https:\/\/store.shelterofmine.com\/produkt\/riverside-id-entity-vinyl-record-farbe-rot\/"},"modified":"2023-05-11T14:42:51","modified_gmt":"2023-05-11T12:42:51","slug":"riverside-id-entity-vinyl-plate-farbig-rot","status":"publish","type":"product","link":"https:\/\/store.shelterofmine.com\/de\/produkt\/riverside-id-entity-vinyl-plate-farbig-rot\/","title":{"rendered":"Riverside ID.Entity Vinyl record. ROT"},"content":{"rendered":"<p>&#8222;Ist es heutzutage m\u00f6glich, man selbst zu sein, ohne sich daf\u00fcr zu interessieren, was in der Welt geschieht? Ist es m\u00f6glich, unter Menschen zu leben, ohne sich f\u00fcr die sozialen Ver\u00e4nderungen zu interessieren, die sich in immer schnellerem Tempo vollziehen? Riverside sagt auf ihrem neuesten Album, dass dies nicht m\u00f6glich ist. Und sie betonen, dass wir, um diese schwierigen Zeiten zu \u00fcberstehen, Selbstbewusstsein, Empathie, Gemeinschaft und sowohl die Unterst\u00fctzung des anderen als auch eine Abkehr von all denen brauchen, die Gift in unser Leben spritzen, uns spalten und gegeneinander aufbringen. Viele der wichtigen Themen, die auf dem neuen Album angesprochen werden, machen &#8218;ID.Entity&#8216; nicht nur zu einem soliden musikalischen und lyrischen Start in das dritte Jahrzehnt von Riverside, sondern auch zu einem der wichtigsten Alben in der gesamten Karriere der Band.&#8220;<\/p>\n<p>&nbsp;<\/p>\n","protected":false},"excerpt":{"rendered":"<p>N 1<br \/>\nSeite A Seite B<br \/>\n1. Friend or Foe? 1. Post-Truth<br \/>\nLandminensprengung 2. Der Ort, an den ich geh\u00f6re<br \/>\n3. Big Tech Brother<\/p>\n<p>N 2<br \/>\nSeite C Seite D &#8211; Bonusmaterial<br \/>\nIch bin fertig mit dir 1. Zeitalter des Zorns<br \/>\nSelbst-Bewusstsein 2. Wieder zusammen<\/p>\n","protected":false},"featured_media":16953,"template":"","meta":{"site-sidebar-layout":"default","site-content-layout":"default","ast-site-content-layout":"default","site-content-style":"default","site-sidebar-style":"default","ast-global-header-display":"","ast-banner-title-visibility":"","ast-main-header-display":"","ast-hfb-above-header-display":"","ast-hfb-below-header-display":"","ast-hfb-mobile-header-display":"","site-post-title":"","ast-breadcrumbs-content":"","ast-featured-img":"","footer-sml-layout":"","theme-transparent-header-meta":"default","adv-header-id-meta":"","stick-header-meta":"","header-above-stick-meta":"","header-main-stick-meta":"","header-below-stick-meta":"","astra-migrate-meta-layouts":"default","ast-page-background-enabled":"default","ast-page-background-meta":{"desktop":{"background-color":"","background-image":"","background-repeat":"repeat","background-position":"center center","background-size":"auto","background-attachment":"scroll","background-type":"","background-media":"","overlay-type":"","overlay-color":"","overlay-gradient":""},"tablet":{"background-color":"","background-image":"","background-repeat":"repeat","background-position":"center center","background-size":"auto","background-attachment":"scroll","background-type":"","background-media":"","overlay-type":"","overlay-color":"","overlay-gradient":""},"mobile":{"background-color":"","background-image":"","background-repeat":"repeat","background-position":"center center","background-size":"auto","background-attachment":"scroll","background-type":"","background-media":"","overlay-type":"","overlay-color":"","overlay-gradient":""}},"ast-content-background-meta":{"desktop":{"background-color":"var(--ast-global-color-5)","background-image":"","background-repeat":"repeat","background-position":"center center","background-size":"auto","background-attachment":"scroll","background-type":"","background-media":"","overlay-type":"","overlay-color":"","overlay-gradient":""},"tablet":{"background-color":"var(--ast-global-color-5)","background-image":"","background-repeat":"repeat","background-position":"center center","background-size":"auto","background-attachment":"scroll","background-type":"","background-media":"","overlay-type":"","overlay-color":"","overlay-gradient":""},"mobile":{"background-color":"var(--ast-global-color-5)","background-image":"","background-repeat":"repeat","background-position":"center center","background-size":"auto","background-attachment":"scroll","background-type":"","background-media":"","overlay-type":"","overlay-color":"","overlay-gradient":""}}},"product_cat":[190],"product_tag":[],"class_list":{"0":"post-6228","1":"product","2":"type-product","3":"status-publish","4":"has-post-thumbnail","6":"product_cat-musik","7":"desktop-align-left","8":"tablet-align-left","9":"mobile-align-left","11":"first","12":"instock","13":"shipping-taxable","14":"purchasable","15":"product-type-simple"},"_links":{"self":[{"href":"https:\/\/store.shelterofmine.com\/de\/wp-json\/wp\/v2\/product\/6228","targetHints":{"allow":["GET"]}}],"collection":[{"href":"https:\/\/store.shelterofmine.com\/de\/wp-json\/wp\/v2\/product"}],"about":[{"href":"https:\/\/store.shelterofmine.com\/de\/wp-json\/wp\/v2\/types\/product"}],"version-history":[{"count":3,"href":"https:\/\/store.shelterofmine.com\/de\/wp-json\/wp\/v2\/product\/6228\/revisions"}],"predecessor-version":[{"id":7515,"href":"https:\/\/store.shelterofmine.com\/de\/wp-json\/wp\/v2\/product\/6228\/revisions\/7515"}],"wp:featuredmedia":[{"embeddable":true,"href":"https:\/\/store.shelterofmine.com\/de\/wp-json\/wp\/v2\/media\/16953"}],"wp:attachment":[{"href":"https:\/\/store.shelterofmine.com\/de\/wp-json\/wp\/v2\/media?parent=6228"}],"wp:term":[{"taxonomy":"product_cat","embeddable":true,"href":"https:\/\/store.shelterofmine.com\/de\/wp-json\/wp\/v2\/product_cat?post=6228"},{"taxonomy":"product_tag","embeddable":true,"href":"https:\/\/store.shelterofmine.com\/de\/wp-json\/wp\/v2\/product_tag?post=6228"}],"curies":[{"name":"wp","href":"https:\/\/api.w.org\/{rel}","templated":true}]}}