{"id":6275,"date":"2024-09-28T10:55:50","date_gmt":"2024-09-28T08:55:50","guid":{"rendered":"https:\/\/store.shelterofmine.com\/produkt\/mariusz-duda-innenraum-zeichnungen-orange-lp\/"},"modified":"2025-03-01T23:11:14","modified_gmt":"2025-03-01T22:11:14","slug":"mariusz-duda-innen-zeichnungen-orange-lp","status":"publish","type":"product","link":"https:\/\/store.shelterofmine.com\/de\/produkt\/mariusz-duda-innen-zeichnungen-orange-lp\/","title":{"rendered":"Mariusz Duda, Innenraum-Zeichnungen orange LP"},"content":{"rendered":"<p>&#8222;Vor drei\u00dfig Jahren schloss sich ein sch\u00fcchterner Junge, der von den Werken von Jean Michel Jarre, Vangelis oder Tangerine Dream fasziniert war, in seinem Zimmer ein und begann, seine eigenen musikalischen Geschichten zu erfinden. Er nahm sie auf Kassetten auf, gestaltete ihre H\u00fcllen und stellte sie in ein Regal neben die seiner Vorbilder. 30 Jahre sp\u00e4ter, als die Welt von einer Pandemie und einer internationalen Abriegelung heimgesucht wurde, kehrte Marius in sein Kinderzimmer zur\u00fcck, wo er Comics las und zeichnete, Spiele spielte, Musik von Kassetten h\u00f6rte und seine eigenen elektronischen Kl\u00e4nge aufnahm. &#8222;Warum nicht noch einmal?&#8220;, dachte er und f\u00fchlte sich inspiriert. &#8222;Warum nicht ein neues Projekt gr\u00fcnden, bei dem ich nur Keyboards spiele? Und warum sollte ich es nicht so signieren, wie ich es als Kind getan habe? Einfach &#8222;Mariusz Duda&#8220;.<\/p>\n<p>&nbsp;<\/p>\n","protected":false},"excerpt":{"rendered":"<p>Seite A:<br \/>\n1. rasende Gedanken<br \/>\n2 Innenraum-Zeichnungen<br \/>\n3 Formen in Notizb\u00fcchern<br \/>\n4 H\u00e4ftling auf Antrag<\/p>\n<p>Seite B:<br \/>\n1. der Traum der Ruhe<br \/>\n2. wie man eine Krise \u00fcberwindet<br \/>\n3. fast fertig<br \/>\n4 Vor\u00fcbergehendes Gl\u00fccklichsein<\/p>\n","protected":false},"featured_media":5954,"template":"","meta":{"site-sidebar-layout":"default","site-content-layout":"default","ast-site-content-layout":"default","site-content-style":"default","site-sidebar-style":"default","ast-global-header-display":"","ast-banner-title-visibility":"","ast-main-header-display":"","ast-hfb-above-header-display":"","ast-hfb-below-header-display":"","ast-hfb-mobile-header-display":"","site-post-title":"","ast-breadcrumbs-content":"","ast-featured-img":"","footer-sml-layout":"","theme-transparent-header-meta":"default","adv-header-id-meta":"","stick-header-meta":"","header-above-stick-meta":"","header-main-stick-meta":"","header-below-stick-meta":"","astra-migrate-meta-layouts":"default","ast-page-background-enabled":"default","ast-page-background-meta":{"desktop":{"background-color":"","background-image":"","background-repeat":"repeat","background-position":"center center","background-size":"auto","background-attachment":"scroll","background-type":"","background-media":"","overlay-type":"","overlay-color":"","overlay-gradient":""},"tablet":{"background-color":"","background-image":"","background-repeat":"repeat","background-position":"center center","background-size":"auto","background-attachment":"scroll","background-type":"","background-media":"","overlay-type":"","overlay-color":"","overlay-gradient":""},"mobile":{"background-color":"","background-image":"","background-repeat":"repeat","background-position":"center center","background-size":"auto","background-attachment":"scroll","background-type":"","background-media":"","overlay-type":"","overlay-color":"","overlay-gradient":""}},"ast-content-background-meta":{"desktop":{"background-color":"var(--ast-global-color-5)","background-image":"","background-repeat":"repeat","background-position":"center center","background-size":"auto","background-attachment":"scroll","background-type":"","background-media":"","overlay-type":"","overlay-color":"","overlay-gradient":""},"tablet":{"background-color":"var(--ast-global-color-5)","background-image":"","background-repeat":"repeat","background-position":"center center","background-size":"auto","background-attachment":"scroll","background-type":"","background-media":"","overlay-type":"","overlay-color":"","overlay-gradient":""},"mobile":{"background-color":"var(--ast-global-color-5)","background-image":"","background-repeat":"repeat","background-position":"center center","background-size":"auto","background-attachment":"scroll","background-type":"","background-media":"","overlay-type":"","overlay-color":"","overlay-gradient":""}}},"product_cat":[253],"product_tag":[229,228],"class_list":{"0":"post-6275","1":"product","2":"type-product","3":"status-publish","4":"has-post-thumbnail","6":"product_cat-solo-projekte","7":"product_tag-mariusz-duda-de","8":"product_tag-n-de","9":"desktop-align-left","10":"tablet-align-left","11":"mobile-align-left","13":"first","14":"instock","15":"shipping-taxable","16":"purchasable","17":"product-type-simple"},"_links":{"self":[{"href":"https:\/\/store.shelterofmine.com\/de\/wp-json\/wp\/v2\/product\/6275","targetHints":{"allow":["GET"]}}],"collection":[{"href":"https:\/\/store.shelterofmine.com\/de\/wp-json\/wp\/v2\/product"}],"about":[{"href":"https:\/\/store.shelterofmine.com\/de\/wp-json\/wp\/v2\/types\/product"}],"version-history":[{"count":1,"href":"https:\/\/store.shelterofmine.com\/de\/wp-json\/wp\/v2\/product\/6275\/revisions"}],"predecessor-version":[{"id":6864,"href":"https:\/\/store.shelterofmine.com\/de\/wp-json\/wp\/v2\/product\/6275\/revisions\/6864"}],"wp:featuredmedia":[{"embeddable":true,"href":"https:\/\/store.shelterofmine.com\/de\/wp-json\/wp\/v2\/media\/5954"}],"wp:attachment":[{"href":"https:\/\/store.shelterofmine.com\/de\/wp-json\/wp\/v2\/media?parent=6275"}],"wp:term":[{"taxonomy":"product_cat","embeddable":true,"href":"https:\/\/store.shelterofmine.com\/de\/wp-json\/wp\/v2\/product_cat?post=6275"},{"taxonomy":"product_tag","embeddable":true,"href":"https:\/\/store.shelterofmine.com\/de\/wp-json\/wp\/v2\/product_tag?post=6275"}],"curies":[{"name":"wp","href":"https:\/\/api.w.org\/{rel}","templated":true}]}}