{"id":6282,"date":"2023-03-22T10:55:54","date_gmt":"2023-03-22T09:55:54","guid":{"rendered":"https:\/\/store.shelterofmine.com\/produkt\/maciej-meller-zenith-akustik-cd\/"},"modified":"2023-04-25T19:40:38","modified_gmt":"2023-04-25T17:40:38","slug":"maciej-meller-zenith-akustik-cd","status":"publish","type":"product","link":"https:\/\/store.shelterofmine.com\/de\/produkt\/maciej-meller-zenith-akustik-cd\/","title":{"rendered":"Maciej Meller Zenith Akustik CD"},"content":{"rendered":"<p>&nbsp;<\/p>\n<p>MACIEJ MELLER &#8211; &#8222;ZENITH AKUSTISCH&#8220;<br \/>\n1. SEITE<br \/>\n2. GEFROREN<br \/>\n3. HALBWEGE<br \/>\n4 FOX<br \/>\n5. MESSER<br \/>\nTRIP 6.<br \/>\nMaciej Meller &#8211; Gitarren, Pfeife (4)<br \/>\nKrzysztof Borek &#8211; Gesang<br \/>\nZbigniew Florek &#8211; Klavier, Keyboards<br \/>\nJacek Mazurkiewicz &#8211; Kontrabass<br \/>\n\u0141ukasz Oliwkowski &#8211; Schlagzeug<br \/>\nPiotr Rog\u00f3\u017c &#8211; Saxophone (1, 2, 6)<br \/>\nPawe\u0142 Hulisz &#8211; Fl\u00fcgelhorn, Trompete (3,6)<br \/>\nJacek Zasada &#8211; Fl\u00f6te (2, 4)<br \/>\nKamil Szewczyk &#8211; Oboe (1)<\/p>\n","protected":false},"excerpt":{"rendered":"<p>&nbsp; MACIEJ MELLER &#8211; &#8222;ZENITH AKUSTISCH&#8220; 1. SEITE 2. GEFROREN 3. HALBWEGE 4 FOX 5. MESSER TRIP 6. Maciej Meller &#8211; Gitarren, Pfeife (4) Krzysztof Borek &#8211; Gesang Zbigniew Florek &#8211; Klavier, Keyboards Jacek Mazurkiewicz &#8211; Kontrabass \u0141ukasz Oliwkowski &#8211; Schlagzeug Piotr Rog\u00f3\u017c &#8211; Saxophone (1, 2, 6) Pawe\u0142 Hulisz &#8211; Fl\u00fcgelhorn, Trompete (3,6) Jacek &hellip;<\/p>\n<p class=\"read-more\"> <a class=\"\" href=\"https:\/\/store.shelterofmine.com\/de\/produkt\/maciej-meller-zenith-akustik-cd\/\"> <span class=\"screen-reader-text\">Maciej Meller Zenith Akustik CD<\/span> Weiterlesen &raquo;<\/a><\/p>\n","protected":false},"featured_media":5780,"template":"","meta":{"site-sidebar-layout":"default","site-content-layout":"default","ast-site-content-layout":"default","site-content-style":"default","site-sidebar-style":"default","ast-global-header-display":"","ast-banner-title-visibility":"","ast-main-header-display":"","ast-hfb-above-header-display":"","ast-hfb-below-header-display":"","ast-hfb-mobile-header-display":"","site-post-title":"","ast-breadcrumbs-content":"","ast-featured-img":"","footer-sml-layout":"","theme-transparent-header-meta":"default","adv-header-id-meta":"","stick-header-meta":"","header-above-stick-meta":"","header-main-stick-meta":"","header-below-stick-meta":"","astra-migrate-meta-layouts":"default","ast-page-background-enabled":"default","ast-page-background-meta":{"desktop":{"background-color":"","background-image":"","background-repeat":"repeat","background-position":"center center","background-size":"auto","background-attachment":"scroll","background-type":"","background-media":"","overlay-type":"","overlay-color":"","overlay-gradient":""},"tablet":{"background-color":"","background-image":"","background-repeat":"repeat","background-position":"center center","background-size":"auto","background-attachment":"scroll","background-type":"","background-media":"","overlay-type":"","overlay-color":"","overlay-gradient":""},"mobile":{"background-color":"","background-image":"","background-repeat":"repeat","background-position":"center center","background-size":"auto","background-attachment":"scroll","background-type":"","background-media":"","overlay-type":"","overlay-color":"","overlay-gradient":""}},"ast-content-background-meta":{"desktop":{"background-color":"var(--ast-global-color-5)","background-image":"","background-repeat":"repeat","background-position":"center center","background-size":"auto","background-attachment":"scroll","background-type":"","background-media":"","overlay-type":"","overlay-color":"","overlay-gradient":""},"tablet":{"background-color":"var(--ast-global-color-5)","background-image":"","background-repeat":"repeat","background-position":"center center","background-size":"auto","background-attachment":"scroll","background-type":"","background-media":"","overlay-type":"","overlay-color":"","overlay-gradient":""},"mobile":{"background-color":"var(--ast-global-color-5)","background-image":"","background-repeat":"repeat","background-position":"center center","background-size":"auto","background-attachment":"scroll","background-type":"","background-media":"","overlay-type":"","overlay-color":"","overlay-gradient":""}}},"product_cat":[271],"product_tag":[217,232],"class_list":{"0":"post-6282","1":"product","2":"type-product","3":"status-publish","4":"has-post-thumbnail","6":"product_cat-uncategorized-de","7":"product_tag-cd-de","8":"product_tag-maciej-meller-de","9":"desktop-align-left","10":"tablet-align-left","11":"mobile-align-left","13":"first","14":"outofstock","15":"shipping-taxable","16":"purchasable","17":"product-type-simple"},"_links":{"self":[{"href":"https:\/\/store.shelterofmine.com\/de\/wp-json\/wp\/v2\/product\/6282","targetHints":{"allow":["GET"]}}],"collection":[{"href":"https:\/\/store.shelterofmine.com\/de\/wp-json\/wp\/v2\/product"}],"about":[{"href":"https:\/\/store.shelterofmine.com\/de\/wp-json\/wp\/v2\/types\/product"}],"version-history":[{"count":1,"href":"https:\/\/store.shelterofmine.com\/de\/wp-json\/wp\/v2\/product\/6282\/revisions"}],"predecessor-version":[{"id":6878,"href":"https:\/\/store.shelterofmine.com\/de\/wp-json\/wp\/v2\/product\/6282\/revisions\/6878"}],"wp:featuredmedia":[{"embeddable":true,"href":"https:\/\/store.shelterofmine.com\/de\/wp-json\/wp\/v2\/media\/5780"}],"wp:attachment":[{"href":"https:\/\/store.shelterofmine.com\/de\/wp-json\/wp\/v2\/media?parent=6282"}],"wp:term":[{"taxonomy":"product_cat","embeddable":true,"href":"https:\/\/store.shelterofmine.com\/de\/wp-json\/wp\/v2\/product_cat?post=6282"},{"taxonomy":"product_tag","embeddable":true,"href":"https:\/\/store.shelterofmine.com\/de\/wp-json\/wp\/v2\/product_tag?post=6282"}],"curies":[{"name":"wp","href":"https:\/\/api.w.org\/{rel}","templated":true}]}}