{"id":6297,"date":"2023-03-22T10:55:41","date_gmt":"2023-03-22T09:55:41","guid":{"rendered":"https:\/\/store.shelterofmine.com\/produkt\/t-shirt-maciej-meller-zenith-herbstmotiv\/"},"modified":"2026-03-03T07:25:41","modified_gmt":"2026-03-03T06:25:41","slug":"t-shirt-maciej-meller-zenith-herbst-motiv","status":"publish","type":"product","link":"https:\/\/store.shelterofmine.com\/de\/produkt\/t-shirt-maciej-meller-zenith-herbst-motiv\/","title":{"rendered":"T-Shirt &#8211; Maciej Meller &#8211; Zenith Herbstmotiv"},"content":{"rendered":"<p>Parameter:<br \/>\n&#8211; Schnitt: SLIM<br \/>\n&#8211; Nahtloser, nicht gen\u00e4hter Kragen, 2,3 cm breit<br \/>\n&#8211; Doppelte 2,3 cm breite Saumabschl\u00fcsse an \u00c4rmeln und Boden<br \/>\n&#8211; Glatte Vorderseite ohne Falten<\/p>\n<p>Material:<br \/>\n100% Baumwolle<\/p>\n<p>Gewicht:<br \/>\nUngef\u00e4hr 200 g\/m\u00b2<\/p>\n","protected":false},"excerpt":{"rendered":"<p>Parameter: &#8211; Schnitt: SLIM &#8211; Nahtloser, nicht gen\u00e4hter Kragen, 2,3 cm breit &#8211; Doppelte 2,3 cm breite Saumabschl\u00fcsse an \u00c4rmeln und Boden &#8211; Glatte Vorderseite ohne Falten Material: 100% Baumwolle Gewicht: Ungef\u00e4hr 200 g\/m\u00b2<\/p>\n","protected":false},"featured_media":5708,"template":"","meta":{"site-sidebar-layout":"default","site-content-layout":"default","ast-site-content-layout":"default","site-content-style":"default","site-sidebar-style":"default","ast-global-header-display":"","ast-banner-title-visibility":"","ast-main-header-display":"","ast-hfb-above-header-display":"","ast-hfb-below-header-display":"","ast-hfb-mobile-header-display":"","site-post-title":"","ast-breadcrumbs-content":"","ast-featured-img":"","footer-sml-layout":"","theme-transparent-header-meta":"default","adv-header-id-meta":"","stick-header-meta":"","header-above-stick-meta":"","header-main-stick-meta":"","header-below-stick-meta":"","astra-migrate-meta-layouts":"default","ast-page-background-enabled":"default","ast-page-background-meta":{"desktop":{"background-color":"","background-image":"","background-repeat":"repeat","background-position":"center center","background-size":"auto","background-attachment":"scroll","background-type":"","background-media":"","overlay-type":"","overlay-color":"","overlay-gradient":""},"tablet":{"background-color":"","background-image":"","background-repeat":"repeat","background-position":"center center","background-size":"auto","background-attachment":"scroll","background-type":"","background-media":"","overlay-type":"","overlay-color":"","overlay-gradient":""},"mobile":{"background-color":"","background-image":"","background-repeat":"repeat","background-position":"center center","background-size":"auto","background-attachment":"scroll","background-type":"","background-media":"","overlay-type":"","overlay-color":"","overlay-gradient":""}},"ast-content-background-meta":{"desktop":{"background-color":"var(--ast-global-color-5)","background-image":"","background-repeat":"repeat","background-position":"center center","background-size":"auto","background-attachment":"scroll","background-type":"","background-media":"","overlay-type":"","overlay-color":"","overlay-gradient":""},"tablet":{"background-color":"var(--ast-global-color-5)","background-image":"","background-repeat":"repeat","background-position":"center center","background-size":"auto","background-attachment":"scroll","background-type":"","background-media":"","overlay-type":"","overlay-color":"","overlay-gradient":""},"mobile":{"background-color":"var(--ast-global-color-5)","background-image":"","background-repeat":"repeat","background-position":"center center","background-size":"auto","background-attachment":"scroll","background-type":"","background-media":"","overlay-type":"","overlay-color":"","overlay-gradient":""}}},"product_cat":[194],"product_tag":[232],"class_list":{"0":"post-6297","1":"product","2":"type-product","3":"status-publish","4":"has-post-thumbnail","6":"product_cat-textilien","7":"product_tag-maciej-meller-de","8":"desktop-align-left","9":"tablet-align-left","10":"mobile-align-left","12":"first","13":"instock","14":"sale","15":"shipping-taxable","16":"purchasable","17":"product-type-variable"},"_links":{"self":[{"href":"https:\/\/store.shelterofmine.com\/de\/wp-json\/wp\/v2\/product\/6297","targetHints":{"allow":["GET"]}}],"collection":[{"href":"https:\/\/store.shelterofmine.com\/de\/wp-json\/wp\/v2\/product"}],"about":[{"href":"https:\/\/store.shelterofmine.com\/de\/wp-json\/wp\/v2\/types\/product"}],"version-history":[{"count":1,"href":"https:\/\/store.shelterofmine.com\/de\/wp-json\/wp\/v2\/product\/6297\/revisions"}],"predecessor-version":[{"id":6502,"href":"https:\/\/store.shelterofmine.com\/de\/wp-json\/wp\/v2\/product\/6297\/revisions\/6502"}],"wp:featuredmedia":[{"embeddable":true,"href":"https:\/\/store.shelterofmine.com\/de\/wp-json\/wp\/v2\/media\/5708"}],"wp:attachment":[{"href":"https:\/\/store.shelterofmine.com\/de\/wp-json\/wp\/v2\/media?parent=6297"}],"wp:term":[{"taxonomy":"product_cat","embeddable":true,"href":"https:\/\/store.shelterofmine.com\/de\/wp-json\/wp\/v2\/product_cat?post=6297"},{"taxonomy":"product_tag","embeddable":true,"href":"https:\/\/store.shelterofmine.com\/de\/wp-json\/wp\/v2\/product_tag?post=6297"}],"curies":[{"name":"wp","href":"https:\/\/api.w.org\/{rel}","templated":true}]}}