{"id":6308,"date":"2024-12-28T23:00:54","date_gmt":"2024-12-28T22:00:54","guid":{"rendered":"https:\/\/store.shelterofmine.com\/produkt\/riverside-id-entity-ltd-deluxe-2cdblu-ray-artbook-44-seiten-booklet\/"},"modified":"2025-02-16T20:59:29","modified_gmt":"2025-02-16T19:59:29","slug":"riverside-id-entity-ltd-deluxe-2cdblu-ray-artbook-44-pages-booklet-2","status":"publish","type":"product","link":"https:\/\/store.shelterofmine.com\/de\/produkt\/riverside-id-entity-ltd-deluxe-2cdblu-ray-artbook-44-pages-booklet-2\/","title":{"rendered":"Riverside ID.Entity Ltd. Deluxe 2CD+Blu-ray Artbook (44 Seiten Booklet) !!!"},"content":{"rendered":"<p>&#8222;Ist es heutzutage m\u00f6glich, man selbst zu sein, ohne sich daf\u00fcr zu interessieren, was in der Welt geschieht? Ist es m\u00f6glich, unter Menschen zu leben, ohne sich f\u00fcr die gesellschaftlichen Ver\u00e4nderungen zu interessieren, die sich in immer schnellerem Tempo vollziehen? Riverside sagt auf ihrem neuesten Album, dass dies nicht m\u00f6glich ist. Und sie betonen, dass wir, um diese schwierigen Zeiten zu \u00fcberstehen, Selbstbewusstsein, Empathie, Gemeinschaft und sowohl die Unterst\u00fctzung des anderen als auch eine Abkehr von all denen brauchen, die Gift in unser Leben spritzen, uns spalten und gegeneinander aufbringen. Viele der wichtigen Themen, die auf dem neuen Album angesprochen werden, machen &#8218;ID.Entity&#8216; nicht nur zu einem soliden musikalischen und lyrischen Start in das dritte Jahrzehnt von Riverside, sondern auch zu einem der wichtigsten Alben in der gesamten Karriere der Band.&#8220;<\/p>\n","protected":false},"excerpt":{"rendered":"<p><strong>Jedem Exemplar liegt eine von der Band signierte Gedenkkarte bei!!!<\/strong><\/p>\n<p>Album (00:53:11):<\/p>\n<p>1. Friend or Foe?<br \/>\n2. Landmine Blast<br \/>\n3. Big Tech Brother<br \/>\n4 Post-Wahrheit<br \/>\n5 Der Ort, an den ich geh\u00f6re<br \/>\n6. ich bin fertig mit dir<br \/>\n7 Selbstbewusst<\/p>\n<p>Bonusmaterial (00:29:53):<\/p>\n<p>1. Age of Anger<br \/>\n2. Together Again<br \/>\n3. freund oder feind? (Single Edit)<br \/>\n4 Selbst-Bewusst (Single Edit)<\/p>\n<p>Blu-ray (03:34:48):<br \/>\nKapitel 1: ID.Entity &#8211; Dolby Atmos Mix (01:11:36)<\/p>\n<p>Kapitel 2: ID.Entity &#8211; 5.1 Mix (01:11:36)<\/p>\n<p>Kapitel 3: ID.Entity &#8211; (24bit HighRes Audio Mix)<\/p>\n","protected":false},"featured_media":5974,"template":"","meta":{"site-sidebar-layout":"default","site-content-layout":"default","ast-site-content-layout":"default","site-content-style":"default","site-sidebar-style":"default","ast-global-header-display":"","ast-banner-title-visibility":"","ast-main-header-display":"","ast-hfb-above-header-display":"","ast-hfb-below-header-display":"","ast-hfb-mobile-header-display":"","site-post-title":"","ast-breadcrumbs-content":"","ast-featured-img":"","footer-sml-layout":"","theme-transparent-header-meta":"default","adv-header-id-meta":"","stick-header-meta":"","header-above-stick-meta":"","header-main-stick-meta":"","header-below-stick-meta":"","astra-migrate-meta-layouts":"default","ast-page-background-enabled":"default","ast-page-background-meta":{"desktop":{"background-color":"","background-image":"","background-repeat":"repeat","background-position":"center center","background-size":"auto","background-attachment":"scroll","background-type":"","background-media":"","overlay-type":"","overlay-color":"","overlay-gradient":""},"tablet":{"background-color":"","background-image":"","background-repeat":"repeat","background-position":"center center","background-size":"auto","background-attachment":"scroll","background-type":"","background-media":"","overlay-type":"","overlay-color":"","overlay-gradient":""},"mobile":{"background-color":"","background-image":"","background-repeat":"repeat","background-position":"center center","background-size":"auto","background-attachment":"scroll","background-type":"","background-media":"","overlay-type":"","overlay-color":"","overlay-gradient":""}},"ast-content-background-meta":{"desktop":{"background-color":"var(--ast-global-color-5)","background-image":"","background-repeat":"repeat","background-position":"center center","background-size":"auto","background-attachment":"scroll","background-type":"","background-media":"","overlay-type":"","overlay-color":"","overlay-gradient":""},"tablet":{"background-color":"var(--ast-global-color-5)","background-image":"","background-repeat":"repeat","background-position":"center center","background-size":"auto","background-attachment":"scroll","background-type":"","background-media":"","overlay-type":"","overlay-color":"","overlay-gradient":""},"mobile":{"background-color":"var(--ast-global-color-5)","background-image":"","background-repeat":"repeat","background-position":"center center","background-size":"auto","background-attachment":"scroll","background-type":"","background-media":"","overlay-type":"","overlay-color":"","overlay-gradient":""}}},"product_cat":[190],"product_tag":[217,214],"class_list":{"0":"post-6308","1":"product","2":"type-product","3":"status-publish","4":"has-post-thumbnail","6":"product_cat-musik","7":"product_tag-cd-de","8":"product_tag-riverside-de","9":"desktop-align-left","10":"tablet-align-left","11":"mobile-align-left","13":"first","14":"instock","15":"shipping-taxable","16":"purchasable","17":"product-type-simple"},"_links":{"self":[{"href":"https:\/\/store.shelterofmine.com\/de\/wp-json\/wp\/v2\/product\/6308","targetHints":{"allow":["GET"]}}],"collection":[{"href":"https:\/\/store.shelterofmine.com\/de\/wp-json\/wp\/v2\/product"}],"about":[{"href":"https:\/\/store.shelterofmine.com\/de\/wp-json\/wp\/v2\/types\/product"}],"version-history":[{"count":1,"href":"https:\/\/store.shelterofmine.com\/de\/wp-json\/wp\/v2\/product\/6308\/revisions"}],"predecessor-version":[{"id":6836,"href":"https:\/\/store.shelterofmine.com\/de\/wp-json\/wp\/v2\/product\/6308\/revisions\/6836"}],"wp:featuredmedia":[{"embeddable":true,"href":"https:\/\/store.shelterofmine.com\/de\/wp-json\/wp\/v2\/media\/5974"}],"wp:attachment":[{"href":"https:\/\/store.shelterofmine.com\/de\/wp-json\/wp\/v2\/media?parent=6308"}],"wp:term":[{"taxonomy":"product_cat","embeddable":true,"href":"https:\/\/store.shelterofmine.com\/de\/wp-json\/wp\/v2\/product_cat?post=6308"},{"taxonomy":"product_tag","embeddable":true,"href":"https:\/\/store.shelterofmine.com\/de\/wp-json\/wp\/v2\/product_tag?post=6308"}],"curies":[{"name":"wp","href":"https:\/\/api.w.org\/{rel}","templated":true}]}}