{"id":7289,"date":"2023-04-18T11:55:33","date_gmt":"2023-04-18T09:55:33","guid":{"rendered":"https:\/\/store.shelterofmine.com\/?post_type=product&#038;p=7289"},"modified":"2025-01-10T00:42:44","modified_gmt":"2025-01-09T23:42:44","slug":"schlupfen-aus-mir-selbst","status":"publish","type":"product","link":"https:\/\/store.shelterofmine.com\/de\/produkt\/schlupfen-aus-mir-selbst\/","title":{"rendered":"Out of Myself Slipmat"},"content":{"rendered":"<p>Ein hochwertiger Slipmate f\u00fcr Audiophile und Liebhaber von Schallplatten.<br \/>\nJede Slipmat wird mit viel Liebe zum Detail handgefertigt.<br \/>\nSie sind ideal f\u00fcr 12&#8243;- und 7&#8243;-Teller.<\/p>\n<p>Technische Beschreibung:<\/p>\n<p>Material: 2 mm dicker Filz<br \/>\nDruck &#8211; hohe Farbs\u00e4ttigung, unausl\u00f6schlich bei Ber\u00fchrung, vollst\u00e4ndig in die Slipmat integriert.<br \/>\nIdealer Schutz vor Kratzern auf der Scheibe.<br \/>\nZugfestigkeit und Rei\u00dffestigkeit.<br \/>\nEin Produkt f\u00fcr Audiophile.<\/p>\n<p>&nbsp;<\/p>\n<p>&nbsp;<\/p>\n","protected":false},"excerpt":{"rendered":"<p>Gr\u00f6\u00dfe:42 x 38 x 0,2cm (+\/-5%) Gewicht:0,077 kg<\/p>\n","protected":false},"featured_media":7302,"template":"","meta":{"site-sidebar-layout":"default","site-content-layout":"default","ast-site-content-layout":"default","site-content-style":"default","site-sidebar-style":"default","ast-global-header-display":"","ast-banner-title-visibility":"","ast-main-header-display":"","ast-hfb-above-header-display":"","ast-hfb-below-header-display":"","ast-hfb-mobile-header-display":"","site-post-title":"","ast-breadcrumbs-content":"","ast-featured-img":"","footer-sml-layout":"","theme-transparent-header-meta":"default","adv-header-id-meta":"","stick-header-meta":"","header-above-stick-meta":"","header-main-stick-meta":"","header-below-stick-meta":"","astra-migrate-meta-layouts":"default","ast-page-background-enabled":"default","ast-page-background-meta":{"desktop":{"background-color":"","background-image":"","background-repeat":"repeat","background-position":"center center","background-size":"auto","background-attachment":"scroll","background-type":"","background-media":"","overlay-type":"","overlay-color":"","overlay-gradient":""},"tablet":{"background-color":"","background-image":"","background-repeat":"repeat","background-position":"center center","background-size":"auto","background-attachment":"scroll","background-type":"","background-media":"","overlay-type":"","overlay-color":"","overlay-gradient":""},"mobile":{"background-color":"","background-image":"","background-repeat":"repeat","background-position":"center center","background-size":"auto","background-attachment":"scroll","background-type":"","background-media":"","overlay-type":"","overlay-color":"","overlay-gradient":""}},"ast-content-background-meta":{"desktop":{"background-color":"var(--ast-global-color-5)","background-image":"","background-repeat":"repeat","background-position":"center center","background-size":"auto","background-attachment":"scroll","background-type":"","background-media":"","overlay-type":"","overlay-color":"","overlay-gradient":""},"tablet":{"background-color":"var(--ast-global-color-5)","background-image":"","background-repeat":"repeat","background-position":"center center","background-size":"auto","background-attachment":"scroll","background-type":"","background-media":"","overlay-type":"","overlay-color":"","overlay-gradient":""},"mobile":{"background-color":"var(--ast-global-color-5)","background-image":"","background-repeat":"repeat","background-position":"center center","background-size":"auto","background-attachment":"scroll","background-type":"","background-media":"","overlay-type":"","overlay-color":"","overlay-gradient":""}}},"product_cat":[194],"product_tag":[],"class_list":{"0":"post-7289","1":"product","2":"type-product","3":"status-publish","4":"has-post-thumbnail","6":"product_cat-textilien","7":"desktop-align-left","8":"tablet-align-left","9":"mobile-align-left","11":"first","12":"instock","13":"shipping-taxable","14":"purchasable","15":"product-type-simple"},"_links":{"self":[{"href":"https:\/\/store.shelterofmine.com\/de\/wp-json\/wp\/v2\/product\/7289","targetHints":{"allow":["GET"]}}],"collection":[{"href":"https:\/\/store.shelterofmine.com\/de\/wp-json\/wp\/v2\/product"}],"about":[{"href":"https:\/\/store.shelterofmine.com\/de\/wp-json\/wp\/v2\/types\/product"}],"version-history":[{"count":2,"href":"https:\/\/store.shelterofmine.com\/de\/wp-json\/wp\/v2\/product\/7289\/revisions"}],"predecessor-version":[{"id":7372,"href":"https:\/\/store.shelterofmine.com\/de\/wp-json\/wp\/v2\/product\/7289\/revisions\/7372"}],"wp:featuredmedia":[{"embeddable":true,"href":"https:\/\/store.shelterofmine.com\/de\/wp-json\/wp\/v2\/media\/7302"}],"wp:attachment":[{"href":"https:\/\/store.shelterofmine.com\/de\/wp-json\/wp\/v2\/media?parent=7289"}],"wp:term":[{"taxonomy":"product_cat","embeddable":true,"href":"https:\/\/store.shelterofmine.com\/de\/wp-json\/wp\/v2\/product_cat?post=7289"},{"taxonomy":"product_tag","embeddable":true,"href":"https:\/\/store.shelterofmine.com\/de\/wp-json\/wp\/v2\/product_tag?post=7289"}],"curies":[{"name":"wp","href":"https:\/\/api.w.org\/{rel}","templated":true}]}}