{"id":8349,"date":"2024-09-29T13:01:20","date_gmt":"2024-09-29T11:01:20","guid":{"rendered":"https:\/\/store.shelterofmine.com\/?post_type=product&#038;p=8349"},"modified":"2024-11-22T10:02:21","modified_gmt":"2024-11-22T09:02:21","slug":"mariusz-duda-afr-ai-d-cd-verkauf","status":"publish","type":"product","link":"https:\/\/store.shelterofmine.com\/de\/produkt\/mariusz-duda-afr-ai-d-cd-verkauf\/","title":{"rendered":"Mariusz Duda, AFR AI D, CD."},"content":{"rendered":"<p>Mariusz Duda, AFR AI D, CD. Mystisch.<\/p>\n<p>Riverside-Sch\u00f6pfer Mariusz Duda kehrt mit seinem vierten Soloalbum &#8222;AFR AI D&#8220; zur\u00fcck.<br \/>\nObwohl er ein versierter Multiinstrumentalist ist, war Mariusz Duda schon immer vom Geschichtenerz\u00e4hlen fasziniert.<br \/>\nW\u00e4hrend Marius auf seinem vorherigen Album &#8222;Lockdown Trilogy&#8220; eine Momentaufnahme des Lebens eines bekannten progressiven Genies w\u00e4hrend einer Pandemie einfangen wollte, erforscht er dieses Mal das Konzept der k\u00fcnstlichen Intelligenz als Disruptor.<br \/>\nDas neue Soloalbum befasst sich mit der zunehmenden Kommerzialisierung der k\u00fcnstlichen Intelligenz und insbesondere mit der weiten Verbreitung der k\u00fcnstlichen Intelligenz.<br \/>\nAusgehend von den Konzepten ChatGPT und Midjourney sowie Deep Fakes erkundet AFR AI D&#8220; diese interessanten und zukunftsweisenden Theorien sowohl musikalisch als auch konzeptionell.<\/p>\n<p>In einer Welt, in der die Wahrheit oft durch T\u00e4uschung verschleiert wird, kann der elektronische Herzschlag des &#8222;AFR AI D&#8220; niemals l\u00fcgen. Oder doch nicht?<\/p>\n<p>Der deutsche K\u00fcnstler und Illustrator Hajo M\u00fcller tritt erneut in Erscheinung, um das Erbe von Mariusz Duda fortzusetzen, mit dem die beiden schon w\u00e4hrend seiner Solokarriere zusammengearbeitet haben. Mariusz spielt auch alle Instrumente auf dem Album, mit Ausnahme der Gitarrensoli.<br \/>\nDas AFR AI D-Material wurde im Mai und Juni 2023 im Serakos Studio in Warschau aufgenommen, unter der Leitung von Magda und Robert Srzednicki, und von Robert Szyd\u0142o gemastert.<\/p>\n<p>&nbsp;<\/p>\n","protected":false},"excerpt":{"rendered":"<p>1 Alptr\u00e4ume z\u00e4hmen  [07:20]<br \/>\n2. guten Morgen Angstmacherei  [05:14]<br \/>\n3. fake me deep, Murf  [04:48]<br \/>\n4. die Bots-Party  [05:00]<br \/>\n5. ich liebe es, mit dir zu chatten  [03:43]<br \/>\n6 Warum so ernst, Kassandra?  [04:56]<br \/>\n7. die mittlere Reise in die Freiheit  [03:08]<br \/>\n8 Das Unbekannte umarmen  [08:00]<\/p>\n","protected":false},"featured_media":8328,"template":"","meta":{"site-sidebar-layout":"default","site-content-layout":"default","ast-site-content-layout":"default","site-content-style":"default","site-sidebar-style":"default","ast-global-header-display":"","ast-banner-title-visibility":"","ast-main-header-display":"","ast-hfb-above-header-display":"","ast-hfb-below-header-display":"","ast-hfb-mobile-header-display":"","site-post-title":"","ast-breadcrumbs-content":"","ast-featured-img":"","footer-sml-layout":"","theme-transparent-header-meta":"default","adv-header-id-meta":"","stick-header-meta":"","header-above-stick-meta":"","header-main-stick-meta":"","header-below-stick-meta":"","astra-migrate-meta-layouts":"default","ast-page-background-enabled":"default","ast-page-background-meta":{"desktop":{"background-color":"","background-image":"","background-repeat":"repeat","background-position":"center center","background-size":"auto","background-attachment":"scroll","background-type":"","background-media":"","overlay-type":"","overlay-color":"","overlay-gradient":""},"tablet":{"background-color":"","background-image":"","background-repeat":"repeat","background-position":"center center","background-size":"auto","background-attachment":"scroll","background-type":"","background-media":"","overlay-type":"","overlay-color":"","overlay-gradient":""},"mobile":{"background-color":"","background-image":"","background-repeat":"repeat","background-position":"center center","background-size":"auto","background-attachment":"scroll","background-type":"","background-media":"","overlay-type":"","overlay-color":"","overlay-gradient":""}},"ast-content-background-meta":{"desktop":{"background-color":"var(--ast-global-color-5)","background-image":"","background-repeat":"repeat","background-position":"center center","background-size":"auto","background-attachment":"scroll","background-type":"","background-media":"","overlay-type":"","overlay-color":"","overlay-gradient":""},"tablet":{"background-color":"var(--ast-global-color-5)","background-image":"","background-repeat":"repeat","background-position":"center center","background-size":"auto","background-attachment":"scroll","background-type":"","background-media":"","overlay-type":"","overlay-color":"","overlay-gradient":""},"mobile":{"background-color":"var(--ast-global-color-5)","background-image":"","background-repeat":"repeat","background-position":"center center","background-size":"auto","background-attachment":"scroll","background-type":"","background-media":"","overlay-type":"","overlay-color":"","overlay-gradient":""}}},"product_cat":[253],"product_tag":[262,229,228],"class_list":{"0":"post-8349","1":"product","2":"type-product","3":"status-publish","4":"has-post-thumbnail","6":"product_cat-solo-projekte","7":"product_tag-afr-ai-d-de","8":"product_tag-mariusz-duda-de","9":"product_tag-n-de","10":"desktop-align-left","11":"tablet-align-left","12":"mobile-align-left","14":"first","15":"instock","16":"shipping-taxable","17":"purchasable","18":"product-type-simple"},"_links":{"self":[{"href":"https:\/\/store.shelterofmine.com\/de\/wp-json\/wp\/v2\/product\/8349","targetHints":{"allow":["GET"]}}],"collection":[{"href":"https:\/\/store.shelterofmine.com\/de\/wp-json\/wp\/v2\/product"}],"about":[{"href":"https:\/\/store.shelterofmine.com\/de\/wp-json\/wp\/v2\/types\/product"}],"version-history":[{"count":6,"href":"https:\/\/store.shelterofmine.com\/de\/wp-json\/wp\/v2\/product\/8349\/revisions"}],"predecessor-version":[{"id":9337,"href":"https:\/\/store.shelterofmine.com\/de\/wp-json\/wp\/v2\/product\/8349\/revisions\/9337"}],"wp:featuredmedia":[{"embeddable":true,"href":"https:\/\/store.shelterofmine.com\/de\/wp-json\/wp\/v2\/media\/8328"}],"wp:attachment":[{"href":"https:\/\/store.shelterofmine.com\/de\/wp-json\/wp\/v2\/media?parent=8349"}],"wp:term":[{"taxonomy":"product_cat","embeddable":true,"href":"https:\/\/store.shelterofmine.com\/de\/wp-json\/wp\/v2\/product_cat?post=8349"},{"taxonomy":"product_tag","embeddable":true,"href":"https:\/\/store.shelterofmine.com\/de\/wp-json\/wp\/v2\/product_tag?post=8349"}],"curies":[{"name":"wp","href":"https:\/\/api.w.org\/{rel}","templated":true}]}}