{"id":9153,"date":"2024-02-21T12:09:03","date_gmt":"2024-02-21T11:09:03","guid":{"rendered":"https:\/\/store.shelterofmine.com\/?post_type=product&#038;p=9153"},"modified":"2023-11-06T12:17:18","modified_gmt":"2023-11-06T11:17:18","slug":"softshell-hi-tec-lady-neti-mit-logo-shelter-of-mine-dam","status":"publish","type":"product","link":"https:\/\/store.shelterofmine.com\/de\/produkt\/softshell-hi-tec-lady-neti-mit-logo-shelter-of-mine-dam\/","title":{"rendered":"Hi-Tec Lady Neti Softshell mit Shelter of Mine-Logo (Damen)"},"content":{"rendered":"<p>Hi-tec Lady Neti Softshell-Jacke mit reflektierendem Shelter of Mine-Logo<br \/>\nEigenschaften:<br \/>\ndreischichtige T-Membran<br \/>\nDWR-Beschichtung<br \/>\nabnehmbare Kapuze<br \/>\ndurchgehender Rei\u00dfverschluss<br \/>\nStand<br \/>\nKlettverschluss-Manschetten<br \/>\nSeitentaschen<br \/>\nreflektierende Elemente<\/p>\n<p>Material:<br \/>\n94% Polyester, 6% Elastan<br \/>\nFutter: 100% Polyester<\/p>\n<p>Farbe: marineblau<\/p>\n<p>Gr\u00f6\u00dfe \/ XS \/ S \/ M \/ L \/ XL \/ XXL<\/p>\n<p>H\u00f6he(cm) \/ 153-159 \/ 157-163 \/ 161-167 \/ 165-171 \/ 169-175 \/<\/p>\n<p>Achselweite(cm) \/ 44-46 \/ 46-48 \/ 48-50 \/ 50-52 \/ 52-54 \/ 54<\/p>\n<p>Breite am Boden des Produkts (cm) \/ 46-48 \/ 48-49 \/ 49-50 \/ 50-52 \/ 53-55 \/ 58<\/p>\n<p>\u00c4rmell\u00e4nge ab Achselh\u00f6hle(cm) \/ 52-53 \/ 53-54 \/ 54-55 \/ 55-56 \/ 56-57 \/ 57<\/p>\n<p>L\u00e4nge vom Kragen bis zur Jacke (cm) \/ 63-64 \/ 65-66 \/ 67-68 \/ 69-70 \/ 71-72 \/ 70<\/p>\n","protected":false},"excerpt":{"rendered":"<p>Hi-Tec Lady Neti Softshell-Jacke<br \/>\nParameter:<br \/>\nAtmungsaktivit\u00e4t: 1.000<br \/>\nWasserdichtigkeit: 8.000<br \/>\nReflektierendes Shelter of Mine Logo (Vorder- und R\u00fcckseite) !!!<\/p>\n","protected":false},"featured_media":9173,"template":"","meta":{"site-sidebar-layout":"default","site-content-layout":"default","ast-site-content-layout":"default","site-content-style":"default","site-sidebar-style":"default","ast-global-header-display":"","ast-banner-title-visibility":"","ast-main-header-display":"","ast-hfb-above-header-display":"","ast-hfb-below-header-display":"","ast-hfb-mobile-header-display":"","site-post-title":"","ast-breadcrumbs-content":"","ast-featured-img":"","footer-sml-layout":"","theme-transparent-header-meta":"default","adv-header-id-meta":"","stick-header-meta":"","header-above-stick-meta":"","header-main-stick-meta":"","header-below-stick-meta":"","astra-migrate-meta-layouts":"default","ast-page-background-enabled":"default","ast-page-background-meta":{"desktop":{"background-color":"","background-image":"","background-repeat":"repeat","background-position":"center center","background-size":"auto","background-attachment":"scroll","background-type":"","background-media":"","overlay-type":"","overlay-color":"","overlay-gradient":""},"tablet":{"background-color":"","background-image":"","background-repeat":"repeat","background-position":"center center","background-size":"auto","background-attachment":"scroll","background-type":"","background-media":"","overlay-type":"","overlay-color":"","overlay-gradient":""},"mobile":{"background-color":"","background-image":"","background-repeat":"repeat","background-position":"center center","background-size":"auto","background-attachment":"scroll","background-type":"","background-media":"","overlay-type":"","overlay-color":"","overlay-gradient":""}},"ast-content-background-meta":{"desktop":{"background-color":"var(--ast-global-color-5)","background-image":"","background-repeat":"repeat","background-position":"center center","background-size":"auto","background-attachment":"scroll","background-type":"","background-media":"","overlay-type":"","overlay-color":"","overlay-gradient":""},"tablet":{"background-color":"var(--ast-global-color-5)","background-image":"","background-repeat":"repeat","background-position":"center center","background-size":"auto","background-attachment":"scroll","background-type":"","background-media":"","overlay-type":"","overlay-color":"","overlay-gradient":""},"mobile":{"background-color":"var(--ast-global-color-5)","background-image":"","background-repeat":"repeat","background-position":"center center","background-size":"auto","background-attachment":"scroll","background-type":"","background-media":"","overlay-type":"","overlay-color":"","overlay-gradient":""}}},"product_cat":[194],"product_tag":[],"class_list":{"0":"post-9153","1":"product","2":"type-product","3":"status-publish","4":"has-post-thumbnail","6":"product_cat-textilien","7":"desktop-align-left","8":"tablet-align-left","9":"mobile-align-left","11":"first","12":"instock","13":"shipping-taxable","14":"purchasable","15":"product-type-variable"},"_links":{"self":[{"href":"https:\/\/store.shelterofmine.com\/de\/wp-json\/wp\/v2\/product\/9153","targetHints":{"allow":["GET"]}}],"collection":[{"href":"https:\/\/store.shelterofmine.com\/de\/wp-json\/wp\/v2\/product"}],"about":[{"href":"https:\/\/store.shelterofmine.com\/de\/wp-json\/wp\/v2\/types\/product"}],"version-history":[{"count":1,"href":"https:\/\/store.shelterofmine.com\/de\/wp-json\/wp\/v2\/product\/9153\/revisions"}],"predecessor-version":[{"id":9197,"href":"https:\/\/store.shelterofmine.com\/de\/wp-json\/wp\/v2\/product\/9153\/revisions\/9197"}],"wp:featuredmedia":[{"embeddable":true,"href":"https:\/\/store.shelterofmine.com\/de\/wp-json\/wp\/v2\/media\/9173"}],"wp:attachment":[{"href":"https:\/\/store.shelterofmine.com\/de\/wp-json\/wp\/v2\/media?parent=9153"}],"wp:term":[{"taxonomy":"product_cat","embeddable":true,"href":"https:\/\/store.shelterofmine.com\/de\/wp-json\/wp\/v2\/product_cat?post=9153"},{"taxonomy":"product_tag","embeddable":true,"href":"https:\/\/store.shelterofmine.com\/de\/wp-json\/wp\/v2\/product_tag?post=9153"}],"curies":[{"name":"wp","href":"https:\/\/api.w.org\/{rel}","templated":true}]}}