{"id":9571,"date":"2024-01-23T17:15:03","date_gmt":"2024-01-23T16:15:03","guid":{"rendered":"https:\/\/store.shelterofmine.com\/?post_type=product&#038;p=9571"},"modified":"2025-02-18T09:47:35","modified_gmt":"2025-02-18T08:47:35","slug":"lunatic-soul-eindrucke-cd-ausgabe-2019-kopia","status":"publish","type":"product","link":"https:\/\/store.shelterofmine.com\/de\/produkt\/lunatic-soul-eindrucke-cd-ausgabe-2019-kopia\/","title":{"rendered":"Sic Mundus, Illusionen 2LP feat. Maciej Meller"},"content":{"rendered":"<p>Sic Mundus Deb\u00fct, Illusionen. Progressives Album, ver\u00f6ffentlicht am 22. Oktober 2023, mit Gastmusikern aus Brasilien, Australien, Deutschland und Polen. Im Titeltrack h\u00f6ren wir einen wundersch\u00f6nen Gitarrenpart von Maciej Meller (Riverside). Das Mastering des Albums stammt aus der Hand von Robert Szyd\u0142o, und das wundersch\u00f6ne Artwork ist das Werk von Jaros\u0142aw Ja\u015bnikowski, entwickelt von \u0141ukasz Pachu Pach.<\/p>\n<p>Die Vinyl unterscheidet sich von der CD durch das zus\u00e4tzliche musikalische Material und enth\u00e4lt ein sch\u00f6nes Insert. LP-Auflage von 200 Exemplaren und CD-Auflage von nur 500 Exemplaren. Die CD erscheint als Digibook mit einem 24-seitigen Booklet.<\/p>\n<p><strong>Sic Mundus<\/strong> ist:<br \/>\n<strong>Andrzej Sesiuk<\/strong> &#8211; Musik, Arrangement, Keyboards, Programmierung<br \/>\n<strong>Artur Placzy\u0144ski<\/strong> &#8211; Liedtexte, Bassgitarren<\/p>\n<p><strong>Mit:<\/strong><br \/>\nMiko\u0142aj Krzaczek &#8211; Gesang (1, 2, 4, 6, 7, 8)<br \/>\nTh\u00e9odore Rondeau &#8211; Gesang (11)<br \/>\nLucas Emidio &#8211; Schlagzeug (1-7, 9-15)<br \/>\nScott Wright &#8211; Rhythmus-, Solo- und Leadgitarren (1-3, 12, 13), Rhythmusgitarren (6, 7, 11, 15)<br \/>\nAdrian Weiss &#8211; Rhythmus-, Solo- und Leadgitarren (4, 14)<br \/>\nGreg Davies &#8211; Solo &amp; Leadgitarren (5, 7, 9, 10, 15)<br \/>\nAdam Cisowski &#8211; Rhythmusgitarren (5, 9)<br \/>\nIga Ka\u0142u\u017ca &#8211; Begleitgesang (4)<br \/>\nBesonderer Gast:<br \/>\nMaciej Meller (Riverside) &#8211; Solo &amp; Leadgitarren (6, 11)<\/p>\n<p>Gemischt von A. Sesiuk &amp; A. Placzy\u0144ski<br \/>\nGemastert von Robert Szyd\u0142o<\/p>\n<p>Titelbild &#8211; &#8222;Time Broken&#8220; von Jaros\u0142aw Ja\u015bnikowski<br \/>\nGrafikdesign &#8211; \u0141ukasz &#8222;Pachu&#8220; Pach<br \/>\nBandfotos &#8211; Bokaphoto<br \/>\nSprachliche Beratungen &#8211; Paul Evers<\/p>\n","protected":false},"excerpt":{"rendered":"<p>Sic Mundus, Illusions 2LP, Ambient Media House 22.10.2023<\/p>\n<p><strong>Seite A<\/strong><br \/>\n1. das Erwachen<br \/>\n2. frei wie ein Vogel<br \/>\n3. die Zeitmaschine<br \/>\n4. die Nacht und der Tag<br \/>\n<strong>Seite B<\/strong><br \/>\n5 Der Sieg des Lichts<br \/>\n6. this is an illusion (feat. Maciej Meller)<br \/>\n7 Die verzauberte Insel<br \/>\n8 F.L.A.B.<br \/>\n<strong>Seite C<\/strong><br \/>\n9. Intergalaktische Reise<br \/>\n10. zwei Monde<br \/>\n11. this is an illusion (alternative Gesangsversion)<br \/>\n<strong>Seite D<\/strong><br \/>\n12. erwachen (instrumental)<br \/>\n13. frei wie ein Vogel (instrumental)<br \/>\n14. nacht und tag (instrumental)<br \/>\n15. verzauberte Insel (instrumental)<br \/>\n16 F.L.A.B. (instrumental<\/p>\n","protected":false},"featured_media":9577,"template":"","meta":{"site-sidebar-layout":"default","site-content-layout":"default","ast-site-content-layout":"default","site-content-style":"default","site-sidebar-style":"default","ast-global-header-display":"","ast-banner-title-visibility":"","ast-main-header-display":"","ast-hfb-above-header-display":"","ast-hfb-below-header-display":"","ast-hfb-mobile-header-display":"","site-post-title":"","ast-breadcrumbs-content":"","ast-featured-img":"","footer-sml-layout":"","theme-transparent-header-meta":"default","adv-header-id-meta":"","stick-header-meta":"","header-above-stick-meta":"","header-main-stick-meta":"","header-below-stick-meta":"","astra-migrate-meta-layouts":"default","ast-page-background-enabled":"default","ast-page-background-meta":{"desktop":{"background-color":"","background-image":"","background-repeat":"repeat","background-position":"center center","background-size":"auto","background-attachment":"scroll","background-type":"","background-media":"","overlay-type":"","overlay-color":"","overlay-gradient":""},"tablet":{"background-color":"","background-image":"","background-repeat":"repeat","background-position":"center center","background-size":"auto","background-attachment":"scroll","background-type":"","background-media":"","overlay-type":"","overlay-color":"","overlay-gradient":""},"mobile":{"background-color":"","background-image":"","background-repeat":"repeat","background-position":"center center","background-size":"auto","background-attachment":"scroll","background-type":"","background-media":"","overlay-type":"","overlay-color":"","overlay-gradient":""}},"ast-content-background-meta":{"desktop":{"background-color":"var(--ast-global-color-5)","background-image":"","background-repeat":"repeat","background-position":"center center","background-size":"auto","background-attachment":"scroll","background-type":"","background-media":"","overlay-type":"","overlay-color":"","overlay-gradient":""},"tablet":{"background-color":"var(--ast-global-color-5)","background-image":"","background-repeat":"repeat","background-position":"center center","background-size":"auto","background-attachment":"scroll","background-type":"","background-media":"","overlay-type":"","overlay-color":"","overlay-gradient":""},"mobile":{"background-color":"var(--ast-global-color-5)","background-image":"","background-repeat":"repeat","background-position":"center center","background-size":"auto","background-attachment":"scroll","background-type":"","background-media":"","overlay-type":"","overlay-color":"","overlay-gradient":""}}},"product_cat":[15,271],"product_tag":[],"class_list":{"0":"post-9571","1":"product","2":"type-product","3":"status-publish","4":"has-post-thumbnail","6":"product_cat-bez-kategorii","7":"product_cat-uncategorized-de","8":"desktop-align-left","9":"tablet-align-left","10":"mobile-align-left","12":"first","13":"instock","14":"shipping-taxable","15":"purchasable","16":"product-type-simple"},"_links":{"self":[{"href":"https:\/\/store.shelterofmine.com\/de\/wp-json\/wp\/v2\/product\/9571","targetHints":{"allow":["GET"]}}],"collection":[{"href":"https:\/\/store.shelterofmine.com\/de\/wp-json\/wp\/v2\/product"}],"about":[{"href":"https:\/\/store.shelterofmine.com\/de\/wp-json\/wp\/v2\/types\/product"}],"version-history":[{"count":1,"href":"https:\/\/store.shelterofmine.com\/de\/wp-json\/wp\/v2\/product\/9571\/revisions"}],"predecessor-version":[{"id":9946,"href":"https:\/\/store.shelterofmine.com\/de\/wp-json\/wp\/v2\/product\/9571\/revisions\/9946"}],"wp:featuredmedia":[{"embeddable":true,"href":"https:\/\/store.shelterofmine.com\/de\/wp-json\/wp\/v2\/media\/9577"}],"wp:attachment":[{"href":"https:\/\/store.shelterofmine.com\/de\/wp-json\/wp\/v2\/media?parent=9571"}],"wp:term":[{"taxonomy":"product_cat","embeddable":true,"href":"https:\/\/store.shelterofmine.com\/de\/wp-json\/wp\/v2\/product_cat?post=9571"},{"taxonomy":"product_tag","embeddable":true,"href":"https:\/\/store.shelterofmine.com\/de\/wp-json\/wp\/v2\/product_tag?post=9571"}],"curies":[{"name":"wp","href":"https:\/\/api.w.org\/{rel}","templated":true}]}}