{"id":9916,"date":"2023-12-27T12:03:58","date_gmt":"2023-12-27T11:03:58","guid":{"rendered":"https:\/\/store.shelterofmine.com\/?post_type=product&#038;p=9916"},"modified":"2024-04-08T09:30:05","modified_gmt":"2024-04-08T07:30:05","slug":"lunatic-soul-eindrucke-cd-ausgabe-2019-kopia-kopia-kopia","status":"publish","type":"product","link":"https:\/\/store.shelterofmine.com\/de\/produkt\/lunatic-soul-eindrucke-cd-ausgabe-2019-kopia-kopia-kopia\/","title":{"rendered":"Behemoth, ich liebte dich bei deinem Darkness Digibook Deluxe Edition CD feat. Micha\u0142 \u0141apaj"},"content":{"rendered":"<ol class=\"track_list\">Das Album &#8222;I Loved You At Your Darkest&#8220; gilt als Meilenstein in der Geschichte von Behemoth. Es ist nach Meinung der Kritiker nicht nur das erfolgreichste Album der Band, sondern auch ein komplettes Meisterwerk, bestehend aus blasphemischen Grafiken und Songs voller Emotionen, Aggression und gleichzeitig Melodie.<\/ol>\n<p>&nbsp;<\/p>\n","protected":false},"excerpt":{"rendered":"<p>Behemoth, ich liebte dich bei deiner Darkness Deluxe CD, Mystic 2018<\/p>\n<ol class=\"track_list\">\n<li style=\"list-style-type: none;\">\n<ol class=\"track_list\">\n<li style=\"list-style-type: none;\">\n<ol class=\"track_list\">1. aufl\u00f6sen (Intro) &#8211; 02:04:59<\/ol>\n<\/li>\n<li style=\"list-style-type: none;\">\n<ol class=\"track_list\">2. die W\u00f6lfe von Sibirien &#8211; 02:54:06<\/ol>\n<\/li>\n<li style=\"list-style-type: none;\">\n<ol class=\"track_list\">3 Gott = Hund &#8211; 03:58:68<\/ol>\n<\/li>\n<li style=\"list-style-type: none;\">\n<ol class=\"track_list\">4 Ecclesia Diabolica Catholica &#8211; 04:49:48<\/ol>\n<\/li>\n<li style=\"list-style-type: none;\">\n<ol class=\"track_list\">5. bartzabel &#8211; 05:01:24<\/ol>\n<\/li>\n<li style=\"list-style-type: none;\">\n<ol class=\"track_list\">6 Wenn die Kreuzigung nicht genug w\u00e4re &#8211; 03:16:71<\/ol>\n<\/li>\n<li style=\"list-style-type: none;\">\n<ol class=\"track_list\">7. Engel vs. XIII &#8211; 03:41:37<\/ol>\n<\/li>\n<li style=\"list-style-type: none;\">\n<ol class=\"track_list\">8. Sabbat Mater &#8211; 04:56:67<\/ol>\n<\/li>\n<li style=\"list-style-type: none;\">\n<ol class=\"track_list\">9. Havohej Pantokrator &#8211; 06:04:43<\/ol>\n<\/li>\n<li style=\"list-style-type: none;\">\n<ol class=\"track_list\">10. R\u00d6M 5:8 &#8211; 04:22:65<\/ol>\n<\/li>\n<li style=\"list-style-type: none;\">\n<ol class=\"track_list\">11 Wir sind die n\u00e4chsten 1000 Jahre &#8211; 03:23:56<\/ol>\n<\/li>\n<li style=\"list-style-type: none;\">\n<ol class=\"track_list\">12. Koagula (Outro) &#8211; 02:04:46<\/ol>\n<\/li>\n<\/ol>\n<\/li>\n<\/ol>\n<p>Anzahl der Seiten in der Brosch\u00fcre: 40, Buchbindung, Hei\u00dfpr\u00e4gung<\/p>\n<p>&nbsp;<\/p>\n","protected":false},"featured_media":9921,"template":"","meta":{"site-sidebar-layout":"default","site-content-layout":"default","ast-site-content-layout":"default","site-content-style":"default","site-sidebar-style":"default","ast-global-header-display":"","ast-banner-title-visibility":"","ast-main-header-display":"","ast-hfb-above-header-display":"","ast-hfb-below-header-display":"","ast-hfb-mobile-header-display":"","site-post-title":"","ast-breadcrumbs-content":"","ast-featured-img":"","footer-sml-layout":"","theme-transparent-header-meta":"default","adv-header-id-meta":"","stick-header-meta":"","header-above-stick-meta":"","header-main-stick-meta":"","header-below-stick-meta":"","astra-migrate-meta-layouts":"default","ast-page-background-enabled":"default","ast-page-background-meta":{"desktop":{"background-color":"","background-image":"","background-repeat":"repeat","background-position":"center center","background-size":"auto","background-attachment":"scroll","background-type":"","background-media":"","overlay-type":"","overlay-color":"","overlay-gradient":""},"tablet":{"background-color":"","background-image":"","background-repeat":"repeat","background-position":"center center","background-size":"auto","background-attachment":"scroll","background-type":"","background-media":"","overlay-type":"","overlay-color":"","overlay-gradient":""},"mobile":{"background-color":"","background-image":"","background-repeat":"repeat","background-position":"center center","background-size":"auto","background-attachment":"scroll","background-type":"","background-media":"","overlay-type":"","overlay-color":"","overlay-gradient":""}},"ast-content-background-meta":{"desktop":{"background-color":"var(--ast-global-color-5)","background-image":"","background-repeat":"repeat","background-position":"center center","background-size":"auto","background-attachment":"scroll","background-type":"","background-media":"","overlay-type":"","overlay-color":"","overlay-gradient":""},"tablet":{"background-color":"var(--ast-global-color-5)","background-image":"","background-repeat":"repeat","background-position":"center center","background-size":"auto","background-attachment":"scroll","background-type":"","background-media":"","overlay-type":"","overlay-color":"","overlay-gradient":""},"mobile":{"background-color":"var(--ast-global-color-5)","background-image":"","background-repeat":"repeat","background-position":"center center","background-size":"auto","background-attachment":"scroll","background-type":"","background-media":"","overlay-type":"","overlay-color":"","overlay-gradient":""}}},"product_cat":[15],"product_tag":[],"class_list":{"0":"post-9916","1":"product","2":"type-product","3":"status-publish","4":"has-post-thumbnail","6":"product_cat-bez-kategorii","7":"desktop-align-left","8":"tablet-align-left","9":"mobile-align-left","11":"first","12":"outofstock","13":"shipping-taxable","14":"purchasable","15":"product-type-simple"},"_links":{"self":[{"href":"https:\/\/store.shelterofmine.com\/de\/wp-json\/wp\/v2\/product\/9916","targetHints":{"allow":["GET"]}}],"collection":[{"href":"https:\/\/store.shelterofmine.com\/de\/wp-json\/wp\/v2\/product"}],"about":[{"href":"https:\/\/store.shelterofmine.com\/de\/wp-json\/wp\/v2\/types\/product"}],"version-history":[{"count":3,"href":"https:\/\/store.shelterofmine.com\/de\/wp-json\/wp\/v2\/product\/9916\/revisions"}],"predecessor-version":[{"id":14196,"href":"https:\/\/store.shelterofmine.com\/de\/wp-json\/wp\/v2\/product\/9916\/revisions\/14196"}],"wp:featuredmedia":[{"embeddable":true,"href":"https:\/\/store.shelterofmine.com\/de\/wp-json\/wp\/v2\/media\/9921"}],"wp:attachment":[{"href":"https:\/\/store.shelterofmine.com\/de\/wp-json\/wp\/v2\/media?parent=9916"}],"wp:term":[{"taxonomy":"product_cat","embeddable":true,"href":"https:\/\/store.shelterofmine.com\/de\/wp-json\/wp\/v2\/product_cat?post=9916"},{"taxonomy":"product_tag","embeddable":true,"href":"https:\/\/store.shelterofmine.com\/de\/wp-json\/wp\/v2\/product_tag?post=9916"}],"curies":[{"name":"wp","href":"https:\/\/api.w.org\/{rel}","templated":true}]}}