{"id":9926,"date":"2023-12-27T12:13:24","date_gmt":"2023-12-27T11:13:24","guid":{"rendered":"https:\/\/store.shelterofmine.com\/?post_type=product&#038;p=9926"},"modified":"2023-12-27T12:48:02","modified_gmt":"2023-12-27T11:48:02","slug":"lunatic-soul-eindrucke-cd-ausgabe-2019-kopia-kopia-kopia-kopia","status":"publish","type":"product","link":"https:\/\/store.shelterofmine.com\/de\/produkt\/lunatic-soul-eindrucke-cd-ausgabe-2019-kopia-kopia-kopia-kopia\/","title":{"rendered":"Behemoth, The Satanist Ecopack CD feat. Micha\u0142 \u0141apaj"},"content":{"rendered":"<ol class=\"track_list\">\n<li style=\"list-style-type: none;\">\n<ol class=\"track_list\">\n<li style=\"list-style-type: none;\">\n<ol class=\"track_list\">\n<li style=\"list-style-type: none;\">\n<ol class=\"track_list\">&#8222;The Satanist&#8220; wurde von Behemoth, den Wieslawski-Br\u00fcdern und Daniel Bergstrand im Hertz Studio produziert. Das Album wurde von Matt Hyde (Slayer) gemischt und von Ted Jensen (Metallica, AC\/DC) bei Sterling Sound gemastert. Das Cover von The Satanist wurde vom russischen K\u00fcnstler und Okkultisten Denis Forkas (denisforkas.com) gemalt. Die von ihm verwendete Farbe enthielt Nergals Blut. Das zus\u00e4tzliche Design stammt von Metastazis (Paradise Lost, etc.) und Zbigniew Bielak (Watain, Ghost).<\/ol>\n<\/li>\n<\/ol>\n<\/li>\n<\/ol>\n<\/li>\n<\/ol>\n<ol class=\"track_list\">\n<li style=\"list-style-type: none;\">\n<ol class=\"track_list\">\n<li style=\"list-style-type: none;\">\n<ol class=\"track_list\">Nergal kommentiert: &#8222;Ja, es hat uns viel Zeit gekostet, dieses Projekt zu realisieren. Und wir haben alles getan, um unsere Vision so klar wie m\u00f6glich zu vermitteln. Wir haben den Rubikon \u00fcberschritten. &#8222;Blow Your Trumpets Gabriel&#8220; ist eine ekstatische Manifestation unseres uneingeschr\u00e4nkten k\u00fcnstlerischen Willens, mit dem wir es wagen, die Grenzen des Heavy Metal-Genres zu \u00fcberschreiten. Und das ist erst der Anfang&#8230;&#8220;<\/ol>\n<\/li>\n<\/ol>\n<\/li>\n<\/ol>\n<p>&nbsp;<\/p>\n","protected":false},"excerpt":{"rendered":"<p>1. bl\u00e4st die Trompeten Gabriel<br \/>\n2 Furor Divinus<br \/>\n3. die Messe Noire<br \/>\n4 Ora Pro Nobis Luzifer<br \/>\n5. Amen<br \/>\n6 Der Satanist<br \/>\n7. Ben Sahar<br \/>\n8. in Abwesenheit von Licht<br \/>\n9. o Vater, o Satan, o Sonne!<\/p>\n<ol class=\"track_list\">\n<li style=\"list-style-type: none;\">\n<ol class=\"track_list\">\n<li style=\"list-style-type: none;\">\n<ol class=\"track_list\">\n<li style=\"list-style-type: none;\">\n<ol class=\"track_list\">\n<li style=\"list-style-type: none;\">\n<ol class=\"track_list\">\n<li style=\"list-style-type: none;\">\n<ol class=\"track_list\">\n<li style=\"list-style-type: none;\">\n<ol class=\"track_list\">\n<li style=\"list-style-type: none;\">\n<\/li>\n<\/ol>\n<\/li>\n<\/ol>\n<\/li>\n<\/ol>\n<\/li>\n<\/ol>\n<\/li>\n<\/ol>\n<ol class=\"track_list\">\n<li style=\"list-style-type: none;\">\n<ol class=\"track_list\">\n<li style=\"list-style-type: none;\">\n<\/li>\n<\/ol>\n<\/li>\n<\/ol>\n<\/li>\n<\/ol>\n<\/li>\n<\/ol>\n","protected":false},"featured_media":9931,"template":"","meta":{"site-sidebar-layout":"default","site-content-layout":"default","ast-site-content-layout":"default","site-content-style":"default","site-sidebar-style":"default","ast-global-header-display":"","ast-banner-title-visibility":"","ast-main-header-display":"","ast-hfb-above-header-display":"","ast-hfb-below-header-display":"","ast-hfb-mobile-header-display":"","site-post-title":"","ast-breadcrumbs-content":"","ast-featured-img":"","footer-sml-layout":"","theme-transparent-header-meta":"default","adv-header-id-meta":"","stick-header-meta":"","header-above-stick-meta":"","header-main-stick-meta":"","header-below-stick-meta":"","astra-migrate-meta-layouts":"default","ast-page-background-enabled":"default","ast-page-background-meta":{"desktop":{"background-color":"","background-image":"","background-repeat":"repeat","background-position":"center center","background-size":"auto","background-attachment":"scroll","background-type":"","background-media":"","overlay-type":"","overlay-color":"","overlay-gradient":""},"tablet":{"background-color":"","background-image":"","background-repeat":"repeat","background-position":"center center","background-size":"auto","background-attachment":"scroll","background-type":"","background-media":"","overlay-type":"","overlay-color":"","overlay-gradient":""},"mobile":{"background-color":"","background-image":"","background-repeat":"repeat","background-position":"center center","background-size":"auto","background-attachment":"scroll","background-type":"","background-media":"","overlay-type":"","overlay-color":"","overlay-gradient":""}},"ast-content-background-meta":{"desktop":{"background-color":"var(--ast-global-color-5)","background-image":"","background-repeat":"repeat","background-position":"center center","background-size":"auto","background-attachment":"scroll","background-type":"","background-media":"","overlay-type":"","overlay-color":"","overlay-gradient":""},"tablet":{"background-color":"var(--ast-global-color-5)","background-image":"","background-repeat":"repeat","background-position":"center center","background-size":"auto","background-attachment":"scroll","background-type":"","background-media":"","overlay-type":"","overlay-color":"","overlay-gradient":""},"mobile":{"background-color":"var(--ast-global-color-5)","background-image":"","background-repeat":"repeat","background-position":"center center","background-size":"auto","background-attachment":"scroll","background-type":"","background-media":"","overlay-type":"","overlay-color":"","overlay-gradient":""}}},"product_cat":[15],"product_tag":[],"class_list":{"0":"post-9926","1":"product","2":"type-product","3":"status-publish","4":"has-post-thumbnail","6":"product_cat-bez-kategorii","7":"desktop-align-left","8":"tablet-align-left","9":"mobile-align-left","11":"first","12":"outofstock","13":"shipping-taxable","14":"purchasable","15":"product-type-simple"},"_links":{"self":[{"href":"https:\/\/store.shelterofmine.com\/de\/wp-json\/wp\/v2\/product\/9926","targetHints":{"allow":["GET"]}}],"collection":[{"href":"https:\/\/store.shelterofmine.com\/de\/wp-json\/wp\/v2\/product"}],"about":[{"href":"https:\/\/store.shelterofmine.com\/de\/wp-json\/wp\/v2\/types\/product"}],"version-history":[{"count":1,"href":"https:\/\/store.shelterofmine.com\/de\/wp-json\/wp\/v2\/product\/9926\/revisions"}],"predecessor-version":[{"id":9961,"href":"https:\/\/store.shelterofmine.com\/de\/wp-json\/wp\/v2\/product\/9926\/revisions\/9961"}],"wp:featuredmedia":[{"embeddable":true,"href":"https:\/\/store.shelterofmine.com\/de\/wp-json\/wp\/v2\/media\/9931"}],"wp:attachment":[{"href":"https:\/\/store.shelterofmine.com\/de\/wp-json\/wp\/v2\/media?parent=9926"}],"wp:term":[{"taxonomy":"product_cat","embeddable":true,"href":"https:\/\/store.shelterofmine.com\/de\/wp-json\/wp\/v2\/product_cat?post=9926"},{"taxonomy":"product_tag","embeddable":true,"href":"https:\/\/store.shelterofmine.com\/de\/wp-json\/wp\/v2\/product_tag?post=9926"}],"curies":[{"name":"wp","href":"https:\/\/api.w.org\/{rel}","templated":true}]}}