{"id":7129,"date":"2023-03-14T21:44:08","date_gmt":"2023-03-14T20:44:08","guid":{"rendered":"https:\/\/store.shelterofmine.com\/politica-de-privacidad\/"},"modified":"2023-05-06T13:54:15","modified_gmt":"2023-05-06T11:54:15","slug":"politica-de-privacidad","status":"publish","type":"page","link":"https:\/\/store.shelterofmine.com\/es\/politica-de-privacidad\/","title":{"rendered":"Pol\u00edtica de privacidad"},"content":{"rendered":"\t\t<div data-elementor-type=\"wp-page\" data-elementor-id=\"7129\" class=\"elementor elementor-7129 elementor-3\">\n\t\t\t\t\t\t<section class=\"elementor-section elementor-top-section elementor-element elementor-element-0dc4c1d elementor-section-full_width elementor-section-height-min-height elementor-section-stretched elementor-section-height-default elementor-section-items-middle\" data-id=\"0dc4c1d\" data-element_type=\"section\" data-settings=\"{&quot;stretch_section&quot;:&quot;section-stretched&quot;,&quot;background_background&quot;:&quot;classic&quot;}\">\n\t\t\t\t\t\t<div class=\"elementor-container elementor-column-gap-default\">\n\t\t\t\t\t<div class=\"elementor-column elementor-col-100 elementor-top-column elementor-element elementor-element-870cc92\" data-id=\"870cc92\" data-element_type=\"column\">\n\t\t\t<div class=\"elementor-widget-wrap elementor-element-populated\">\n\t\t\t\t\t\t<section class=\"elementor-section elementor-inner-section elementor-element elementor-element-d9dd9f6 elementor-section-boxed elementor-section-height-default elementor-section-height-default\" data-id=\"d9dd9f6\" data-element_type=\"section\">\n\t\t\t\t\t\t<div class=\"elementor-container elementor-column-gap-default\">\n\t\t\t\t\t<div class=\"elementor-column elementor-col-50 elementor-inner-column elementor-element elementor-element-a9fd1c4\" data-id=\"a9fd1c4\" data-element_type=\"column\">\n\t\t\t<div class=\"elementor-widget-wrap elementor-element-populated\">\n\t\t\t\t\t\t<div class=\"elementor-element elementor-element-0d36503 elementor-widget elementor-widget-heading\" data-id=\"0d36503\" data-element_type=\"widget\" data-widget_type=\"heading.default\">\n\t\t\t\t<div class=\"elementor-widget-container\">\n\t\t\t\t\t<h2 class=\"elementor-heading-title elementor-size-default\">Pol\u00edtica de privacidad<\/h2>\t\t\t\t<\/div>\n\t\t\t\t<\/div>\n\t\t\t\t\t<\/div>\n\t\t<\/div>\n\t\t\t\t<div class=\"elementor-column elementor-col-50 elementor-inner-column elementor-element elementor-element-3a565b5\" data-id=\"3a565b5\" data-element_type=\"column\">\n\t\t\t<div class=\"elementor-widget-wrap\">\n\t\t\t\t\t\t\t<\/div>\n\t\t<\/div>\n\t\t\t\t\t<\/div>\n\t\t<\/section>\n\t\t\t\t\t<\/div>\n\t\t<\/div>\n\t\t\t\t\t<\/div>\n\t\t<\/section>\n\t\t\t\t<section class=\"elementor-section elementor-top-section elementor-element elementor-element-5637b39c elementor-section-boxed elementor-section-height-default elementor-section-height-default\" data-id=\"5637b39c\" data-element_type=\"section\">\n\t\t\t\t\t\t<div class=\"elementor-container elementor-column-gap-default\">\n\t\t\t\t\t<div class=\"elementor-column elementor-col-100 elementor-top-column elementor-element elementor-element-3b791162\" data-id=\"3b791162\" data-element_type=\"column\">\n\t\t\t<div class=\"elementor-widget-wrap elementor-element-populated\">\n\t\t\t\t\t\t<div class=\"elementor-element elementor-element-157768e9 elementor-widget elementor-widget-text-editor\" data-id=\"157768e9\" data-element_type=\"widget\" data-widget_type=\"text-editor.default\">\n\t\t\t\t<div class=\"elementor-widget-container\">\n\t\t\t\t\t\t\t\t\t<p>El uso de la tienda implica la aceptaci\u00f3n de los siguientes T\u00e9rminos y Condiciones, por lo que le rogamos que los lea atentamente. Si no acepta las Condiciones Generales, no realice ninguna compra. Simplemente abandone la p\u00e1gina.<br \/>Las Condiciones Generales establecen los t\u00e9rminos y condiciones para realizar compras, pagarlas y enviar los productos disponibles en la tienda.<\/p>\n<h3><b>Definiciones en general<\/b><\/h3>\n<div>\n<ul>\n<li>Cliente: persona f\u00edsica o empresa con una cuenta activa en la Tienda<\/li>\n<li>Costes: todos los costes incurridos por el Comprador para la ejecuci\u00f3n del Pedido realizado.<\/li>\n<li>Cesta: lugar virtual en el que se almacena informaci\u00f3n sobre los Productos solicitados, en particular la cantidad, el valor, el embalaje y los gastos de env\u00edo de los Productos.<\/li>\n<li>Comprador: cualquier cliente que realice la compraventa de bienes.<\/li>\n<li>Confirmaci\u00f3n: actividad realizada para confirmar la autenticidad del pedido realizado por el Comprador.<\/li>\n<li>Factura: emitiremos un recibo o una factura con IVA a petici\u00f3n del comprador en relaci\u00f3n con el proceso de compra.<\/li>\n<li>T\u00e9rminos y condiciones: estas normas de uso de la Tienda<\/li>\n<li>Registro: creaci\u00f3n de una cuenta en la Tienda, consistente en el almacenamiento de los datos necesarios proporcionados por el Cliente al realizar el primer Pedido.<\/li>\n<li>Tienda: el sitio web shop.shelterofmine.co.uk y las bases de datos que operan dentro de este sitio web y todos los dem\u00e1s sitios relacionados asociados con el proceso de transacci\u00f3n llevado a cabo.<\/li>\n<li>Proveedor: Ambient Media House Sp. z o.o.<\/li>\n<li>Bienes: cualquier producto o servicio ofrecido por la Tienda<\/li>\n<li>Verificaci\u00f3n: proceso destinado a confirmar los datos personales del cliente.<\/li>\n<li>Propietario: Ambient Media House Sp. z o.o., ul. Trzebnicka 12, 55 &#8211; 095 Szczodre , NIP: 895 &#8211; 218 &#8211; 75 &#8211; 82<\/li>\n<li>Pedido: informaci\u00f3n enviada electr\u00f3nicamente sobre el estado de la cesta de la compra, incluidos los datos del comprador y el lugar de env\u00edo de la mercanc\u00eda.<\/li>\n<li>PayU \/ PayPal: Servicios de Internet que gestionan los pagos electr\u00f3nicos de los Pedidos realizados en la Tienda.<\/li>\n<\/ul>\n<\/div>\n<div><b> <\/b><\/div>\n<h3 style=\"font-style: normal;\">Registro de clientes y uso de tiendas<\/h3>\n<div>\n<ol>\n<li>Para poder disfrutar de las compras en la tienda y convertirse en cliente de la misma, es necesario completar el proceso de registro.<\/li>\n<li>Los datos personales y de direcci\u00f3n facilitados durante el proceso de registro se someter\u00e1n a un proceso de verificaci\u00f3n. Para realizar compras en la tienda, los datos deben ser confirmados por el cliente.<\/li>\n<li>Registrarse y poder comprar en la Tienda es gratuito.<\/li>\n<li>Al utilizar la Tienda, el cliente acepta los archivos COOKIES utilizados por la Tienda.<\/li>\n<\/ol>\n<div>\n<h3 style=\"font-style: normal;\">Seguridad y protecci\u00f3n de datos personales<\/h3>\n<div>\n<ol>\n<li>Los datos personales y de direcci\u00f3n del cliente se almacenan y procesan exclusivamente para los fines de la Tienda y los registros de ventas, y est\u00e1n protegidos para que no puedan ser vistos ni puestos a disposici\u00f3n de terceros no autorizados.<\/li>\n<li>De conformidad con el Reglamento (UE) 2016\/679 del Parlamento Europeo y del Consejo, de 27 de abril de 2016. relativa a la protecci\u00f3n de las personas f\u00edsicas en lo que respecta al tratamiento de datos personales y a la libre circulaci\u00f3n de estos datos y por la que se deroga la Directiva 95\/46\/CE (RODO), todo Cliente tiene derecho a consultar sus datos, a rectificarlos y a solicitar que dejen de utilizarse.<\/li>\n<li>Los datos del cliente recogidos contienen \u00fanicamente la informaci\u00f3n necesaria para completar la transacci\u00f3n, procesar el pago, verificar y enviar la mercanc\u00eda.<\/li>\n<\/ol>\n<div>\n<h3 style=\"font-style: normal;\">Realizaci\u00f3n y tramitaci\u00f3n de pedidos<\/h3>\n<ol>\n<li>  El cliente tiene una visi\u00f3n general del pedido realizado en cada fase del proceso de pedido.<\/li>\n<li>El vendedor tiene derecho a exigir la confirmaci\u00f3n del pedido por: correo electr\u00f3nico, contacto telef\u00f3nico o cualquier otro medio posible.<\/li>\n<li>Las entregas se realizan a trav\u00e9s de empresas de transporte especificadas que garantizan una entrega eficaz y la seguridad del env\u00edo. La tienda acepta y tramita Pedidos con direcci\u00f3n de entrega fuera del pa\u00eds.<\/li>\n<li>Las entregas se realizan a trav\u00e9s de una empresa de transportes en un plazo de 14 d\u00edas laborables a partir del abono en cuenta del importe adeudado. Para los productos hechos a mano a partir de pedidos realizados, el plazo es de hasta 28 d\u00edas laborables.<\/li>\n<li>En el caso de un pedido anticipado de un Producto, el Producto se enviar\u00e1 despu\u00e9s de la fecha de comercializaci\u00f3n del Producto (fecha de lanzamiento). La fecha mencionada en la frase anterior (fecha de lanzamiento) se indica en la descripci\u00f3n del Producto. En caso de retraso en el lanzamiento, la nueva fecha se incluir\u00e1 en la descripci\u00f3n del producto en la tienda en l\u00ednea.<\/li>\n<li>Los retrasos en la entrega que no sean imputables al Vendedor no podr\u00e1n ser la base de ninguna reclamaci\u00f3n por parte del Comprador.<\/li>\n<li>En caso de problemas debidos a razones imprevisibles e inevitables (ruptura de existencias, fallo del sistema inform\u00e1tico), se informar\u00e1 inmediatamente al Comprador por el medio de contacto elegido por el Vendedor y se fijar\u00e1 un nuevo plazo.<\/li>\n<li>Si el pedido lo realiza un menor, la responsabilidad recae en los tutores legales del cliente.<\/li>\n<li>Con cada pedido se emitir\u00e1 una factura por los Bienes adquiridos &#8211; Facturas del IVA \u00fanicamente a petici\u00f3n del Comprador en un plazo conforme a la legislaci\u00f3n aplicable, a contar desde el final del mes en que se hayan entregado los Bienes o prestado los servicios o se haya recibido la totalidad o parte del pago.<\/li>\n<li>El destinatario de una factura en forma de factura IVA s\u00f3lo puede ser una empresa\/particular que sea sujeto pasivo del IVA.<\/li>\n<\/ol>\n<div>\n<h3>Precios de compra de bienes y servicios, formas de pago y gastos de env\u00edo<\/h3>\n<div>\n<ol>\n<li>Los precios indicados en la Tienda incluyen el IVA aplicable (precios brutos) y se expresan en zlotys polacos (PLN) y en euros.<\/li>\n<li>Las formas de pago aceptadas son: transferencia electr\u00f3nica, tarjeta de pago y pago a cuenta.<\/li>\n<li>Los pagos electr\u00f3nicos se realizan a trav\u00e9s de PayU o PayPal.<\/li>\n<li>La fecha de venta ser\u00e1 la fecha de env\u00edo de la mercanc\u00eda al Comprador o de abono del importe en la cuenta bancaria de la Tienda.<\/li>\n<li>Todos los costes relacionados con la tramitaci\u00f3n del pedido, especialmente los de embalaje y env\u00edo, se calculan autom\u00e1ticamente y se a\u00f1aden al valor del pedido.<\/li>\n<li>Los Costes calculados no est\u00e1n directamente relacionados con la tarifa que cobran las empresas de transporte y son s\u00f3lo un reflejo de los Costes reales.<\/li>\n<\/ol>\n<div>\n<h3 style=\"font-style: normal;\">Garant\u00edas y devoluciones<\/h3>\n<div>\n<ol>\n<li>El comprador tiene derecho a devolver los bienes adquiridos en un plazo de 14 d\u00edas naturales a partir de la recepci\u00f3n de los bienes.<\/li>\n<li>El derecho de devoluci\u00f3n no se aplica a productos como programas inform\u00e1ticos y grabaciones sonoras o visuales que se encuentren en envases precintados y que hayan sido abiertos por el cliente.<\/li>\n<li>Todos los productos disponibles en la Tienda est\u00e1n cubiertos por la garant\u00eda del fabricante.<\/li>\n<li>Antes de su env\u00edo, se comprueba que cada producto no tenga ning\u00fan defecto.<\/li>\n<li>Si se detecta un defecto, el Comprador est\u00e1 obligado a comunicarlo en un plazo de 14 d\u00edas a partir de la compra de la mercanc\u00eda.<\/li>\n<li>El vendedor est\u00e1 exento de responsabilidad:  <br \/>o por defectos si se deben a causas distintas de defectos en el material utilizado<br \/>o por insatisfacci\u00f3n con el producto recibido<br \/>o contra las declaraciones de rendimiento de los productos<\/li>\n<li>La garant\u00eda no cubre:  <br \/>o da\u00f1os causados durante el transporte del env\u00edo<br \/>o da\u00f1os por la entrada de objetos extra\u00f1os en el interior<br \/>o da\u00f1os t\u00e9rmicos y qu\u00edmicos causados durante la limpieza, el planchado o el lavado y derivados del incumplimiento del etiquetado de los productos<br \/>o los da\u00f1os causados por el almacenamiento, el mantenimiento y el funcionamiento en condiciones que no cumplan los requisitos de las normas pertinentes.<\/li>\n<li>El comprador est\u00e1 obligado a entregar la mercanc\u00eda devuelta o reclamada al Vendedor por su cuenta y a su cargo.<\/li>\n<\/ol>\n<div>\n<h3 style=\"font-style: normal;\">Disposiciones finales<\/h3>\n<div>\n<ol>\n<li>El contenido de la Tienda no constituye una oferta comercial completa en el sentido del C\u00f3digo Civil art. 543.<\/li>\n<li>El vendedor se reserva el derecho a rechazar un pedido sin indicar el motivo y las indemnizaciones o da\u00f1os y perjuicios resultantes.<\/li>\n<li>En lo no previsto en las presentes condiciones, se aplicar\u00e1n mutatis mutandis las disposiciones del C\u00f3digo Civil.<\/li>\n<\/ol>\n<\/div>\n<\/div>\n<\/div>\n<\/div>\n<\/div>\n<\/div>\n<\/div>\n<\/div>\n<\/div>\n<\/div>\n\t\t\t\t\t\t\t\t<\/div>\n\t\t\t\t<\/div>\n\t\t\t\t\t<\/div>\n\t\t<\/div>\n\t\t\t\t\t<\/div>\n\t\t<\/section>\n\t\t\t\t<\/div>\n\t\t","protected":false},"excerpt":{"rendered":"<p>Pol\u00edtica de privacidad El uso de la tienda implica la aceptaci\u00f3n de los siguientes T\u00e9rminos y Condiciones, por lo que le rogamos que los lea atentamente. Si no acepta las Condiciones Generales, no realice ninguna compra. Simplemente abandone la p\u00e1gina.Las Condiciones Generales establecen los t\u00e9rminos y condiciones para realizar compras, pagarlas y enviar los productos &hellip;<\/p>\n<p class=\"read-more\"> <a class=\"\" href=\"https:\/\/store.shelterofmine.com\/es\/politica-de-privacidad\/\"> <span class=\"screen-reader-text\">Pol\u00edtica de privacidad<\/span> Leer m\u00e1s &raquo;<\/a><\/p>\n","protected":false},"author":1,"featured_media":0,"parent":0,"menu_order":0,"comment_status":"closed","ping_status":"open","template":"","meta":{"site-sidebar-layout":"default","site-content-layout":"","ast-site-content-layout":"","site-content-style":"default","site-sidebar-style":"default","ast-global-header-display":"","ast-banner-title-visibility":"","ast-main-header-display":"","ast-hfb-above-header-display":"","ast-hfb-below-header-display":"","ast-hfb-mobile-header-display":"","site-post-title":"disabled","ast-breadcrumbs-content":"","ast-featured-img":"","footer-sml-layout":"","theme-transparent-header-meta":"","adv-header-id-meta":"","stick-header-meta":"","header-above-stick-meta":"","header-main-stick-meta":"","header-below-stick-meta":"","astra-migrate-meta-layouts":"default","ast-page-background-enabled":"default","ast-page-background-meta":{"desktop":{"background-color":"","background-image":"","background-repeat":"repeat","background-position":"center center","background-size":"auto","background-attachment":"scroll","background-type":"","background-media":"","overlay-type":"","overlay-color":"","overlay-gradient":""},"tablet":{"background-color":"","background-image":"","background-repeat":"repeat","background-position":"center center","background-size":"auto","background-attachment":"scroll","background-type":"","background-media":"","overlay-type":"","overlay-color":"","overlay-gradient":""},"mobile":{"background-color":"","background-image":"","background-repeat":"repeat","background-position":"center center","background-size":"auto","background-attachment":"scroll","background-type":"","background-media":"","overlay-type":"","overlay-color":"","overlay-gradient":""}},"ast-content-background-meta":{"desktop":{"background-color":"var(--ast-global-color-5)","background-image":"","background-repeat":"repeat","background-position":"center center","background-size":"auto","background-attachment":"scroll","background-type":"","background-media":"","overlay-type":"","overlay-color":"","overlay-gradient":""},"tablet":{"background-color":"var(--ast-global-color-5)","background-image":"","background-repeat":"repeat","background-position":"center center","background-size":"auto","background-attachment":"scroll","background-type":"","background-media":"","overlay-type":"","overlay-color":"","overlay-gradient":""},"mobile":{"background-color":"var(--ast-global-color-5)","background-image":"","background-repeat":"repeat","background-position":"center center","background-size":"auto","background-attachment":"scroll","background-type":"","background-media":"","overlay-type":"","overlay-color":"","overlay-gradient":""}},"footnotes":""},"class_list":["post-7129","page","type-page","status-publish","hentry"],"_links":{"self":[{"href":"https:\/\/store.shelterofmine.com\/es\/wp-json\/wp\/v2\/pages\/7129","targetHints":{"allow":["GET"]}}],"collection":[{"href":"https:\/\/store.shelterofmine.com\/es\/wp-json\/wp\/v2\/pages"}],"about":[{"href":"https:\/\/store.shelterofmine.com\/es\/wp-json\/wp\/v2\/types\/page"}],"author":[{"embeddable":true,"href":"https:\/\/store.shelterofmine.com\/es\/wp-json\/wp\/v2\/users\/1"}],"replies":[{"embeddable":true,"href":"https:\/\/store.shelterofmine.com\/es\/wp-json\/wp\/v2\/comments?post=7129"}],"version-history":[{"count":6,"href":"https:\/\/store.shelterofmine.com\/es\/wp-json\/wp\/v2\/pages\/7129\/revisions"}],"predecessor-version":[{"id":7258,"href":"https:\/\/store.shelterofmine.com\/es\/wp-json\/wp\/v2\/pages\/7129\/revisions\/7258"}],"wp:attachment":[{"href":"https:\/\/store.shelterofmine.com\/es\/wp-json\/wp\/v2\/media?parent=7129"}],"curies":[{"name":"wp","href":"https:\/\/api.w.org\/{rel}","templated":true}]}}