{"id":13916,"date":"2024-02-28T10:45:18","date_gmt":"2024-02-28T09:45:18","guid":{"rendered":"https:\/\/store.shelterofmine.com\/?post_type=product&#038;p=13916"},"modified":"2024-04-19T20:38:04","modified_gmt":"2024-04-19T18:38:04","slug":"behemoth-the-satanist-ecopack-cd-feat-michal-lapaj-kopia","status":"publish","type":"product","link":"https:\/\/store.shelterofmine.com\/es\/produkt\/behemoth-the-satanist-ecopack-cd-feat-michal-lapaj-kopia\/","title":{"rendered":"Maciej Meller, Live after Zenith &#8211; CD"},"content":{"rendered":"<p>Maciej Meller &#8211; guitarras, e-bow<br \/>\nKrzysztof Borek &#8211; voz, ac\u00fastica, guitarra<br \/>\n\u0141ukasz Oliwkowski &#8211; bater\u00eda, percusiones<br \/>\nZbigniew Florek &#8211; piano, teclados<br \/>\nJacek Mazurkiewicz &#8211; contrabajo<br \/>\nPawe\u0142 Hulisz &#8211; trompeta, fliscorno<br \/>\nJacek Zasada &#8211; flautas Sebastian Niemiec &#8211; saxo tenor<\/p>\n<p>Invitado: Bartosz Kossowicz &#8211; voz en \u00abWe are alone together\u00bb (Estamos solos juntos)<\/p>\n<p>Toda la m\u00fasica por Maciej Meller<br \/>\nTodas las letras de Krzysztof Borekexcept: \u00abEstamos solos juntos\u00bb<br \/>\nm\u00fasica de Maciej Meller, Zbigniew Florek, Bartosz Kossowicz, Maciej Wr\u00f3blewski, Mariusz Zi\u00f3\u0142kowski;<br \/>\nletra de Marta Nowosielska, Bartosz Kossowicz<br \/>\n\u00abTrip\u00bb, m\u00fasica de Mariusz Duda y Maciej Meller<br \/>\n\u00abBazo de Cracovia\u00bb m\u00fasica de Marek Jackowski<br \/>\nletra de Olga Jackowska<br \/>\n\u00abHeroes\u00bb m\u00fasica y letra de David Bowie, Brian Eno<\/p>\n<p>Todas las pistas grabadas durante el concierto \u00abLive After Zenith\u00bb en el Teatro Municipal de Inowroc\u0142aw el 8 de enero de 2023.<br \/>\nTodo mezclado y masterizado por Robert Szyd\u0142o<br \/>\nProducido y coordinado por Maciej Meller<br \/>\nPiotr Mazurowski, productor ejecutivo de Farna Records<\/p>\n","protected":false},"excerpt":{"rendered":"<p>CD:<\/p>\n<p>1. ASIDE<br \/>\n2. FOX<br \/>\n3. CONGELADO<br \/>\n4 PLAN B<br \/>\n5. CUCHILLO<br \/>\n6. ESTAMOS SOLOS JUNTOS<br \/>\n7. A MEDIO CAMINO<br \/>\n8. VIAJE<br \/>\n9\u00ba BAZO DE CRACOVIA<br \/>\n10. H\u00c9ROES<\/p>\n","protected":false},"featured_media":13920,"template":"","meta":{"site-sidebar-layout":"default","site-content-layout":"default","ast-site-content-layout":"default","site-content-style":"default","site-sidebar-style":"default","ast-global-header-display":"","ast-banner-title-visibility":"","ast-main-header-display":"","ast-hfb-above-header-display":"","ast-hfb-below-header-display":"","ast-hfb-mobile-header-display":"","site-post-title":"","ast-breadcrumbs-content":"","ast-featured-img":"","footer-sml-layout":"","theme-transparent-header-meta":"default","adv-header-id-meta":"","stick-header-meta":"","header-above-stick-meta":"","header-main-stick-meta":"","header-below-stick-meta":"","astra-migrate-meta-layouts":"default","ast-page-background-enabled":"default","ast-page-background-meta":{"desktop":{"background-color":"","background-image":"","background-repeat":"repeat","background-position":"center center","background-size":"auto","background-attachment":"scroll","background-type":"","background-media":"","overlay-type":"","overlay-color":"","overlay-gradient":""},"tablet":{"background-color":"","background-image":"","background-repeat":"repeat","background-position":"center center","background-size":"auto","background-attachment":"scroll","background-type":"","background-media":"","overlay-type":"","overlay-color":"","overlay-gradient":""},"mobile":{"background-color":"","background-image":"","background-repeat":"repeat","background-position":"center center","background-size":"auto","background-attachment":"scroll","background-type":"","background-media":"","overlay-type":"","overlay-color":"","overlay-gradient":""}},"ast-content-background-meta":{"desktop":{"background-color":"var(--ast-global-color-5)","background-image":"","background-repeat":"repeat","background-position":"center center","background-size":"auto","background-attachment":"scroll","background-type":"","background-media":"","overlay-type":"","overlay-color":"","overlay-gradient":""},"tablet":{"background-color":"var(--ast-global-color-5)","background-image":"","background-repeat":"repeat","background-position":"center center","background-size":"auto","background-attachment":"scroll","background-type":"","background-media":"","overlay-type":"","overlay-color":"","overlay-gradient":""},"mobile":{"background-color":"var(--ast-global-color-5)","background-image":"","background-repeat":"repeat","background-position":"center center","background-size":"auto","background-attachment":"scroll","background-type":"","background-media":"","overlay-type":"","overlay-color":"","overlay-gradient":""}}},"product_cat":[272],"product_tag":[],"class_list":{"0":"post-13916","1":"product","2":"type-product","3":"status-publish","4":"has-post-thumbnail","6":"product_cat-sin-categoria","7":"desktop-align-left","8":"tablet-align-left","9":"mobile-align-left","11":"first","12":"outofstock","13":"shipping-taxable","14":"purchasable","15":"product-type-simple"},"_links":{"self":[{"href":"https:\/\/store.shelterofmine.com\/es\/wp-json\/wp\/v2\/product\/13916","targetHints":{"allow":["GET"]}}],"collection":[{"href":"https:\/\/store.shelterofmine.com\/es\/wp-json\/wp\/v2\/product"}],"about":[{"href":"https:\/\/store.shelterofmine.com\/es\/wp-json\/wp\/v2\/types\/product"}],"version-history":[{"count":3,"href":"https:\/\/store.shelterofmine.com\/es\/wp-json\/wp\/v2\/product\/13916\/revisions"}],"predecessor-version":[{"id":14226,"href":"https:\/\/store.shelterofmine.com\/es\/wp-json\/wp\/v2\/product\/13916\/revisions\/14226"}],"wp:featuredmedia":[{"embeddable":true,"href":"https:\/\/store.shelterofmine.com\/es\/wp-json\/wp\/v2\/media\/13920"}],"wp:attachment":[{"href":"https:\/\/store.shelterofmine.com\/es\/wp-json\/wp\/v2\/media?parent=13916"}],"wp:term":[{"taxonomy":"product_cat","embeddable":true,"href":"https:\/\/store.shelterofmine.com\/es\/wp-json\/wp\/v2\/product_cat?post=13916"},{"taxonomy":"product_tag","embeddable":true,"href":"https:\/\/store.shelterofmine.com\/es\/wp-json\/wp\/v2\/product_tag?post=13916"}],"curies":[{"name":"wp","href":"https:\/\/api.w.org\/{rel}","templated":true}]}}