{"id":19377,"date":"2025-08-28T18:04:59","date_gmt":"2025-08-28T16:04:59","guid":{"rendered":"https:\/\/store.shelterofmine.com\/?post_type=product&#038;p=19377"},"modified":"2025-09-24T12:40:35","modified_gmt":"2025-09-24T10:40:35","slug":"lunatic-soul-the-world-under-unsun-2-cd-reserva","status":"publish","type":"product","link":"https:\/\/store.shelterofmine.com\/es\/produkt\/lunatic-soul-the-world-under-unsun-2-cd-reserva\/","title":{"rendered":"Lunatic Soul | The World Under Unsun 2 CD | \u00a1RESERVA!"},"content":{"rendered":"<p><span class=\"jCAhz ChMk0b\"><span class=\"ryNqvb\">\u201cUnsun\u201d es el sol durante un eclipse total.<\/span><\/span> <span class=\"jCAhz ChMk0b\"><span class=\"ryNqvb\">El sol se cierne sobre un mundo donde nada sale bien, un mundo simbolizado por la mente del protagonista.<\/span><\/span> <span class=\"jCAhz ChMk0b\"><span class=\"ryNqvb\">\u201cThe World Under Unsun\u201d es la historia de un hombre que intenta liberarse de relaciones t\u00f3xicas y patrones repetitivos.<\/span><\/span> <span class=\"jCAhz ChMk0b\"><span class=\"ryNqvb\">Es la historia de alguien que decide cambiar de vida, luchando constantemente con h\u00e1bitos, culpa y todo tipo de adicciones al \u00abaqu\u00ed y ahora\u00bb.<\/span><\/span> <span class=\"jCAhz ChMk0b\"><span class=\"ryNqvb\">Es una historia sobre el conflicto interno, algo que todos experimentamos al enfrentar decisiones moralmente dif\u00edciles.<\/span><\/span><span class=\"jCAhz ChMk0b\"><span class=\"ryNqvb\"> Mariusz Duda decidi\u00f3 grabar el primer \u00e1lbum doble de su carrera, un lanzamiento de 90 minutos que, en la era del TDAH global y la lucha por la atenci\u00f3n del p\u00fablico, es un paso audaz a contracorriente.<\/span><\/span><span class=\"jCAhz ChMk0b\"><span class=\"ryNqvb\"> \u00bfQu\u00e9 abarcan estos 90 minutos de m\u00fasica?<\/span><\/span> <span class=\"jCAhz ChMk0b\"><span class=\"ryNqvb\">La esencia misma del trabajo de Mariusz Duda de las \u00faltimas dos d\u00e9cadas, tanto en Lunatic Soul como en Riverside.<\/span><\/span><\/p>\n<p>&nbsp;<\/p>\n<p>&nbsp;<\/p>\n","protected":false},"excerpt":{"rendered":"<p>\u00a1El \u00e1lbum se lanzar\u00e1 el 31 de octubre de 2025!<\/p>\n","protected":false},"featured_media":20053,"template":"","meta":{"site-sidebar-layout":"default","site-content-layout":"default","ast-site-content-layout":"default","site-content-style":"default","site-sidebar-style":"default","ast-global-header-display":"","ast-banner-title-visibility":"","ast-main-header-display":"","ast-hfb-above-header-display":"","ast-hfb-below-header-display":"","ast-hfb-mobile-header-display":"","site-post-title":"","ast-breadcrumbs-content":"","ast-featured-img":"","footer-sml-layout":"","theme-transparent-header-meta":"default","adv-header-id-meta":"","stick-header-meta":"","header-above-stick-meta":"","header-main-stick-meta":"","header-below-stick-meta":"","astra-migrate-meta-layouts":"set","ast-page-background-enabled":"default","ast-page-background-meta":{"desktop":{"background-color":"","background-image":"","background-repeat":"repeat","background-position":"center center","background-size":"auto","background-attachment":"scroll","background-type":"","background-media":"","overlay-type":"","overlay-color":"","overlay-gradient":""},"tablet":{"background-color":"","background-image":"","background-repeat":"repeat","background-position":"center center","background-size":"auto","background-attachment":"scroll","background-type":"","background-media":"","overlay-type":"","overlay-color":"","overlay-gradient":""},"mobile":{"background-color":"","background-image":"","background-repeat":"repeat","background-position":"center center","background-size":"auto","background-attachment":"scroll","background-type":"","background-media":"","overlay-type":"","overlay-color":"","overlay-gradient":""}},"ast-content-background-meta":{"desktop":{"background-color":"var(--ast-global-color-5)","background-image":"","background-repeat":"repeat","background-position":"center center","background-size":"auto","background-attachment":"scroll","background-type":"","background-media":"","overlay-type":"","overlay-color":"","overlay-gradient":""},"tablet":{"background-color":"var(--ast-global-color-5)","background-image":"","background-repeat":"repeat","background-position":"center center","background-size":"auto","background-attachment":"scroll","background-type":"","background-media":"","overlay-type":"","overlay-color":"","overlay-gradient":""},"mobile":{"background-color":"var(--ast-global-color-5)","background-image":"","background-repeat":"repeat","background-position":"center center","background-size":"auto","background-attachment":"scroll","background-type":"","background-media":"","overlay-type":"","overlay-color":"","overlay-gradient":""}}},"product_cat":[191,254],"product_tag":[],"class_list":{"0":"post-19377","1":"product","2":"type-product","3":"status-publish","4":"has-post-thumbnail","6":"product_cat-musica","7":"product_cat-proyectos-en-solitario","8":"desktop-align-left","9":"tablet-align-left","10":"mobile-align-left","12":"first","13":"instock","14":"shipping-taxable","15":"purchasable","16":"product-type-simple"},"_links":{"self":[{"href":"https:\/\/store.shelterofmine.com\/es\/wp-json\/wp\/v2\/product\/19377","targetHints":{"allow":["GET"]}}],"collection":[{"href":"https:\/\/store.shelterofmine.com\/es\/wp-json\/wp\/v2\/product"}],"about":[{"href":"https:\/\/store.shelterofmine.com\/es\/wp-json\/wp\/v2\/types\/product"}],"version-history":[{"count":1,"href":"https:\/\/store.shelterofmine.com\/es\/wp-json\/wp\/v2\/product\/19377\/revisions"}],"predecessor-version":[{"id":20504,"href":"https:\/\/store.shelterofmine.com\/es\/wp-json\/wp\/v2\/product\/19377\/revisions\/20504"}],"wp:featuredmedia":[{"embeddable":true,"href":"https:\/\/store.shelterofmine.com\/es\/wp-json\/wp\/v2\/media\/20053"}],"wp:attachment":[{"href":"https:\/\/store.shelterofmine.com\/es\/wp-json\/wp\/v2\/media?parent=19377"}],"wp:term":[{"taxonomy":"product_cat","embeddable":true,"href":"https:\/\/store.shelterofmine.com\/es\/wp-json\/wp\/v2\/product_cat?post=19377"},{"taxonomy":"product_tag","embeddable":true,"href":"https:\/\/store.shelterofmine.com\/es\/wp-json\/wp\/v2\/product_tag?post=19377"}],"curies":[{"name":"wp","href":"https:\/\/api.w.org\/{rel}","templated":true}]}}