{"id":6170,"date":"2024-12-17T10:52:41","date_gmt":"2024-12-17T09:52:41","guid":{"rendered":"https:\/\/store.shelterofmine.com\/produkt\/riverside-reality-dream-trilogy-6xcd\/"},"modified":"2026-04-11T13:26:14","modified_gmt":"2026-04-11T11:26:14","slug":"trilogia-realidad-sueno","status":"publish","type":"product","link":"https:\/\/store.shelterofmine.com\/es\/produkt\/trilogia-realidad-sueno\/","title":{"rendered":"\u00a1\u00a1\u00a1Riverside, Reality Dream Trilogy 6xCD !!!"},"content":{"rendered":"<p>BOX de seis discos de Riverside en edici\u00f3n exclusiva. Esta hermosa edici\u00f3n incluye, adem\u00e1s de los \u00e1lbumes de estudio completos, un n\u00famero considerable de temas extra: actuaciones en directo y aquellos que s\u00f3lo estaban disponibles en singles agotados hace tiempo.<\/p>\n<p>&nbsp;<\/p>\n<p>Canciones del \u00e1lbum<\/p>\n<p>&#8212;CD1: FUERA DE M\u00cd<br \/>\n1. EL MISMO R\u00cdO<br \/>\n2. FUERA DE M\u00cd<br \/>\n3. CREO<br \/>\n4. REALIDAD SUE\u00d1O<br \/>\n5. CORAZ\u00d3N SUELTO<br \/>\n6. REALIDAD SUE\u00d1O II<br \/>\n7. CON DOS MENTES<br \/>\n8. CAE EL TEL\u00d3N<br \/>\n9. OK<br \/>\n&#8212;CD2: VOCES EN MI CABEZA<br \/>\n1ST US<br \/>\n2. ACR\u00d3NIMO AMOR<br \/>\n3 ADN TS. REDNUM O F. RAF<br \/>\n4. LA VEZ QUE SO\u00d1\u00c9 DESPIERTO<br \/>\n5. ATRAPADO ENTRE<br \/>\n6. I BELIEVE (en directo)<br \/>\n7. LOOSE HEART (en directo)<br \/>\n8. OUT OF MYSELF (en directo)<br \/>\n&#8212;CD3: S\u00cdNDROME DE LA SEGUNDA VIDA<br \/>\n1. DESPU\u00c9S<br \/>\n2. VOLTE-FACE<br \/>\n3. CONCEBIRTE<br \/>\n4. S\u00cdNDROME DE LA SEGUNDA VIDA<br \/>\n5. SONRISA ARTIFICIAL<br \/>\n6. TE HE RECHAZADO<br \/>\n7. REALIDAD SUE\u00d1O III<br \/>\n8. BAILAR CON LA SOMBRA<br \/>\n9. ANTES<br \/>\n&#8212;CD4: SEGUNDO S\u00cdNDROME EN DIRECTO<br \/>\n1. VOLTE-FACE (en directo)<br \/>\n2. CONCEIVING YOU (en directo)<br \/>\n3. S\u00cdNDROME DE LA SEGUNDA VIDA (en directo)<\/p>\n<p>4. I TURNED YOU DOWN (en directo)<br \/>\n5. REALITY DREAM III (en directo)<br \/>\n6. DANCE WITH THE SHADOW (en directo)<br \/>\n7. BEFORE (en directo)<br \/>\n8. LA PIEZA QUE REFLEJA EL ESTADO MENTAL DE UNO DE LOS MIEMBROS DE NUESTRA BANDA<br \/>\n1-7 del DVD\/\u00e1lbum en directo \u00abReality Dream<br \/>\n(2008)<br \/>\n8 del single \u00abConceiving You<br \/>\n(2005)<br \/>\n&#8212;CD5: MOVIMIENTO OCULAR R\u00c1PIDO<br \/>\nPrimera parte &#8211; Sin miedo<br \/>\n1. M\u00c1S ALL\u00c1 DE LOS P\u00c1RPADOS<br \/>\n2. CAJA ARCO IRIS<br \/>\n3. 02 HABITACI\u00d3N DEL P\u00c1NICO<br \/>\n4. ORACI\u00d3N ESQUIZOFR\u00c9NICA<br \/>\n5. PARASOMNIA<br \/>\nSegunda parte &#8211; Fearland<br \/>\n6. POR EL OTRO LADO<br \/>\n7. EMBRION\u00cdA<br \/>\n8. ALMOHADA CIBERN\u00c9TICA<br \/>\n9. VIAJE DEFINITIVO<br \/>\n&#8212;CD6: MOVIMIENTO OCULAR R\u00c1PIDO II<br \/>\n1. DETR\u00c1S DE LOS P\u00c1RPADOS<br \/>\n2. SUE\u00d1O L\u00daCIDO IV<br \/>\n3. 02 PANIC ROOM (remix)<br \/>\n4. VIAJE ARCO IRIS<br \/>\n5. DE VUELTA AL R\u00cdO<br \/>\n6. MOVIMIENTO OCULAR R\u00c1PIDO<br \/>\n2-3,5 &#8211; del single \u00ab02 Panic Room<br \/>\n(2007)<br \/>\n1,4,6 &#8211; del single \u00abSchizophrenic Prayer<br \/>\n(2008)<\/p>\n","protected":false},"excerpt":{"rendered":"<p>BOX de seis discos de Riverside en edici\u00f3n exclusiva. Esta hermosa edici\u00f3n incluye, adem\u00e1s de los \u00e1lbumes de estudio completos, un n\u00famero considerable de temas extra: actuaciones en directo y aquellos que s\u00f3lo estaban disponibles en singles agotados hace tiempo. &nbsp; Canciones del \u00e1lbum &#8212;CD1: FUERA DE M\u00cd 1. EL MISMO R\u00cdO 2. FUERA DE &hellip;<\/p>\n<p class=\"read-more\"> <a class=\"\" href=\"https:\/\/store.shelterofmine.com\/es\/produkt\/trilogia-realidad-sueno\/\"> <span class=\"screen-reader-text\">\u00a1\u00a1\u00a1Riverside, Reality Dream Trilogy 6xCD !!!<\/span> Leer m\u00e1s &raquo;<\/a><\/p>\n","protected":false},"featured_media":5913,"template":"","meta":{"site-sidebar-layout":"default","site-content-layout":"default","ast-site-content-layout":"default","site-content-style":"default","site-sidebar-style":"default","ast-global-header-display":"","ast-banner-title-visibility":"","ast-main-header-display":"","ast-hfb-above-header-display":"","ast-hfb-below-header-display":"","ast-hfb-mobile-header-display":"","site-post-title":"","ast-breadcrumbs-content":"","ast-featured-img":"","footer-sml-layout":"","theme-transparent-header-meta":"default","adv-header-id-meta":"","stick-header-meta":"","header-above-stick-meta":"","header-main-stick-meta":"","header-below-stick-meta":"","astra-migrate-meta-layouts":"default","ast-page-background-enabled":"default","ast-page-background-meta":{"desktop":{"background-color":"","background-image":"","background-repeat":"repeat","background-position":"center center","background-size":"auto","background-attachment":"scroll","background-type":"","background-media":"","overlay-type":"","overlay-color":"","overlay-gradient":""},"tablet":{"background-color":"","background-image":"","background-repeat":"repeat","background-position":"center center","background-size":"auto","background-attachment":"scroll","background-type":"","background-media":"","overlay-type":"","overlay-color":"","overlay-gradient":""},"mobile":{"background-color":"","background-image":"","background-repeat":"repeat","background-position":"center center","background-size":"auto","background-attachment":"scroll","background-type":"","background-media":"","overlay-type":"","overlay-color":"","overlay-gradient":""}},"ast-content-background-meta":{"desktop":{"background-color":"var(--ast-global-color-5)","background-image":"","background-repeat":"repeat","background-position":"center center","background-size":"auto","background-attachment":"scroll","background-type":"","background-media":"","overlay-type":"","overlay-color":"","overlay-gradient":""},"tablet":{"background-color":"var(--ast-global-color-5)","background-image":"","background-repeat":"repeat","background-position":"center center","background-size":"auto","background-attachment":"scroll","background-type":"","background-media":"","overlay-type":"","overlay-color":"","overlay-gradient":""},"mobile":{"background-color":"var(--ast-global-color-5)","background-image":"","background-repeat":"repeat","background-position":"center center","background-size":"auto","background-attachment":"scroll","background-type":"","background-media":"","overlay-type":"","overlay-color":"","overlay-gradient":""}}},"product_cat":[191],"product_tag":[],"class_list":{"0":"post-6170","1":"product","2":"type-product","3":"status-publish","4":"has-post-thumbnail","6":"product_cat-musica","7":"desktop-align-left","8":"tablet-align-left","9":"mobile-align-left","11":"first","12":"instock","13":"shipping-taxable","14":"purchasable","15":"product-type-simple"},"_links":{"self":[{"href":"https:\/\/store.shelterofmine.com\/es\/wp-json\/wp\/v2\/product\/6170","targetHints":{"allow":["GET"]}}],"collection":[{"href":"https:\/\/store.shelterofmine.com\/es\/wp-json\/wp\/v2\/product"}],"about":[{"href":"https:\/\/store.shelterofmine.com\/es\/wp-json\/wp\/v2\/types\/product"}],"version-history":[{"count":1,"href":"https:\/\/store.shelterofmine.com\/es\/wp-json\/wp\/v2\/product\/6170\/revisions"}],"predecessor-version":[{"id":7017,"href":"https:\/\/store.shelterofmine.com\/es\/wp-json\/wp\/v2\/product\/6170\/revisions\/7017"}],"wp:featuredmedia":[{"embeddable":true,"href":"https:\/\/store.shelterofmine.com\/es\/wp-json\/wp\/v2\/media\/5913"}],"wp:attachment":[{"href":"https:\/\/store.shelterofmine.com\/es\/wp-json\/wp\/v2\/media?parent=6170"}],"wp:term":[{"taxonomy":"product_cat","embeddable":true,"href":"https:\/\/store.shelterofmine.com\/es\/wp-json\/wp\/v2\/product_cat?post=6170"},{"taxonomy":"product_tag","embeddable":true,"href":"https:\/\/store.shelterofmine.com\/es\/wp-json\/wp\/v2\/product_tag?post=6170"}],"curies":[{"name":"wp","href":"https:\/\/api.w.org\/{rel}","templated":true}]}}