{"id":6220,"date":"2024-12-28T11:30:22","date_gmt":"2024-12-28T10:30:22","guid":{"rendered":"https:\/\/store.shelterofmine.com\/produkt\/riverside-id-entidad-registro-de-vinilo-color-rojo\/"},"modified":"2023-05-11T14:42:51","modified_gmt":"2023-05-11T12:42:51","slug":"riverside-id-entity-vinyl-plate-colour-red","status":"publish","type":"product","link":"https:\/\/store.shelterofmine.com\/es\/produkt\/riverside-id-entity-vinyl-plate-colour-red\/","title":{"rendered":"Riverside ID.Entidad Registro de vinilo. ROJO"},"content":{"rendered":"<p>\u00ab\u00bfEs posible ser uno mismo hoy en d\u00eda sin interesarse por lo que ocurre en el mundo? \u00bfEs posible vivir entre la gente sin interesarse por los cambios sociales que se producen a un ritmo cada vez m\u00e1s r\u00e1pido? Riverside, en su \u00faltimo \u00e1lbum, dice que no es posible. Y subraya que, para sobrevivir a estos tiempos dif\u00edciles, necesitamos autoconciencia, empat\u00eda, comunidad y tanto el apoyo del otro como una ruptura con todos aquellos que inyectan veneno en nuestras vidas, nos dividen y nos enemistan. Muchas de las importantes cuestiones planteadas en el \u00faltimo \u00e1lbum hacen de &#8216;ID.Entity&#8217; no s\u00f3lo un s\u00f3lido comienzo musical y l\u00edrico para la tercera d\u00e9cada de Riverside, sino tambi\u00e9n uno de los discos m\u00e1s importantes de toda la carrera de la banda\u00bb.<\/p>\n<p>&nbsp;<\/p>\n","protected":false},"excerpt":{"rendered":"<p>N 1<br \/>\nCara A Cara B<br \/>\n1. \u00bfAmigo o enemigo? 1. Posverdad<br \/>\nExplosi\u00f3n de mina terrestre 2. El lugar al que pertenezco<br \/>\n3. Gran hermano tecnol\u00f3gico<\/p>\n<p>N 2<br \/>\nCara C Cara D &#8211; Material extra<br \/>\nI&#8217;m Done With You 1. Edad de la ira<br \/>\nAutoconciencia 2. Juntos de nuevo<\/p>\n","protected":false},"featured_media":16954,"template":"","meta":{"site-sidebar-layout":"default","site-content-layout":"default","ast-site-content-layout":"default","site-content-style":"default","site-sidebar-style":"default","ast-global-header-display":"","ast-banner-title-visibility":"","ast-main-header-display":"","ast-hfb-above-header-display":"","ast-hfb-below-header-display":"","ast-hfb-mobile-header-display":"","site-post-title":"","ast-breadcrumbs-content":"","ast-featured-img":"","footer-sml-layout":"","theme-transparent-header-meta":"default","adv-header-id-meta":"","stick-header-meta":"","header-above-stick-meta":"","header-main-stick-meta":"","header-below-stick-meta":"","astra-migrate-meta-layouts":"default","ast-page-background-enabled":"default","ast-page-background-meta":{"desktop":{"background-color":"","background-image":"","background-repeat":"repeat","background-position":"center center","background-size":"auto","background-attachment":"scroll","background-type":"","background-media":"","overlay-type":"","overlay-color":"","overlay-gradient":""},"tablet":{"background-color":"","background-image":"","background-repeat":"repeat","background-position":"center center","background-size":"auto","background-attachment":"scroll","background-type":"","background-media":"","overlay-type":"","overlay-color":"","overlay-gradient":""},"mobile":{"background-color":"","background-image":"","background-repeat":"repeat","background-position":"center center","background-size":"auto","background-attachment":"scroll","background-type":"","background-media":"","overlay-type":"","overlay-color":"","overlay-gradient":""}},"ast-content-background-meta":{"desktop":{"background-color":"var(--ast-global-color-5)","background-image":"","background-repeat":"repeat","background-position":"center center","background-size":"auto","background-attachment":"scroll","background-type":"","background-media":"","overlay-type":"","overlay-color":"","overlay-gradient":""},"tablet":{"background-color":"var(--ast-global-color-5)","background-image":"","background-repeat":"repeat","background-position":"center center","background-size":"auto","background-attachment":"scroll","background-type":"","background-media":"","overlay-type":"","overlay-color":"","overlay-gradient":""},"mobile":{"background-color":"var(--ast-global-color-5)","background-image":"","background-repeat":"repeat","background-position":"center center","background-size":"auto","background-attachment":"scroll","background-type":"","background-media":"","overlay-type":"","overlay-color":"","overlay-gradient":""}}},"product_cat":[191],"product_tag":[],"class_list":{"0":"post-6220","1":"product","2":"type-product","3":"status-publish","4":"has-post-thumbnail","6":"product_cat-musica","7":"desktop-align-left","8":"tablet-align-left","9":"mobile-align-left","11":"first","12":"instock","13":"shipping-taxable","14":"purchasable","15":"product-type-simple"},"_links":{"self":[{"href":"https:\/\/store.shelterofmine.com\/es\/wp-json\/wp\/v2\/product\/6220","targetHints":{"allow":["GET"]}}],"collection":[{"href":"https:\/\/store.shelterofmine.com\/es\/wp-json\/wp\/v2\/product"}],"about":[{"href":"https:\/\/store.shelterofmine.com\/es\/wp-json\/wp\/v2\/types\/product"}],"version-history":[{"count":3,"href":"https:\/\/store.shelterofmine.com\/es\/wp-json\/wp\/v2\/product\/6220\/revisions"}],"predecessor-version":[{"id":7517,"href":"https:\/\/store.shelterofmine.com\/es\/wp-json\/wp\/v2\/product\/6220\/revisions\/7517"}],"wp:featuredmedia":[{"embeddable":true,"href":"https:\/\/store.shelterofmine.com\/es\/wp-json\/wp\/v2\/media\/16954"}],"wp:attachment":[{"href":"https:\/\/store.shelterofmine.com\/es\/wp-json\/wp\/v2\/media?parent=6220"}],"wp:term":[{"taxonomy":"product_cat","embeddable":true,"href":"https:\/\/store.shelterofmine.com\/es\/wp-json\/wp\/v2\/product_cat?post=6220"},{"taxonomy":"product_tag","embeddable":true,"href":"https:\/\/store.shelterofmine.com\/es\/wp-json\/wp\/v2\/product_tag?post=6220"}],"curies":[{"name":"wp","href":"https:\/\/api.w.org\/{rel}","templated":true}]}}