{"id":6295,"date":"2024-12-18T10:53:39","date_gmt":"2024-12-18T09:53:39","guid":{"rendered":"https:\/\/store.shelterofmine.com\/produkt\/riverside-anno-domini-cd-de-alta-definicion\/"},"modified":"2025-02-04T22:32:33","modified_gmt":"2025-02-04T21:32:33","slug":"anno-domini-alta-definicion-cd","status":"publish","type":"product","link":"https:\/\/store.shelterofmine.com\/es\/produkt\/anno-domini-alta-definicion-cd\/","title":{"rendered":"Riverside, Anno Domini CD de alta definici\u00f3n"},"content":{"rendered":"<p>Duraci\u00f3n: 44:44<br \/>\nDiscogr\u00e1fica: Mystic Production<br \/>\nM\u00fasica: Riverside<br \/>\nTextos: Mariusz Duda<br \/>\nGrabaci\u00f3n: Studio-X (I-III 2009) Szymon Czech<br \/>\nMezclado por Studio-X (I-III 2009) Szymon Czech<br \/>\nMasterizaci\u00f3n: Grzegorz Piwkowski &#8211; Higendaudio<br \/>\nProducci\u00f3n: Riverside, Szymon Czech<br \/>\nFotos del equipo: Wojtek Kuty\u0142a<br \/>\nDise\u00f1o de portada: Travis Smith @ Seempieces<br \/>\nOradores invitados:<br \/>\nRafa\u0142 Ga\u0144ko &#8211; trompeta en la canci\u00f3n Egoist Hedonist.<br \/>\nKarol Golowacz &#8211; saxof\u00f3n en la pieza Egoist Hedonist<br \/>\nAdam K\u0142osi\u0144ski &#8211; tromb\u00f3n en la pieza Egoist Hedonist.<\/p>\n<p>&nbsp;<\/p>\n<p>&nbsp;<\/p>\n","protected":false},"excerpt":{"rendered":"<p>Hiperactivo 05:45<br \/>\nDriven To Destruction 07:06<br \/>\nEgo\u00edsta Hedonista 08:56<br \/>\nAbandonado 10:59<br \/>\nTiempos h\u00edbridos 11:53<\/p>\n","protected":false},"featured_media":5922,"template":"","meta":{"site-sidebar-layout":"default","site-content-layout":"default","ast-site-content-layout":"default","site-content-style":"default","site-sidebar-style":"default","ast-global-header-display":"","ast-banner-title-visibility":"","ast-main-header-display":"","ast-hfb-above-header-display":"","ast-hfb-below-header-display":"","ast-hfb-mobile-header-display":"","site-post-title":"","ast-breadcrumbs-content":"","ast-featured-img":"","footer-sml-layout":"","theme-transparent-header-meta":"default","adv-header-id-meta":"","stick-header-meta":"","header-above-stick-meta":"","header-main-stick-meta":"","header-below-stick-meta":"","astra-migrate-meta-layouts":"default","ast-page-background-enabled":"default","ast-page-background-meta":{"desktop":{"background-color":"","background-image":"","background-repeat":"repeat","background-position":"center center","background-size":"auto","background-attachment":"scroll","background-type":"","background-media":"","overlay-type":"","overlay-color":"","overlay-gradient":""},"tablet":{"background-color":"","background-image":"","background-repeat":"repeat","background-position":"center center","background-size":"auto","background-attachment":"scroll","background-type":"","background-media":"","overlay-type":"","overlay-color":"","overlay-gradient":""},"mobile":{"background-color":"","background-image":"","background-repeat":"repeat","background-position":"center center","background-size":"auto","background-attachment":"scroll","background-type":"","background-media":"","overlay-type":"","overlay-color":"","overlay-gradient":""}},"ast-content-background-meta":{"desktop":{"background-color":"var(--ast-global-color-5)","background-image":"","background-repeat":"repeat","background-position":"center center","background-size":"auto","background-attachment":"scroll","background-type":"","background-media":"","overlay-type":"","overlay-color":"","overlay-gradient":""},"tablet":{"background-color":"var(--ast-global-color-5)","background-image":"","background-repeat":"repeat","background-position":"center center","background-size":"auto","background-attachment":"scroll","background-type":"","background-media":"","overlay-type":"","overlay-color":"","overlay-gradient":""},"mobile":{"background-color":"var(--ast-global-color-5)","background-image":"","background-repeat":"repeat","background-position":"center center","background-size":"auto","background-attachment":"scroll","background-type":"","background-media":"","overlay-type":"","overlay-color":"","overlay-gradient":""}}},"product_cat":[191],"product_tag":[],"class_list":{"0":"post-6295","1":"product","2":"type-product","3":"status-publish","4":"has-post-thumbnail","6":"product_cat-musica","7":"desktop-align-left","8":"tablet-align-left","9":"mobile-align-left","11":"first","12":"instock","13":"shipping-taxable","14":"purchasable","15":"product-type-simple"},"_links":{"self":[{"href":"https:\/\/store.shelterofmine.com\/es\/wp-json\/wp\/v2\/product\/6295","targetHints":{"allow":["GET"]}}],"collection":[{"href":"https:\/\/store.shelterofmine.com\/es\/wp-json\/wp\/v2\/product"}],"about":[{"href":"https:\/\/store.shelterofmine.com\/es\/wp-json\/wp\/v2\/types\/product"}],"version-history":[{"count":1,"href":"https:\/\/store.shelterofmine.com\/es\/wp-json\/wp\/v2\/product\/6295\/revisions"}],"predecessor-version":[{"id":6875,"href":"https:\/\/store.shelterofmine.com\/es\/wp-json\/wp\/v2\/product\/6295\/revisions\/6875"}],"wp:featuredmedia":[{"embeddable":true,"href":"https:\/\/store.shelterofmine.com\/es\/wp-json\/wp\/v2\/media\/5922"}],"wp:attachment":[{"href":"https:\/\/store.shelterofmine.com\/es\/wp-json\/wp\/v2\/media?parent=6295"}],"wp:term":[{"taxonomy":"product_cat","embeddable":true,"href":"https:\/\/store.shelterofmine.com\/es\/wp-json\/wp\/v2\/product_cat?post=6295"},{"taxonomy":"product_tag","embeddable":true,"href":"https:\/\/store.shelterofmine.com\/es\/wp-json\/wp\/v2\/product_tag?post=6295"}],"curies":[{"name":"wp","href":"https:\/\/api.w.org\/{rel}","templated":true}]}}