{"id":6312,"date":"2024-12-28T23:00:54","date_gmt":"2024-12-28T22:00:54","guid":{"rendered":"https:\/\/store.shelterofmine.com\/produkt\/riverside-id-entity-ltd-deluxe-2cdblu-ray-artbook-folleto-de-44-paginas\/"},"modified":"2023-07-04T09:07:15","modified_gmt":"2023-07-04T07:07:15","slug":"riverside-id-entity-ltd-deluxe-2cdblu-ray-artbook-44-pages-booklet-2","status":"publish","type":"product","link":"https:\/\/store.shelterofmine.com\/es\/produkt\/riverside-id-entity-ltd-deluxe-2cdblu-ray-artbook-44-pages-booklet-2\/","title":{"rendered":"Riverside ID.Entity Ltd. \u00a1\u00a1\u00a1Deluxe 2CD+Blu-ray Artbook (folleto de 44 p\u00e1ginas) !!!"},"content":{"rendered":"<p>\u00ab\u00bfEs posible ser uno mismo hoy en d\u00eda sin interesarse por lo que ocurre en el mundo? \u00bfEs posible vivir entre la gente sin interesarse por los cambios sociales que se producen a un ritmo cada vez m\u00e1s r\u00e1pido? Riverside, en su \u00faltimo \u00e1lbum, dice que no es posible. Y subraya que, para sobrevivir a estos tiempos dif\u00edciles, necesitamos autoconciencia, empat\u00eda, comunidad y tanto el apoyo del otro como una ruptura con todos aquellos que inyectan veneno en nuestras vidas, nos dividen y nos enemistan. Muchas de las importantes cuestiones planteadas en el \u00faltimo \u00e1lbum hacen de &#8216;ID.Entity&#8217; no s\u00f3lo un s\u00f3lido comienzo musical y l\u00edrico para la tercera d\u00e9cada de Riverside, sino tambi\u00e9n uno de los discos m\u00e1s importantes de toda la carrera de la banda\u00bb.<\/p>\n","protected":false},"excerpt":{"rendered":"<p><strong>\u00a1\u00a1\u00a1Cada copia vendr\u00e1 con una tarjeta conmemorativa autografiada por la banda !!!<\/strong><\/p>\n<p>\u00c1lbum (00:53:11):<\/p>\n<p>1. \u00bfAmigo o enemigo?<br \/>\n2. Explosi\u00f3n de una mina terrestre<br \/>\n3. Gran hermano tecnol\u00f3gico<br \/>\n4 Posverdad<br \/>\n5 El lugar al que pertenezco<br \/>\n6. I&#8217;m Done With You<br \/>\n7 Autoconciencia<\/p>\n<p>Material extra (00:29:53):<\/p>\n<p>1. Edad de la ira<br \/>\n2 Juntos de nuevo<br \/>\n3. \u00bfAmigo o enemigo? (Single Edit)<br \/>\n4 Self-Aware (Single Edit)<\/p>\n<p>Blu-ray (03:34:48):<br \/>\nCap\u00edtulo 1: ID.Entity &#8211; Mezcla Dolby Atmos (01:11:36)<\/p>\n<p>Cap\u00edtulo 2: ID.Entidad &#8211; Mezcla 5.1 (01:11:36)<\/p>\n<p>Cap\u00edtulo 3: ID.Entity &#8211; (24bit HighRes Audio Mix)<\/p>\n","protected":false},"featured_media":5975,"template":"","meta":{"site-sidebar-layout":"default","site-content-layout":"default","ast-site-content-layout":"default","site-content-style":"default","site-sidebar-style":"default","ast-global-header-display":"","ast-banner-title-visibility":"","ast-main-header-display":"","ast-hfb-above-header-display":"","ast-hfb-below-header-display":"","ast-hfb-mobile-header-display":"","site-post-title":"","ast-breadcrumbs-content":"","ast-featured-img":"","footer-sml-layout":"","theme-transparent-header-meta":"default","adv-header-id-meta":"","stick-header-meta":"","header-above-stick-meta":"","header-main-stick-meta":"","header-below-stick-meta":"","astra-migrate-meta-layouts":"default","ast-page-background-enabled":"default","ast-page-background-meta":{"desktop":{"background-color":"","background-image":"","background-repeat":"repeat","background-position":"center center","background-size":"auto","background-attachment":"scroll","background-type":"","background-media":"","overlay-type":"","overlay-color":"","overlay-gradient":""},"tablet":{"background-color":"","background-image":"","background-repeat":"repeat","background-position":"center center","background-size":"auto","background-attachment":"scroll","background-type":"","background-media":"","overlay-type":"","overlay-color":"","overlay-gradient":""},"mobile":{"background-color":"","background-image":"","background-repeat":"repeat","background-position":"center center","background-size":"auto","background-attachment":"scroll","background-type":"","background-media":"","overlay-type":"","overlay-color":"","overlay-gradient":""}},"ast-content-background-meta":{"desktop":{"background-color":"var(--ast-global-color-5)","background-image":"","background-repeat":"repeat","background-position":"center center","background-size":"auto","background-attachment":"scroll","background-type":"","background-media":"","overlay-type":"","overlay-color":"","overlay-gradient":""},"tablet":{"background-color":"var(--ast-global-color-5)","background-image":"","background-repeat":"repeat","background-position":"center center","background-size":"auto","background-attachment":"scroll","background-type":"","background-media":"","overlay-type":"","overlay-color":"","overlay-gradient":""},"mobile":{"background-color":"var(--ast-global-color-5)","background-image":"","background-repeat":"repeat","background-position":"center center","background-size":"auto","background-attachment":"scroll","background-type":"","background-media":"","overlay-type":"","overlay-color":"","overlay-gradient":""}}},"product_cat":[191],"product_tag":[221,216],"class_list":{"0":"post-6312","1":"product","2":"type-product","3":"status-publish","4":"has-post-thumbnail","6":"product_cat-musica","7":"product_tag-cd-es","8":"product_tag-riverside-es","9":"desktop-align-left","10":"tablet-align-left","11":"mobile-align-left","13":"first","14":"instock","15":"shipping-taxable","16":"purchasable","17":"product-type-simple"},"_links":{"self":[{"href":"https:\/\/store.shelterofmine.com\/es\/wp-json\/wp\/v2\/product\/6312","targetHints":{"allow":["GET"]}}],"collection":[{"href":"https:\/\/store.shelterofmine.com\/es\/wp-json\/wp\/v2\/product"}],"about":[{"href":"https:\/\/store.shelterofmine.com\/es\/wp-json\/wp\/v2\/types\/product"}],"version-history":[{"count":1,"href":"https:\/\/store.shelterofmine.com\/es\/wp-json\/wp\/v2\/product\/6312\/revisions"}],"predecessor-version":[{"id":6837,"href":"https:\/\/store.shelterofmine.com\/es\/wp-json\/wp\/v2\/product\/6312\/revisions\/6837"}],"wp:featuredmedia":[{"embeddable":true,"href":"https:\/\/store.shelterofmine.com\/es\/wp-json\/wp\/v2\/media\/5975"}],"wp:attachment":[{"href":"https:\/\/store.shelterofmine.com\/es\/wp-json\/wp\/v2\/media?parent=6312"}],"wp:term":[{"taxonomy":"product_cat","embeddable":true,"href":"https:\/\/store.shelterofmine.com\/es\/wp-json\/wp\/v2\/product_cat?post=6312"},{"taxonomy":"product_tag","embeddable":true,"href":"https:\/\/store.shelterofmine.com\/es\/wp-json\/wp\/v2\/product_tag?post=6312"}],"curies":[{"name":"wp","href":"https:\/\/api.w.org\/{rel}","templated":true}]}}