{"id":6328,"date":"2024-10-23T12:00:27","date_gmt":"2024-10-23T10:00:27","guid":{"rendered":"https:\/\/store.shelterofmine.com\/produkt\/lunatic-soul-lunatic-soul-ii-cd\/"},"modified":"2023-04-26T11:44:41","modified_gmt":"2023-04-26T09:44:41","slug":"lunatic-soul-lp-ii-cd","status":"publish","type":"product","link":"https:\/\/store.shelterofmine.com\/es\/produkt\/lunatic-soul-lp-ii-cd\/","title":{"rendered":"Lunatic Soul, Lunatic Soul II CD"},"content":{"rendered":"<p>fecha de publicaci\u00f3n: 25 de octubre de 2010<br \/>\nm\u00fasica, letra: mariusz duda<br \/>\nm\u00fasica en el limbo, escapar del para\u00edso, transici\u00f3n: mariusz duda, maciej szelenbaum<br \/>\nm\u00fasica en vagabundeos: mariusz duda, rafa\u0142 buczek<br \/>\ngrabaci\u00f3n, masterizaci\u00f3n: estudio robert srzednicki serakos, varsovia, polonia enero &#8211; agosto 2010<br \/>\nmezcla, producci\u00f3n: mariusz duda, robert y magda srzedniccy<br \/>\nfotos: anna panasz<br \/>\nfoto de la contraportada: wojtek kuty\u0142a<br \/>\ndise\u00f1o, maquetaci\u00f3n: rafa\u0142 buczek<br \/>\ndirecci\u00f3n art\u00edstica: mariusz duda<\/p>\n","protected":false},"excerpt":{"rendered":"<p>1. el reino intermedio (6:48)<br \/>\n2. en otro lugar (2:48)<br \/>\n3. suspendido en la blancura (7:56)1. asoulum (6:23)<br \/>\n4. limbo (1:53)<br \/>\n5. escapar del para\u00edso (4:39)<br \/>\n6\u00aa transici\u00f3n (11:07)1. colina de la l\u00e1pida (3:41)<br \/>\n7. errantes (5:28)<\/p>\n","protected":false},"featured_media":5910,"template":"","meta":{"site-sidebar-layout":"default","site-content-layout":"default","ast-site-content-layout":"default","site-content-style":"default","site-sidebar-style":"default","ast-global-header-display":"","ast-banner-title-visibility":"","ast-main-header-display":"","ast-hfb-above-header-display":"","ast-hfb-below-header-display":"","ast-hfb-mobile-header-display":"","site-post-title":"","ast-breadcrumbs-content":"","ast-featured-img":"","footer-sml-layout":"","theme-transparent-header-meta":"default","adv-header-id-meta":"","stick-header-meta":"","header-above-stick-meta":"","header-main-stick-meta":"","header-below-stick-meta":"","astra-migrate-meta-layouts":"default","ast-page-background-enabled":"default","ast-page-background-meta":{"desktop":{"background-color":"","background-image":"","background-repeat":"repeat","background-position":"center center","background-size":"auto","background-attachment":"scroll","background-type":"","background-media":"","overlay-type":"","overlay-color":"","overlay-gradient":""},"tablet":{"background-color":"","background-image":"","background-repeat":"repeat","background-position":"center center","background-size":"auto","background-attachment":"scroll","background-type":"","background-media":"","overlay-type":"","overlay-color":"","overlay-gradient":""},"mobile":{"background-color":"","background-image":"","background-repeat":"repeat","background-position":"center center","background-size":"auto","background-attachment":"scroll","background-type":"","background-media":"","overlay-type":"","overlay-color":"","overlay-gradient":""}},"ast-content-background-meta":{"desktop":{"background-color":"var(--ast-global-color-5)","background-image":"","background-repeat":"repeat","background-position":"center center","background-size":"auto","background-attachment":"scroll","background-type":"","background-media":"","overlay-type":"","overlay-color":"","overlay-gradient":""},"tablet":{"background-color":"var(--ast-global-color-5)","background-image":"","background-repeat":"repeat","background-position":"center center","background-size":"auto","background-attachment":"scroll","background-type":"","background-media":"","overlay-type":"","overlay-color":"","overlay-gradient":""},"mobile":{"background-color":"var(--ast-global-color-5)","background-image":"","background-repeat":"repeat","background-position":"center center","background-size":"auto","background-attachment":"scroll","background-type":"","background-media":"","overlay-type":"","overlay-color":"","overlay-gradient":""}}},"product_cat":[254],"product_tag":[],"class_list":{"0":"post-6328","1":"product","2":"type-product","3":"status-publish","4":"has-post-thumbnail","6":"product_cat-proyectos-en-solitario","7":"desktop-align-left","8":"tablet-align-left","9":"mobile-align-left","11":"first","12":"instock","13":"shipping-taxable","14":"purchasable","15":"product-type-simple"},"_links":{"self":[{"href":"https:\/\/store.shelterofmine.com\/es\/wp-json\/wp\/v2\/product\/6328","targetHints":{"allow":["GET"]}}],"collection":[{"href":"https:\/\/store.shelterofmine.com\/es\/wp-json\/wp\/v2\/product"}],"about":[{"href":"https:\/\/store.shelterofmine.com\/es\/wp-json\/wp\/v2\/types\/product"}],"version-history":[{"count":2,"href":"https:\/\/store.shelterofmine.com\/es\/wp-json\/wp\/v2\/product\/6328\/revisions"}],"predecessor-version":[{"id":7194,"href":"https:\/\/store.shelterofmine.com\/es\/wp-json\/wp\/v2\/product\/6328\/revisions\/7194"}],"wp:featuredmedia":[{"embeddable":true,"href":"https:\/\/store.shelterofmine.com\/es\/wp-json\/wp\/v2\/media\/5910"}],"wp:attachment":[{"href":"https:\/\/store.shelterofmine.com\/es\/wp-json\/wp\/v2\/media?parent=6328"}],"wp:term":[{"taxonomy":"product_cat","embeddable":true,"href":"https:\/\/store.shelterofmine.com\/es\/wp-json\/wp\/v2\/product_cat?post=6328"},{"taxonomy":"product_tag","embeddable":true,"href":"https:\/\/store.shelterofmine.com\/es\/wp-json\/wp\/v2\/product_tag?post=6328"}],"curies":[{"name":"wp","href":"https:\/\/api.w.org\/{rel}","templated":true}]}}