{"id":6373,"date":"2024-10-26T10:54:00","date_gmt":"2024-10-26T08:54:00","guid":{"rendered":"https:\/\/store.shelterofmine.com\/produkt\/lunatic-soul-walking-on-a-flashlight-beam-2cd\/"},"modified":"2023-04-26T10:34:45","modified_gmt":"2023-04-26T08:34:45","slug":"lunatic-soul-walking-on-a-flashlight-beam-2cd","status":"publish","type":"product","link":"https:\/\/store.shelterofmine.com\/es\/produkt\/lunatic-soul-walking-on-a-flashlight-beam-2cd\/","title":{"rendered":"Lunatic Soul, WALKING ON A FLASHLIGHT BEAM 2CD"},"content":{"rendered":"<p>Editor: Mystic<\/p>\n<p>5903427876812<\/p>\n<p>2 CDS<\/p>\n","protected":false},"excerpt":{"rendered":"<p>1. Apagar el sol<br \/>\n2 Fr\u00edo<br \/>\n3. Canal\u00f3n<br \/>\n4 Estrellas Sellotaped<br \/>\n5 El miedo interior<br \/>\n6 Casa en el \u00e1rbol<br \/>\n7. Escalera de Pigmaliones<br \/>\n8. Cielo dibujado con l\u00e1piz de color<br \/>\n9. Caminar sobre el haz de luz de una linterna<\/p>\n<p>DVD<br \/>\nPel\u00edcula de 25 minutos con entrevistas y el proceso de elaboraci\u00f3n del nuevo \u00e1lbum<\/p>\n<p>&nbsp;<\/p>\n","protected":false},"featured_media":14848,"template":"","meta":{"site-sidebar-layout":"default","site-content-layout":"default","ast-site-content-layout":"default","site-content-style":"default","site-sidebar-style":"default","ast-global-header-display":"","ast-banner-title-visibility":"","ast-main-header-display":"","ast-hfb-above-header-display":"","ast-hfb-below-header-display":"","ast-hfb-mobile-header-display":"","site-post-title":"","ast-breadcrumbs-content":"","ast-featured-img":"","footer-sml-layout":"","theme-transparent-header-meta":"default","adv-header-id-meta":"","stick-header-meta":"","header-above-stick-meta":"","header-main-stick-meta":"","header-below-stick-meta":"","astra-migrate-meta-layouts":"default","ast-page-background-enabled":"default","ast-page-background-meta":{"desktop":{"background-color":"","background-image":"","background-repeat":"repeat","background-position":"center center","background-size":"auto","background-attachment":"scroll","background-type":"","background-media":"","overlay-type":"","overlay-color":"","overlay-gradient":""},"tablet":{"background-color":"","background-image":"","background-repeat":"repeat","background-position":"center center","background-size":"auto","background-attachment":"scroll","background-type":"","background-media":"","overlay-type":"","overlay-color":"","overlay-gradient":""},"mobile":{"background-color":"","background-image":"","background-repeat":"repeat","background-position":"center center","background-size":"auto","background-attachment":"scroll","background-type":"","background-media":"","overlay-type":"","overlay-color":"","overlay-gradient":""}},"ast-content-background-meta":{"desktop":{"background-color":"var(--ast-global-color-5)","background-image":"","background-repeat":"repeat","background-position":"center center","background-size":"auto","background-attachment":"scroll","background-type":"","background-media":"","overlay-type":"","overlay-color":"","overlay-gradient":""},"tablet":{"background-color":"var(--ast-global-color-5)","background-image":"","background-repeat":"repeat","background-position":"center center","background-size":"auto","background-attachment":"scroll","background-type":"","background-media":"","overlay-type":"","overlay-color":"","overlay-gradient":""},"mobile":{"background-color":"var(--ast-global-color-5)","background-image":"","background-repeat":"repeat","background-position":"center center","background-size":"auto","background-attachment":"scroll","background-type":"","background-media":"","overlay-type":"","overlay-color":"","overlay-gradient":""}}},"product_cat":[254],"product_tag":[],"class_list":{"0":"post-6373","1":"product","2":"type-product","3":"status-publish","4":"has-post-thumbnail","6":"product_cat-proyectos-en-solitario","7":"desktop-align-left","8":"tablet-align-left","9":"mobile-align-left","11":"first","12":"outofstock","13":"shipping-taxable","14":"purchasable","15":"product-type-simple"},"_links":{"self":[{"href":"https:\/\/store.shelterofmine.com\/es\/wp-json\/wp\/v2\/product\/6373","targetHints":{"allow":["GET"]}}],"collection":[{"href":"https:\/\/store.shelterofmine.com\/es\/wp-json\/wp\/v2\/product"}],"about":[{"href":"https:\/\/store.shelterofmine.com\/es\/wp-json\/wp\/v2\/types\/product"}],"version-history":[{"count":1,"href":"https:\/\/store.shelterofmine.com\/es\/wp-json\/wp\/v2\/product\/6373\/revisions"}],"predecessor-version":[{"id":7035,"href":"https:\/\/store.shelterofmine.com\/es\/wp-json\/wp\/v2\/product\/6373\/revisions\/7035"}],"wp:featuredmedia":[{"embeddable":true,"href":"https:\/\/store.shelterofmine.com\/es\/wp-json\/wp\/v2\/media\/14848"}],"wp:attachment":[{"href":"https:\/\/store.shelterofmine.com\/es\/wp-json\/wp\/v2\/media?parent=6373"}],"wp:term":[{"taxonomy":"product_cat","embeddable":true,"href":"https:\/\/store.shelterofmine.com\/es\/wp-json\/wp\/v2\/product_cat?post=6373"},{"taxonomy":"product_tag","embeddable":true,"href":"https:\/\/store.shelterofmine.com\/es\/wp-json\/wp\/v2\/product_tag?post=6373"}],"curies":[{"name":"wp","href":"https:\/\/api.w.org\/{rel}","templated":true}]}}