{"id":7202,"date":"2023-04-18T12:00:39","date_gmt":"2023-04-18T10:00:39","guid":{"rendered":"https:\/\/store.shelterofmine.com\/?post_type=product&#038;p=7202"},"modified":"2023-05-09T14:05:26","modified_gmt":"2023-05-09T12:05:26","slug":"slipmata-refugio-de-mina","status":"publish","type":"product","link":"https:\/\/store.shelterofmine.com\/es\/produkt\/slipmata-refugio-de-mina\/","title":{"rendered":"Shelter of Mine Slipmat"},"content":{"rendered":"<p>Un slipmate de alta calidad para audi\u00f3filos y entusiastas de los discos de vinilo.<br \/>\nCada slipmata est\u00e1 hecho a mano con la m\u00e1xima atenci\u00f3n al detalle.<br \/>\nSon ideales para platos de 12&#8243; y 7&#8243;.<\/p>\n<p>Descripci\u00f3n t\u00e9cnica:<\/p>\n<p>Material: fieltro de 2 mm de grosor<br \/>\nImpresi\u00f3n: alta saturaci\u00f3n de color, imperceptible al tacto, totalmente integrada en la alfombrilla.<br \/>\nProtecci\u00f3n ideal contra los ara\u00f1azos del disco.<br \/>\nResistencia a la tracci\u00f3n y al desgarro.<br \/>\nUn producto para audi\u00f3filos.<\/p>\n<p>&nbsp;<\/p>\n<p>&nbsp;<\/p>\n","protected":false},"excerpt":{"rendered":"<p>Tama\u00f1o:42 x 38 x 0,2 cm (+\/-5%) Peso:0,077 kg<\/p>\n","protected":false},"featured_media":7206,"template":"","meta":{"site-sidebar-layout":"default","site-content-layout":"default","ast-site-content-layout":"","site-content-style":"default","site-sidebar-style":"default","ast-global-header-display":"","ast-banner-title-visibility":"","ast-main-header-display":"","ast-hfb-above-header-display":"","ast-hfb-below-header-display":"","ast-hfb-mobile-header-display":"","site-post-title":"","ast-breadcrumbs-content":"","ast-featured-img":"","footer-sml-layout":"","theme-transparent-header-meta":"default","adv-header-id-meta":"","stick-header-meta":"","header-above-stick-meta":"","header-main-stick-meta":"","header-below-stick-meta":"","astra-migrate-meta-layouts":"default","ast-page-background-enabled":"default","ast-page-background-meta":{"desktop":{"background-color":"","background-image":"","background-repeat":"repeat","background-position":"center center","background-size":"auto","background-attachment":"scroll","background-type":"","background-media":"","overlay-type":"","overlay-color":"","overlay-gradient":""},"tablet":{"background-color":"","background-image":"","background-repeat":"repeat","background-position":"center center","background-size":"auto","background-attachment":"scroll","background-type":"","background-media":"","overlay-type":"","overlay-color":"","overlay-gradient":""},"mobile":{"background-color":"","background-image":"","background-repeat":"repeat","background-position":"center center","background-size":"auto","background-attachment":"scroll","background-type":"","background-media":"","overlay-type":"","overlay-color":"","overlay-gradient":""}},"ast-content-background-meta":{"desktop":{"background-color":"var(--ast-global-color-5)","background-image":"","background-repeat":"repeat","background-position":"center center","background-size":"auto","background-attachment":"scroll","background-type":"","background-media":"","overlay-type":"","overlay-color":"","overlay-gradient":""},"tablet":{"background-color":"var(--ast-global-color-5)","background-image":"","background-repeat":"repeat","background-position":"center center","background-size":"auto","background-attachment":"scroll","background-type":"","background-media":"","overlay-type":"","overlay-color":"","overlay-gradient":""},"mobile":{"background-color":"var(--ast-global-color-5)","background-image":"","background-repeat":"repeat","background-position":"center center","background-size":"auto","background-attachment":"scroll","background-type":"","background-media":"","overlay-type":"","overlay-color":"","overlay-gradient":""}}},"product_cat":[195],"product_tag":[],"class_list":{"0":"post-7202","1":"product","2":"type-product","3":"status-publish","4":"has-post-thumbnail","6":"product_cat-textiles-es","7":"desktop-align-left","8":"tablet-align-left","9":"mobile-align-left","11":"first","12":"outofstock","13":"shipping-taxable","14":"purchasable","15":"product-type-simple"},"_links":{"self":[{"href":"https:\/\/store.shelterofmine.com\/es\/wp-json\/wp\/v2\/product\/7202","targetHints":{"allow":["GET"]}}],"collection":[{"href":"https:\/\/store.shelterofmine.com\/es\/wp-json\/wp\/v2\/product"}],"about":[{"href":"https:\/\/store.shelterofmine.com\/es\/wp-json\/wp\/v2\/types\/product"}],"version-history":[{"count":3,"href":"https:\/\/store.shelterofmine.com\/es\/wp-json\/wp\/v2\/product\/7202\/revisions"}],"predecessor-version":[{"id":7369,"href":"https:\/\/store.shelterofmine.com\/es\/wp-json\/wp\/v2\/product\/7202\/revisions\/7369"}],"wp:featuredmedia":[{"embeddable":true,"href":"https:\/\/store.shelterofmine.com\/es\/wp-json\/wp\/v2\/media\/7206"}],"wp:attachment":[{"href":"https:\/\/store.shelterofmine.com\/es\/wp-json\/wp\/v2\/media?parent=7202"}],"wp:term":[{"taxonomy":"product_cat","embeddable":true,"href":"https:\/\/store.shelterofmine.com\/es\/wp-json\/wp\/v2\/product_cat?post=7202"},{"taxonomy":"product_tag","embeddable":true,"href":"https:\/\/store.shelterofmine.com\/es\/wp-json\/wp\/v2\/product_tag?post=7202"}],"curies":[{"name":"wp","href":"https:\/\/api.w.org\/{rel}","templated":true}]}}