{"id":8138,"date":"2023-04-18T12:12:24","date_gmt":"2023-04-18T10:12:24","guid":{"rendered":"https:\/\/store.shelterofmine.com\/?post_type=product&#038;p=8138"},"modified":"2023-06-02T13:08:04","modified_gmt":"2023-06-02T11:08:04","slug":"registro-placa-marcos-refugio-de-mina-conjunto-2-unidad","status":"publish","type":"product","link":"https:\/\/store.shelterofmine.com\/es\/produkt\/registro-placa-marcos-refugio-de-mina-conjunto-2-unidad\/","title":{"rendered":"Refugio de los marcos de las placas de matr\u00edcula de las minas. Juego de 2."},"content":{"rendered":"<p>Refugio del marco de la placa de matr\u00edcula de la mina. El moldeado se realiza mediante la t\u00e9cnica del doming. El doming es uno de los m\u00e9todos de impresi\u00f3n m\u00e1s atractivos de los que se utilizan actualmente. Permite obtener un efecto casi tridimensional al recubrir el gr\u00e1fico con una capa convexa de resina de poliuretano transparente para dar un efecto de lente. Esta tecnolog\u00eda permite obtener profundidad de imagen y colores n\u00edtidos, mientras que la resina utilizada protege adem\u00e1s la impresi\u00f3n de los rayos UV y aumenta la durabilidad del producto. El borde convexo de la moldura evita da\u00f1os mec\u00e1nicos en la superficie.<br \/>\nCada marco, tanto el moldeado como el soporte, lleva grabados en relieve los n\u00fameros de las homologaciones requeridas, los relojes de producci\u00f3n, las marcas del material con el que est\u00e1 fabricado, la confirmaci\u00f3n del reciclado y el pa\u00eds de origen.<\/p>\n<p>Los marcos son de polipropileno flexible con una tira de poliestireno a presi\u00f3n. La tira se puede sustituir.<\/p>\n<p>&nbsp;<\/p>\n<p>&nbsp;<\/p>\n","protected":false},"excerpt":{"rendered":"<p>Dimensiones del marco aprox. 13 cm x 52 cm.<br \/>\nDimensiones de las lamas aprox: 2 cm x 51 cm.<\/p>\n","protected":false},"featured_media":8309,"template":"","meta":{"site-sidebar-layout":"default","site-content-layout":"default","ast-site-content-layout":"default","site-content-style":"default","site-sidebar-style":"default","ast-global-header-display":"","ast-banner-title-visibility":"","ast-main-header-display":"","ast-hfb-above-header-display":"","ast-hfb-below-header-display":"","ast-hfb-mobile-header-display":"","site-post-title":"","ast-breadcrumbs-content":"","ast-featured-img":"","footer-sml-layout":"","theme-transparent-header-meta":"default","adv-header-id-meta":"","stick-header-meta":"","header-above-stick-meta":"","header-main-stick-meta":"","header-below-stick-meta":"","astra-migrate-meta-layouts":"default","ast-page-background-enabled":"default","ast-page-background-meta":{"desktop":{"background-color":"","background-image":"","background-repeat":"repeat","background-position":"center center","background-size":"auto","background-attachment":"scroll","background-type":"","background-media":"","overlay-type":"","overlay-color":"","overlay-gradient":""},"tablet":{"background-color":"","background-image":"","background-repeat":"repeat","background-position":"center center","background-size":"auto","background-attachment":"scroll","background-type":"","background-media":"","overlay-type":"","overlay-color":"","overlay-gradient":""},"mobile":{"background-color":"","background-image":"","background-repeat":"repeat","background-position":"center center","background-size":"auto","background-attachment":"scroll","background-type":"","background-media":"","overlay-type":"","overlay-color":"","overlay-gradient":""}},"ast-content-background-meta":{"desktop":{"background-color":"var(--ast-global-color-5)","background-image":"","background-repeat":"repeat","background-position":"center center","background-size":"auto","background-attachment":"scroll","background-type":"","background-media":"","overlay-type":"","overlay-color":"","overlay-gradient":""},"tablet":{"background-color":"var(--ast-global-color-5)","background-image":"","background-repeat":"repeat","background-position":"center center","background-size":"auto","background-attachment":"scroll","background-type":"","background-media":"","overlay-type":"","overlay-color":"","overlay-gradient":""},"mobile":{"background-color":"var(--ast-global-color-5)","background-image":"","background-repeat":"repeat","background-position":"center center","background-size":"auto","background-attachment":"scroll","background-type":"","background-media":"","overlay-type":"","overlay-color":"","overlay-gradient":""}}},"product_cat":[195],"product_tag":[],"class_list":{"0":"post-8138","1":"product","2":"type-product","3":"status-publish","4":"has-post-thumbnail","6":"product_cat-textiles-es","7":"desktop-align-left","8":"tablet-align-left","9":"mobile-align-left","11":"first","12":"outofstock","13":"sale","14":"shipping-taxable","15":"purchasable","16":"product-type-simple"},"_links":{"self":[{"href":"https:\/\/store.shelterofmine.com\/es\/wp-json\/wp\/v2\/product\/8138","targetHints":{"allow":["GET"]}}],"collection":[{"href":"https:\/\/store.shelterofmine.com\/es\/wp-json\/wp\/v2\/product"}],"about":[{"href":"https:\/\/store.shelterofmine.com\/es\/wp-json\/wp\/v2\/types\/product"}],"version-history":[{"count":1,"href":"https:\/\/store.shelterofmine.com\/es\/wp-json\/wp\/v2\/product\/8138\/revisions"}],"predecessor-version":[{"id":8147,"href":"https:\/\/store.shelterofmine.com\/es\/wp-json\/wp\/v2\/product\/8138\/revisions\/8147"}],"wp:featuredmedia":[{"embeddable":true,"href":"https:\/\/store.shelterofmine.com\/es\/wp-json\/wp\/v2\/media\/8309"}],"wp:attachment":[{"href":"https:\/\/store.shelterofmine.com\/es\/wp-json\/wp\/v2\/media?parent=8138"}],"wp:term":[{"taxonomy":"product_cat","embeddable":true,"href":"https:\/\/store.shelterofmine.com\/es\/wp-json\/wp\/v2\/product_cat?post=8138"},{"taxonomy":"product_tag","embeddable":true,"href":"https:\/\/store.shelterofmine.com\/es\/wp-json\/wp\/v2\/product_tag?post=8138"}],"curies":[{"name":"wp","href":"https:\/\/api.w.org\/{rel}","templated":true}]}}