{"id":8402,"date":"2023-09-07T12:56:15","date_gmt":"2023-09-07T10:56:15","guid":{"rendered":"https:\/\/store.shelterofmine.com\/?post_type=product&#038;p=8402"},"modified":"2023-12-12T11:48:45","modified_gmt":"2023-12-12T10:48:45","slug":"mariusz-duda-afr-ai-d-cassette-magnetophone-sales","status":"publish","type":"product","link":"https:\/\/store.shelterofmine.com\/es\/produkt\/mariusz-duda-afr-ai-d-cassette-magnetophone-sales\/","title":{"rendered":"Mariusz Duda, AFR AI D, cinta de casete."},"content":{"rendered":"<p>Mariusz Duda, AFR AI D, cinta de casete. M\u00edstico.<\/p>\n<p>Mariusz Duda, creador de Riverside, regresa con su cuarto \u00e1lbum en solitario, \u00abAFR AI D\u00bb<br \/>\nA pesar de ser un consumado multiinstrumentista, a Mariusz Duda siempre le ha fascinado contar historias.<br \/>\nMientras que en su anterior \u00e1lbum &#8216;Lockdown Trilogy&#8217; Marius quiso plasmar una instant\u00e1nea de la vida de un conocido genio progresista durante una pandemia, esta vez explora el concepto de inteligencia artificial como perturbadora.<br \/>\nEl nuevo \u00e1lbum en solitario trata de la creciente mercantilizaci\u00f3n de la inteligencia artificial y, en particular, de su difusi\u00f3n generalizada.<br \/>\nUtilizando los conceptos de ChatGPT y Midjourney y las falsificaciones profundas como trampol\u00edn, &#8216;AFR AI D&#8217; explora estas interesantes teor\u00edas con visi\u00f3n de futuro tanto musical como conceptualmente.<\/p>\n<p>En un mundo en el que la verdad suele quedar enmascarada por el enga\u00f1o, el latido electr\u00f3nico de la \u00abAFR AI D\u00bb nunca puede mentir. \u00bfO no?<\/p>\n<p>El artista e ilustrador alem\u00e1n Hajo M\u00fcller aparece de nuevo, continuando el legado de la obra de Mariusz Duda, ya que ambos han colaborado a lo largo de la carrera en solitario de Mariusz. Mariusz tambi\u00e9n toca todos los instrumentos a lo largo del \u00e1lbum, a excepci\u00f3n de los solos de guitarra.<br \/>\nEl material AFR AI D fue grabado a lo largo de mayo y junio de 2023 en el estudio Serakos de Varsovia, bajo la ingenier\u00eda de Magda y Robert Srzednicki, y masterizado por Robert Szyd\u0142o.<\/p>\n<p>&nbsp;<\/p>\n","protected":false},"excerpt":{"rendered":"<p>1 Domar las pesadillas  [07:20]<br \/>\n2. Buenos d\u00edas, alarmismo  [05:14]<br \/>\n3. Fake Me Deep, Murf  [04:48]<br \/>\n4. Fiesta de bots  [05:00]<br \/>\n5. Me encanta charlar contigo  [03:43]<br \/>\n6 \u00bfPor qu\u00e9 tan seria, Cassandra?  [04:56]<br \/>\n7. Mitad del viaje hacia la libertad  [03:08]<br \/>\n8 Abrazar lo desconocido  [08:00]<\/p>\n","protected":false},"featured_media":8406,"template":"","meta":{"site-sidebar-layout":"default","site-content-layout":"default","ast-site-content-layout":"default","site-content-style":"default","site-sidebar-style":"default","ast-global-header-display":"","ast-banner-title-visibility":"","ast-main-header-display":"","ast-hfb-above-header-display":"","ast-hfb-below-header-display":"","ast-hfb-mobile-header-display":"","site-post-title":"","ast-breadcrumbs-content":"","ast-featured-img":"","footer-sml-layout":"","theme-transparent-header-meta":"default","adv-header-id-meta":"","stick-header-meta":"","header-above-stick-meta":"","header-main-stick-meta":"","header-below-stick-meta":"","astra-migrate-meta-layouts":"default","ast-page-background-enabled":"default","ast-page-background-meta":{"desktop":{"background-color":"","background-image":"","background-repeat":"repeat","background-position":"center center","background-size":"auto","background-attachment":"scroll","background-type":"","background-media":"","overlay-type":"","overlay-color":"","overlay-gradient":""},"tablet":{"background-color":"","background-image":"","background-repeat":"repeat","background-position":"center center","background-size":"auto","background-attachment":"scroll","background-type":"","background-media":"","overlay-type":"","overlay-color":"","overlay-gradient":""},"mobile":{"background-color":"","background-image":"","background-repeat":"repeat","background-position":"center center","background-size":"auto","background-attachment":"scroll","background-type":"","background-media":"","overlay-type":"","overlay-color":"","overlay-gradient":""}},"ast-content-background-meta":{"desktop":{"background-color":"var(--ast-global-color-5)","background-image":"","background-repeat":"repeat","background-position":"center center","background-size":"auto","background-attachment":"scroll","background-type":"","background-media":"","overlay-type":"","overlay-color":"","overlay-gradient":""},"tablet":{"background-color":"var(--ast-global-color-5)","background-image":"","background-repeat":"repeat","background-position":"center center","background-size":"auto","background-attachment":"scroll","background-type":"","background-media":"","overlay-type":"","overlay-color":"","overlay-gradient":""},"mobile":{"background-color":"var(--ast-global-color-5)","background-image":"","background-repeat":"repeat","background-position":"center center","background-size":"auto","background-attachment":"scroll","background-type":"","background-media":"","overlay-type":"","overlay-color":"","overlay-gradient":""}}},"product_cat":[272],"product_tag":[261,226,225],"class_list":{"0":"post-8402","1":"product","2":"type-product","3":"status-publish","4":"has-post-thumbnail","6":"product_cat-sin-categoria","7":"product_tag-afr-ai-d-es","8":"product_tag-mariusz-duda-es","9":"product_tag-n","10":"desktop-align-left","11":"tablet-align-left","12":"mobile-align-left","14":"first","15":"outofstock","16":"shipping-taxable","17":"purchasable","18":"product-type-simple"},"_links":{"self":[{"href":"https:\/\/store.shelterofmine.com\/es\/wp-json\/wp\/v2\/product\/8402","targetHints":{"allow":["GET"]}}],"collection":[{"href":"https:\/\/store.shelterofmine.com\/es\/wp-json\/wp\/v2\/product"}],"about":[{"href":"https:\/\/store.shelterofmine.com\/es\/wp-json\/wp\/v2\/types\/product"}],"version-history":[{"count":2,"href":"https:\/\/store.shelterofmine.com\/es\/wp-json\/wp\/v2\/product\/8402\/revisions"}],"predecessor-version":[{"id":9343,"href":"https:\/\/store.shelterofmine.com\/es\/wp-json\/wp\/v2\/product\/8402\/revisions\/9343"}],"wp:featuredmedia":[{"embeddable":true,"href":"https:\/\/store.shelterofmine.com\/es\/wp-json\/wp\/v2\/media\/8406"}],"wp:attachment":[{"href":"https:\/\/store.shelterofmine.com\/es\/wp-json\/wp\/v2\/media?parent=8402"}],"wp:term":[{"taxonomy":"product_cat","embeddable":true,"href":"https:\/\/store.shelterofmine.com\/es\/wp-json\/wp\/v2\/product_cat?post=8402"},{"taxonomy":"product_tag","embeddable":true,"href":"https:\/\/store.shelterofmine.com\/es\/wp-json\/wp\/v2\/product_tag?post=8402"}],"curies":[{"name":"wp","href":"https:\/\/api.w.org\/{rel}","templated":true}]}}