{"id":9573,"date":"2024-01-23T17:15:03","date_gmt":"2024-01-23T16:15:03","guid":{"rendered":"https:\/\/store.shelterofmine.com\/?post_type=product&#038;p=9573"},"modified":"2023-12-27T12:35:15","modified_gmt":"2023-12-27T11:35:15","slug":"lunatic-soul-cd-impressions-edicion-2019-kopia","status":"publish","type":"product","link":"https:\/\/store.shelterofmine.com\/es\/produkt\/lunatic-soul-cd-impressions-edicion-2019-kopia\/","title":{"rendered":"Sic Mundus, Illusions 2LP feat. Maciej Meller"},"content":{"rendered":"<p>Debut de Sic Mundus, Illusions. \u00c1lbum progresivo publicado el 22 de octubre de 2023 con m\u00fasicos invitados de Brasil, Australia, Alemania y Polonia. En el tema que da t\u00edtulo al disco podemos escuchar una hermosa parte de guitarra de Maciej Meller (Riverside). La masterizaci\u00f3n del \u00e1lbum vino de la mano de Robert Szyd\u0142o, y el precioso artwork es obra de Jaros\u0142aw Ja\u015bnikowski, desarrollado por \u0141ukasz Pachu Pach.<\/p>\n<p>El vinilo difiere del CD en el material musical adicional e incluye un hermoso encarte. Edici\u00f3n en LP de 200 copias y en CD de s\u00f3lo 500 copias. CD editado como digibook que contiene un folleto de 24 p\u00e1ginas.<\/p>\n<p><strong>Sic Mundus<\/strong> es:<br \/>\n<strong>Andrzej Sesiuk<\/strong> &#8211; m\u00fasica, arreglos, teclados, programaci\u00f3n<br \/>\n<strong>Artur Placzy\u0144ski<\/strong> &#8211; letras, bajo<\/p>\n<p><strong>Con:<\/strong><br \/>\nMiko\u0142aj Krzaczek &#8211; voz (1, 2, 4, 6, 7, 8)<br \/>\nTh\u00e9odore Rondeau &#8211; voz (11)<br \/>\nLucas Emidio &#8211; bater\u00eda (1-7, 9-15)<br \/>\nScott Wright &#8211; guitarras r\u00edtmicas, solistas y solistas (1-3, 12, 13), guitarras r\u00edtmicas (6, 7, 11, 15)<br \/>\nAdrian Weiss &#8211; guitarra r\u00edtmica, solista y solista (4, 14)<br \/>\nGreg Davies &#8211; guitarra solista y solista (5, 7, 9, 10, 15)<br \/>\nAdam Cisowski &#8211; guitarras r\u00edtmicas (5, 9)<br \/>\nIga Ka\u0142u\u017ca &#8211; coros (4)<br \/>\nInvitado especial:<br \/>\nMaciej Meller (Riverside) &#8211; guitarra solista y solista (6, 11)<\/p>\n<p>Mezclado por A. Sesiuk &amp; A. Placzy\u0144ski<br \/>\nMasterizado por Robert Szyd\u0142o<\/p>\n<p>Portada &#8211; \u00abTime Broken\u00bb de Jaros\u0142aw Ja\u015bnikowski<br \/>\nDise\u00f1o gr\u00e1fico &#8211; \u0141ukasz \u00abPachu\u00bb Pach<br \/>\nFotos de la banda &#8211; Bokaphoto<br \/>\nConsultas ling\u00fc\u00edsticas &#8211; Paul Evers<\/p>\n","protected":false},"excerpt":{"rendered":"<p>Sic Mundus, Illusions 2LP, Ambient Media House 22.10.2023<\/p>\n<p><strong>P\u00e1gina A<\/strong><br \/>\n1. el Despertar<br \/>\n2. Libre como un p\u00e1jaro<br \/>\n3. M\u00e1quina del Tiempo<br \/>\n4. Noche y d\u00eda<br \/>\n<strong>Lado B<\/strong><br \/>\n5 Victoria de la luz<br \/>\n6. This Is An Illusion (feat. Maciej Meller)<br \/>\n7 Isla Encantada<br \/>\n8 F.L.A.B.<br \/>\n<strong>P\u00e1gina C<\/strong><br \/>\n9\u00ba Viaje Intergal\u00e1ctico<br \/>\n10. Dos Lunas<br \/>\n11. This Is An Illusion (versi\u00f3n vocal alternativa)<br \/>\n<strong>P\u00e1gina D<\/strong><br \/>\n12. Despertar (instrumental)<br \/>\n13. Free Like A Bird (instrumental)<br \/>\n14. Night And Day (instrumental)<br \/>\n15. Enchanted Island (instrumental)<br \/>\n16. F.L.A.B. (instrumental<\/p>\n","protected":false},"featured_media":9578,"template":"","meta":{"site-sidebar-layout":"default","site-content-layout":"default","ast-site-content-layout":"default","site-content-style":"default","site-sidebar-style":"default","ast-global-header-display":"","ast-banner-title-visibility":"","ast-main-header-display":"","ast-hfb-above-header-display":"","ast-hfb-below-header-display":"","ast-hfb-mobile-header-display":"","site-post-title":"","ast-breadcrumbs-content":"","ast-featured-img":"","footer-sml-layout":"","theme-transparent-header-meta":"default","adv-header-id-meta":"","stick-header-meta":"","header-above-stick-meta":"","header-main-stick-meta":"","header-below-stick-meta":"","astra-migrate-meta-layouts":"default","ast-page-background-enabled":"default","ast-page-background-meta":{"desktop":{"background-color":"","background-image":"","background-repeat":"repeat","background-position":"center center","background-size":"auto","background-attachment":"scroll","background-type":"","background-media":"","overlay-type":"","overlay-color":"","overlay-gradient":""},"tablet":{"background-color":"","background-image":"","background-repeat":"repeat","background-position":"center center","background-size":"auto","background-attachment":"scroll","background-type":"","background-media":"","overlay-type":"","overlay-color":"","overlay-gradient":""},"mobile":{"background-color":"","background-image":"","background-repeat":"repeat","background-position":"center center","background-size":"auto","background-attachment":"scroll","background-type":"","background-media":"","overlay-type":"","overlay-color":"","overlay-gradient":""}},"ast-content-background-meta":{"desktop":{"background-color":"var(--ast-global-color-5)","background-image":"","background-repeat":"repeat","background-position":"center center","background-size":"auto","background-attachment":"scroll","background-type":"","background-media":"","overlay-type":"","overlay-color":"","overlay-gradient":""},"tablet":{"background-color":"var(--ast-global-color-5)","background-image":"","background-repeat":"repeat","background-position":"center center","background-size":"auto","background-attachment":"scroll","background-type":"","background-media":"","overlay-type":"","overlay-color":"","overlay-gradient":""},"mobile":{"background-color":"var(--ast-global-color-5)","background-image":"","background-repeat":"repeat","background-position":"center center","background-size":"auto","background-attachment":"scroll","background-type":"","background-media":"","overlay-type":"","overlay-color":"","overlay-gradient":""}}},"product_cat":[15,272],"product_tag":[],"class_list":{"0":"post-9573","1":"product","2":"type-product","3":"status-publish","4":"has-post-thumbnail","6":"product_cat-bez-kategorii","7":"product_cat-sin-categoria","8":"desktop-align-left","9":"tablet-align-left","10":"mobile-align-left","12":"first","13":"instock","14":"shipping-taxable","15":"purchasable","16":"product-type-simple"},"_links":{"self":[{"href":"https:\/\/store.shelterofmine.com\/es\/wp-json\/wp\/v2\/product\/9573","targetHints":{"allow":["GET"]}}],"collection":[{"href":"https:\/\/store.shelterofmine.com\/es\/wp-json\/wp\/v2\/product"}],"about":[{"href":"https:\/\/store.shelterofmine.com\/es\/wp-json\/wp\/v2\/types\/product"}],"version-history":[{"count":1,"href":"https:\/\/store.shelterofmine.com\/es\/wp-json\/wp\/v2\/product\/9573\/revisions"}],"predecessor-version":[{"id":9947,"href":"https:\/\/store.shelterofmine.com\/es\/wp-json\/wp\/v2\/product\/9573\/revisions\/9947"}],"wp:featuredmedia":[{"embeddable":true,"href":"https:\/\/store.shelterofmine.com\/es\/wp-json\/wp\/v2\/media\/9578"}],"wp:attachment":[{"href":"https:\/\/store.shelterofmine.com\/es\/wp-json\/wp\/v2\/media?parent=9573"}],"wp:term":[{"taxonomy":"product_cat","embeddable":true,"href":"https:\/\/store.shelterofmine.com\/es\/wp-json\/wp\/v2\/product_cat?post=9573"},{"taxonomy":"product_tag","embeddable":true,"href":"https:\/\/store.shelterofmine.com\/es\/wp-json\/wp\/v2\/product_tag?post=9573"}],"curies":[{"name":"wp","href":"https:\/\/api.w.org\/{rel}","templated":true}]}}