{"id":9918,"date":"2023-12-27T12:03:58","date_gmt":"2023-12-27T11:03:58","guid":{"rendered":"https:\/\/store.shelterofmine.com\/?post_type=product&#038;p=9918"},"modified":"2024-04-08T09:30:05","modified_gmt":"2024-04-08T07:30:05","slug":"lunatic-soul-cd-impressions-edicion-2019-kopia-kopia-kopia","status":"publish","type":"product","link":"https:\/\/store.shelterofmine.com\/es\/produkt\/lunatic-soul-cd-impressions-edicion-2019-kopia-kopia-kopia\/","title":{"rendered":"Behemoth, I loved you at your Darkness digibook Edici\u00f3n de lujo CD feat. Micha\u0142 \u0141apaj"},"content":{"rendered":"<ol class=\"track_list\">El \u00e1lbum &#8216;I Loved You At Your Darkest&#8217; se considera un hito en la historia de Behemoth. Es, seg\u00fan la cr\u00edtica, no s\u00f3lo el \u00e1lbum m\u00e1s exitoso de la banda, sino tambi\u00e9n una obra maestra completa, compuesta por gr\u00e1ficos blasfemos y canciones llenas de emoci\u00f3n, agresividad y, al mismo tiempo, melod\u00eda.<\/ol>\n<p>&nbsp;<\/p>\n","protected":false},"excerpt":{"rendered":"<p>Behemoth, te am\u00e9 en tu CD Darkness Deluxe, Mystic 2018<\/p>\n<ol class=\"track_list\">\n<li style=\"list-style-type: none;\">\n<ol class=\"track_list\">\n<li style=\"list-style-type: none;\">\n<ol class=\"track_list\">1. Resolver (Intro) &#8211; 02:04:59<\/ol>\n<\/li>\n<li style=\"list-style-type: none;\">\n<ol class=\"track_list\">2. Lobos de Siberia &#8211; 02:54:06<\/ol>\n<\/li>\n<li style=\"list-style-type: none;\">\n<ol class=\"track_list\">3 Dios = Perro &#8211; 03:58:68<\/ol>\n<\/li>\n<li style=\"list-style-type: none;\">\n<ol class=\"track_list\">4 Ecclesia Diabolica Catholica &#8211; 04:49:48<\/ol>\n<\/li>\n<li style=\"list-style-type: none;\">\n<ol class=\"track_list\">5. Bartzabel &#8211; 05:01:24<\/ol>\n<\/li>\n<li style=\"list-style-type: none;\">\n<ol class=\"track_list\">6 Si la crucifixi\u00f3n no fuera suficiente &#8211; 03:16:71<\/ol>\n<\/li>\n<li style=\"list-style-type: none;\">\n<ol class=\"track_list\">7\u00ba \u00c1ngelvs XIII &#8211; 03:41:37<\/ol>\n<\/li>\n<li style=\"list-style-type: none;\">\n<ol class=\"track_list\">8\u00ba Sabbath Mater &#8211; 04:56:67<\/ol>\n<\/li>\n<li style=\"list-style-type: none;\">\n<ol class=\"track_list\">9\u00ba Havohej Pantocr\u00e1tor &#8211; 06:04:43<\/ol>\n<\/li>\n<li style=\"list-style-type: none;\">\n<ol class=\"track_list\">10. ROM 5:8 &#8211; 04:22:65<\/ol>\n<\/li>\n<li style=\"list-style-type: none;\">\n<ol class=\"track_list\">11 Somos los pr\u00f3ximos 1000 a\u00f1os &#8211; 03:23:56<\/ol>\n<\/li>\n<li style=\"list-style-type: none;\">\n<ol class=\"track_list\">12\u00aa Coagula (Outro) &#8211; 02:04:46<\/ol>\n<\/li>\n<\/ol>\n<\/li>\n<\/ol>\n<p>N\u00famero de p\u00e1ginas del folleto: 40, encuadernaci\u00f3n, estampaci\u00f3n en caliente<\/p>\n<p>&nbsp;<\/p>\n","protected":false},"featured_media":9922,"template":"","meta":{"site-sidebar-layout":"default","site-content-layout":"default","ast-site-content-layout":"default","site-content-style":"default","site-sidebar-style":"default","ast-global-header-display":"","ast-banner-title-visibility":"","ast-main-header-display":"","ast-hfb-above-header-display":"","ast-hfb-below-header-display":"","ast-hfb-mobile-header-display":"","site-post-title":"","ast-breadcrumbs-content":"","ast-featured-img":"","footer-sml-layout":"","theme-transparent-header-meta":"default","adv-header-id-meta":"","stick-header-meta":"","header-above-stick-meta":"","header-main-stick-meta":"","header-below-stick-meta":"","astra-migrate-meta-layouts":"default","ast-page-background-enabled":"default","ast-page-background-meta":{"desktop":{"background-color":"","background-image":"","background-repeat":"repeat","background-position":"center center","background-size":"auto","background-attachment":"scroll","background-type":"","background-media":"","overlay-type":"","overlay-color":"","overlay-gradient":""},"tablet":{"background-color":"","background-image":"","background-repeat":"repeat","background-position":"center center","background-size":"auto","background-attachment":"scroll","background-type":"","background-media":"","overlay-type":"","overlay-color":"","overlay-gradient":""},"mobile":{"background-color":"","background-image":"","background-repeat":"repeat","background-position":"center center","background-size":"auto","background-attachment":"scroll","background-type":"","background-media":"","overlay-type":"","overlay-color":"","overlay-gradient":""}},"ast-content-background-meta":{"desktop":{"background-color":"var(--ast-global-color-5)","background-image":"","background-repeat":"repeat","background-position":"center center","background-size":"auto","background-attachment":"scroll","background-type":"","background-media":"","overlay-type":"","overlay-color":"","overlay-gradient":""},"tablet":{"background-color":"var(--ast-global-color-5)","background-image":"","background-repeat":"repeat","background-position":"center center","background-size":"auto","background-attachment":"scroll","background-type":"","background-media":"","overlay-type":"","overlay-color":"","overlay-gradient":""},"mobile":{"background-color":"var(--ast-global-color-5)","background-image":"","background-repeat":"repeat","background-position":"center center","background-size":"auto","background-attachment":"scroll","background-type":"","background-media":"","overlay-type":"","overlay-color":"","overlay-gradient":""}}},"product_cat":[15],"product_tag":[],"class_list":{"0":"post-9918","1":"product","2":"type-product","3":"status-publish","4":"has-post-thumbnail","6":"product_cat-bez-kategorii","7":"desktop-align-left","8":"tablet-align-left","9":"mobile-align-left","11":"first","12":"outofstock","13":"shipping-taxable","14":"purchasable","15":"product-type-simple"},"_links":{"self":[{"href":"https:\/\/store.shelterofmine.com\/es\/wp-json\/wp\/v2\/product\/9918","targetHints":{"allow":["GET"]}}],"collection":[{"href":"https:\/\/store.shelterofmine.com\/es\/wp-json\/wp\/v2\/product"}],"about":[{"href":"https:\/\/store.shelterofmine.com\/es\/wp-json\/wp\/v2\/types\/product"}],"version-history":[{"count":3,"href":"https:\/\/store.shelterofmine.com\/es\/wp-json\/wp\/v2\/product\/9918\/revisions"}],"predecessor-version":[{"id":14197,"href":"https:\/\/store.shelterofmine.com\/es\/wp-json\/wp\/v2\/product\/9918\/revisions\/14197"}],"wp:featuredmedia":[{"embeddable":true,"href":"https:\/\/store.shelterofmine.com\/es\/wp-json\/wp\/v2\/media\/9922"}],"wp:attachment":[{"href":"https:\/\/store.shelterofmine.com\/es\/wp-json\/wp\/v2\/media?parent=9918"}],"wp:term":[{"taxonomy":"product_cat","embeddable":true,"href":"https:\/\/store.shelterofmine.com\/es\/wp-json\/wp\/v2\/product_cat?post=9918"},{"taxonomy":"product_tag","embeddable":true,"href":"https:\/\/store.shelterofmine.com\/es\/wp-json\/wp\/v2\/product_tag?post=9918"}],"curies":[{"name":"wp","href":"https:\/\/api.w.org\/{rel}","templated":true}]}}