{"id":9938,"date":"2023-12-27T12:17:54","date_gmt":"2023-12-27T11:17:54","guid":{"rendered":"https:\/\/store.shelterofmine.com\/?post_type=product&#038;p=9938"},"modified":"2023-12-27T12:48:57","modified_gmt":"2023-12-27T11:48:57","slug":"lunatic-soul-cd-impressions-edicion-2019-kopia-kopia-kopia-kopia-kopia","status":"publish","type":"product","link":"https:\/\/store.shelterofmine.com\/es\/produkt\/lunatic-soul-cd-impressions-edicion-2019-kopia-kopia-kopia-kopia-kopia\/","title":{"rendered":"Behemoth, The Satanist 2LP feat. Micha\u0142 \u0141apaj"},"content":{"rendered":"<ol class=\"track_list\">\n<li style=\"list-style-type: none;\">\n<ol class=\"track_list\">\n<li style=\"list-style-type: none;\">\n<ol class=\"track_list\">\n<li style=\"list-style-type: none;\">\n<ol class=\"track_list\">\u00abThe Satanist\u00bb fue producido por Behemoth, los hermanos Wieslawski y Daniel Bergstrand en Hertz Studio. El \u00e1lbum fue mezclado por Matt Hyde (Slayer) y masterizado por Ted Jensen (Metallica, AC\/DC) en Sterling Sound. La portada de El satanista fue pintada por el artista y ocultista ruso Denis Forkas (denisforkas.com). La pintura que us\u00f3 conten\u00eda sangre de Nergal. El dise\u00f1o adicional corri\u00f3 a cargo de Metastazis (Paradise Lost, etc.) y Zbigniew Bielak (Watain, Ghost).<\/ol>\n<\/li>\n<\/ol>\n<\/li>\n<\/ol>\n<\/li>\n<\/ol>\n<ol class=\"track_list\">\n<li style=\"list-style-type: none;\">\n<ol class=\"track_list\">\n<li style=\"list-style-type: none;\">\n<ol class=\"track_list\">Nergal comenta: \u00abS\u00ed, nos ha llevado mucho tiempo realizar este proyecto. E hicimos todo lo posible por comunicar nuestra visi\u00f3n con la mayor claridad. Hemos cruzado el Rubic\u00f3n. \u00abBlow Your Trumpets Gabriel\u00bb es una manifestaci\u00f3n ext\u00e1tica de nuestra voluntad art\u00edstica sin trabas, con la que nos atrevemos a trascender las limitaciones del g\u00e9nero musical heavy metal. Y esto es s\u00f3lo el principio&#8230;\u00bb<\/ol>\n<\/li>\n<\/ol>\n<\/li>\n<\/ol>\n<p>&nbsp;<\/p>\n","protected":false},"excerpt":{"rendered":"<p>1. Toca las trompetas Gabriel<br \/>\n2 Furor Divinus<br \/>\n3. Messe Noire<br \/>\n4 Ora Pro Nobis Lucifer<br \/>\n5. am\u00e9n<br \/>\n6 El satanista<br \/>\n7\u00ba Ben Sahar<br \/>\n8. en ausencia de luz<br \/>\n9. \u00a1Oh Padre, oh Sat\u00e1n, oh Sol!<\/p>\n<ol class=\"track_list\">\n<li style=\"list-style-type: none;\">\n<ol class=\"track_list\">\n<li style=\"list-style-type: none;\">\n<ol class=\"track_list\">\n<li style=\"list-style-type: none;\">\n<ol class=\"track_list\">\n<li style=\"list-style-type: none;\">\n<ol class=\"track_list\">\n<li style=\"list-style-type: none;\">\n<ol class=\"track_list\">\n<li style=\"list-style-type: none;\">\n<ol class=\"track_list\">\n<li style=\"list-style-type: none;\">\n<\/li>\n<\/ol>\n<\/li>\n<\/ol>\n<\/li>\n<\/ol>\n<\/li>\n<\/ol>\n<\/li>\n<\/ol>\n<ol class=\"track_list\">\n<li style=\"list-style-type: none;\">\n<ol class=\"track_list\">\n<li style=\"list-style-type: none;\">\n<\/li>\n<\/ol>\n<\/li>\n<\/ol>\n<\/li>\n<\/ol>\n<\/li>\n<\/ol>\n","protected":false},"featured_media":9932,"template":"","meta":{"site-sidebar-layout":"default","site-content-layout":"default","ast-site-content-layout":"default","site-content-style":"default","site-sidebar-style":"default","ast-global-header-display":"","ast-banner-title-visibility":"","ast-main-header-display":"","ast-hfb-above-header-display":"","ast-hfb-below-header-display":"","ast-hfb-mobile-header-display":"","site-post-title":"","ast-breadcrumbs-content":"","ast-featured-img":"","footer-sml-layout":"","theme-transparent-header-meta":"default","adv-header-id-meta":"","stick-header-meta":"","header-above-stick-meta":"","header-main-stick-meta":"","header-below-stick-meta":"","astra-migrate-meta-layouts":"default","ast-page-background-enabled":"default","ast-page-background-meta":{"desktop":{"background-color":"","background-image":"","background-repeat":"repeat","background-position":"center center","background-size":"auto","background-attachment":"scroll","background-type":"","background-media":"","overlay-type":"","overlay-color":"","overlay-gradient":""},"tablet":{"background-color":"","background-image":"","background-repeat":"repeat","background-position":"center center","background-size":"auto","background-attachment":"scroll","background-type":"","background-media":"","overlay-type":"","overlay-color":"","overlay-gradient":""},"mobile":{"background-color":"","background-image":"","background-repeat":"repeat","background-position":"center center","background-size":"auto","background-attachment":"scroll","background-type":"","background-media":"","overlay-type":"","overlay-color":"","overlay-gradient":""}},"ast-content-background-meta":{"desktop":{"background-color":"var(--ast-global-color-5)","background-image":"","background-repeat":"repeat","background-position":"center center","background-size":"auto","background-attachment":"scroll","background-type":"","background-media":"","overlay-type":"","overlay-color":"","overlay-gradient":""},"tablet":{"background-color":"var(--ast-global-color-5)","background-image":"","background-repeat":"repeat","background-position":"center center","background-size":"auto","background-attachment":"scroll","background-type":"","background-media":"","overlay-type":"","overlay-color":"","overlay-gradient":""},"mobile":{"background-color":"var(--ast-global-color-5)","background-image":"","background-repeat":"repeat","background-position":"center center","background-size":"auto","background-attachment":"scroll","background-type":"","background-media":"","overlay-type":"","overlay-color":"","overlay-gradient":""}}},"product_cat":[15],"product_tag":[],"class_list":{"0":"post-9938","1":"product","2":"type-product","3":"status-publish","4":"has-post-thumbnail","6":"product_cat-bez-kategorii","7":"desktop-align-left","8":"tablet-align-left","9":"mobile-align-left","11":"first","12":"instock","13":"shipping-taxable","14":"purchasable","15":"product-type-simple"},"_links":{"self":[{"href":"https:\/\/store.shelterofmine.com\/es\/wp-json\/wp\/v2\/product\/9938","targetHints":{"allow":["GET"]}}],"collection":[{"href":"https:\/\/store.shelterofmine.com\/es\/wp-json\/wp\/v2\/product"}],"about":[{"href":"https:\/\/store.shelterofmine.com\/es\/wp-json\/wp\/v2\/types\/product"}],"version-history":[{"count":1,"href":"https:\/\/store.shelterofmine.com\/es\/wp-json\/wp\/v2\/product\/9938\/revisions"}],"predecessor-version":[{"id":9964,"href":"https:\/\/store.shelterofmine.com\/es\/wp-json\/wp\/v2\/product\/9938\/revisions\/9964"}],"wp:featuredmedia":[{"embeddable":true,"href":"https:\/\/store.shelterofmine.com\/es\/wp-json\/wp\/v2\/media\/9932"}],"wp:attachment":[{"href":"https:\/\/store.shelterofmine.com\/es\/wp-json\/wp\/v2\/media?parent=9938"}],"wp:term":[{"taxonomy":"product_cat","embeddable":true,"href":"https:\/\/store.shelterofmine.com\/es\/wp-json\/wp\/v2\/product_cat?post=9938"},{"taxonomy":"product_tag","embeddable":true,"href":"https:\/\/store.shelterofmine.com\/es\/wp-json\/wp\/v2\/product_tag?post=9938"}],"curies":[{"name":"wp","href":"https:\/\/api.w.org\/{rel}","templated":true}]}}